{"id":5252,"date":"2022-01-19T17:39:24","date_gmt":"2022-01-19T20:39:24","guid":{"rendered":"https:\/\/pruebaalpha.org\/?page_id=5252"},"modified":"2023-03-20T14:57:25","modified_gmt":"2023-03-20T17:57:25","slug":"descripcion-de-la-sala-de-espera-alphanow","status":"publish","type":"page","link":"https:\/\/pruebaalpha.org\/en\/descripcion-de-la-sala-de-espera-alphanow\/","title":{"rendered":"Descripci\u00f3n de la sala de espera &#8211; AlphaNow"},"content":{"rendered":"<div data-elementor-type=\"wp-page\" data-elementor-id=\"5252\" class=\"elementor elementor-5252\" data-elementor-settings=\"{&quot;element_pack_global_tooltip_width&quot;:{&quot;unit&quot;:&quot;px&quot;,&quot;size&quot;:&quot;&quot;,&quot;sizes&quot;:[]},&quot;element_pack_global_tooltip_width_tablet&quot;:{&quot;unit&quot;:&quot;px&quot;,&quot;size&quot;:&quot;&quot;,&quot;sizes&quot;:[]},&quot;element_pack_global_tooltip_width_mobile&quot;:{&quot;unit&quot;:&quot;px&quot;,&quot;size&quot;:&quot;&quot;,&quot;sizes&quot;:[]},&quot;element_pack_global_tooltip_padding&quot;:{&quot;unit&quot;:&quot;px&quot;,&quot;top&quot;:&quot;&quot;,&quot;right&quot;:&quot;&quot;,&quot;bottom&quot;:&quot;&quot;,&quot;left&quot;:&quot;&quot;,&quot;isLinked&quot;:true},&quot;element_pack_global_tooltip_padding_tablet&quot;:{&quot;unit&quot;:&quot;px&quot;,&quot;top&quot;:&quot;&quot;,&quot;right&quot;:&quot;&quot;,&quot;bottom&quot;:&quot;&quot;,&quot;left&quot;:&quot;&quot;,&quot;isLinked&quot;:true},&quot;element_pack_global_tooltip_padding_mobile&quot;:{&quot;unit&quot;:&quot;px&quot;,&quot;top&quot;:&quot;&quot;,&quot;right&quot;:&quot;&quot;,&quot;bottom&quot;:&quot;&quot;,&quot;left&quot;:&quot;&quot;,&quot;isLinked&quot;:true},&quot;element_pack_global_tooltip_border_radius&quot;:{&quot;unit&quot;:&quot;px&quot;,&quot;top&quot;:&quot;&quot;,&quot;right&quot;:&quot;&quot;,&quot;bottom&quot;:&quot;&quot;,&quot;left&quot;:&quot;&quot;,&quot;isLinked&quot;:true},&quot;element_pack_global_tooltip_border_radius_tablet&quot;:{&quot;unit&quot;:&quot;px&quot;,&quot;top&quot;:&quot;&quot;,&quot;right&quot;:&quot;&quot;,&quot;bottom&quot;:&quot;&quot;,&quot;left&quot;:&quot;&quot;,&quot;isLinked&quot;:true},&quot;element_pack_global_tooltip_border_radius_mobile&quot;:{&quot;unit&quot;:&quot;px&quot;,&quot;top&quot;:&quot;&quot;,&quot;right&quot;:&quot;&quot;,&quot;bottom&quot;:&quot;&quot;,&quot;left&quot;:&quot;&quot;,&quot;isLinked&quot;:true}}\" data-elementor-post-type=\"page\">\n\t\t\t\t\t\t<section class=\"has_eae_slider elementor-section elementor-top-section elementor-element elementor-element-54d3d7c elementor-section-height-min-height elementor-section-boxed elementor-section-height-default elementor-section-items-middle\" data-eae-slider=\"20812\" data-id=\"54d3d7c\" data-element_type=\"section\" data-e-type=\"section\" data-settings=\"{&quot;background_background&quot;:&quot;classic&quot;}\">\n\t\t\t\t\t\t<div class=\"elementor-container elementor-column-gap-default\">\n\t\t\t\t\t<div class=\"has_eae_slider elementor-column elementor-col-100 elementor-top-column elementor-element elementor-element-c9a39ca\" data-eae-slider=\"80950\" data-id=\"c9a39ca\" data-element_type=\"column\" data-e-type=\"column\">\n\t\t\t<div class=\"elementor-widget-wrap\">\n\t\t\t\t\t\t\t<\/div>\n\t\t<\/div>\n\t\t\t\t\t<\/div>\n\t\t<\/section>\n\t\t\t\t<section class=\"has_eae_slider elementor-section elementor-top-section elementor-element elementor-element-35828672 elementor-section-boxed elementor-section-height-default elementor-section-height-default\" data-eae-slider=\"93087\" data-id=\"35828672\" data-element_type=\"section\" data-e-type=\"section\">\n\t\t\t\t\t\t<div class=\"elementor-container elementor-column-gap-default\">\n\t\t\t\t\t<div class=\"has_eae_slider elementor-column elementor-col-100 elementor-top-column elementor-element elementor-element-6b8a8733\" data-eae-slider=\"82687\" data-id=\"6b8a8733\" data-element_type=\"column\" data-e-type=\"column\">\n\t\t\t<div class=\"elementor-widget-wrap elementor-element-populated\">\n\t\t\t\t\t\t<div class=\"elementor-element elementor-element-4bff9156 elementor-widget elementor-widget-text-editor\" data-id=\"4bff9156\" data-element_type=\"widget\" data-e-type=\"widget\" data-widget_type=\"text-editor.default\">\n\t\t\t\t<div class=\"elementor-widget-container\">\n\t\t\t\t\t\t\t\t\t<p>\u00a0<\/p><p><a href=\"http:\/\/pruebaalpha.org\/en\/ayudaalphanow\/\">Centro de Ayuda <\/a><a href=\"http:\/\/pruebaalpha.org\/en\/ayudaalphanow\/\">AlphaNow\u00a0<\/a>\u00bb\u00a0<a href=\"https:\/\/pruebaalpha.org\/en\/experimentandoalphanow\/\">Experimenta AlphaNow<\/a> \u00bb Descripci\u00f3n de sala de espera (anfitri\u00f3n y administrador)<\/p><h2>\u00a0<\/h2><h2 style=\"text-align: center;\"><strong><span class=\"TextRun MacChromeBold SCXW221714474 BCX0\" lang=\"ES-ES\" xml:lang=\"ES-ES\" data-contrast=\"none\"><span class=\"NormalTextRun SCXW221714474 BCX0\" data-ccp-parastyle=\"heading 2\">Descripci\u00f3n<\/span><span class=\"NormalTextRun SCXW221714474 BCX0\" data-ccp-parastyle=\"heading 2\">\u00a0the<\/span><span class=\"NormalTextRun SCXW221714474 BCX0\" data-ccp-parastyle=\"heading 2\">\u00a0la\u00a0<\/span><span class=\"NormalTextRun SCXW221714474 BCX0\" data-ccp-parastyle=\"heading 2\">s<\/span><span class=\"NormalTextRun SCXW221714474 BCX0\" data-ccp-parastyle=\"heading 2\">ala de espera<\/span><\/span><span class=\"EOP SCXW221714474 BCX0\" data-ccp-props=\"{&quot;201341983&quot;:0,&quot;335559738&quot;:40,&quot;335559739&quot;:0,&quot;335559740&quot;:259}\">\u00a0<\/span><\/strong><\/h2>\t\t\t\t\t\t\t\t<\/div>\n\t\t\t\t<\/div>\n\t\t\t\t<div class=\"elementor-element elementor-element-c0f22ae elementor-widget elementor-widget-image\" data-id=\"c0f22ae\" data-element_type=\"widget\" data-e-type=\"widget\" data-widget_type=\"image.default\">\n\t\t\t\t<div class=\"elementor-widget-container\">\n\t\t\t\t\t\t\t\t\t\t\t\t\t\t\t<img fetchpriority=\"high\" decoding=\"async\" width=\"1024\" height=\"415\" src=\"https:\/\/pruebaalpha.org\/wp-content\/uploads\/2022\/01\/Captura-de-Pantalla-2022-01-18-a-las-14.46.27-1024x415.png\" class=\"attachment-large size-large wp-image-5155\" alt=\"\" srcset=\"https:\/\/pruebaalpha.org\/wp-content\/uploads\/2022\/01\/Captura-de-Pantalla-2022-01-18-a-las-14.46.27-1024x415.png 1024w, https:\/\/pruebaalpha.org\/wp-content\/uploads\/2022\/01\/Captura-de-Pantalla-2022-01-18-a-las-14.46.27-300x122.png 300w, https:\/\/pruebaalpha.org\/wp-content\/uploads\/2022\/01\/Captura-de-Pantalla-2022-01-18-a-las-14.46.27-768x312.png 768w, https:\/\/pruebaalpha.org\/wp-content\/uploads\/2022\/01\/Captura-de-Pantalla-2022-01-18-a-las-14.46.27-1536x623.png 1536w, https:\/\/pruebaalpha.org\/wp-content\/uploads\/2022\/01\/Captura-de-Pantalla-2022-01-18-a-las-14.46.27-2048x831.png 2048w, https:\/\/pruebaalpha.org\/wp-content\/uploads\/2022\/01\/Captura-de-Pantalla-2022-01-18-a-las-14.46.27-370x150.png 370w, https:\/\/pruebaalpha.org\/wp-content\/uploads\/2022\/01\/Captura-de-Pantalla-2022-01-18-a-las-14.46.27-760x308.png 760w\" sizes=\"(max-width: 1024px) 100vw, 1024px\" \/>\t\t\t\t\t\t\t\t\t\t\t\t\t\t\t<\/div>\n\t\t\t\t<\/div>\n\t\t\t\t<div class=\"elementor-element elementor-element-ca7e53a elementor-widget elementor-widget-text-editor\" data-id=\"ca7e53a\" data-element_type=\"widget\" data-e-type=\"widget\" data-widget_type=\"text-editor.default\">\n\t\t\t\t<div class=\"elementor-widget-container\">\n\t\t\t\t\t\t\t\t\t<p><\/p>\n<p><br><\/p>\n<h5><span data-contrast=\"none\">Una vez que los anfitriones se unan a la&nbsp;Sala de espera,&nbsp;ver\u00e1n una descripci\u00f3n general de cada grupo;&nbsp;el n\u00famero de&nbsp;invitados;&nbsp;cuantos se han unido hasta&nbsp;el momento;&nbsp;el estado de la sesi\u00f3n y los&nbsp;nombres de los&nbsp;dem<\/span><span data-contrast=\"none\">\u00e1s&nbsp;<\/span><span data-contrast=\"none\">anfitriones.&nbsp;<\/span><\/h5>\n<h5><span data-contrast=\"none\">Los&nbsp;nombres de los&nbsp;anfitriones presentes&nbsp;aparecer\u00e1n&nbsp;en verde&nbsp;con&nbsp;una marca al&nbsp;lado de su nombre.&nbsp;&nbsp;&nbsp;<\/span><span data-ccp-props=\"{&quot;201341983&quot;:0,&quot;335559739&quot;:160,&quot;335559740&quot;:259}\">&nbsp;<\/span><\/h5>\n<h5><span data-contrast=\"none\">El&nbsp;bot\u00f3n<\/span><i><span data-contrast=\"none\">&nbsp;Iniciar&nbsp;sesi\u00f3n<\/span><\/i><span data-contrast=\"none\">&nbsp;solo se activar\u00e1 una vez que haya&nbsp;por lo menos&nbsp;dos participantes&nbsp;m\u00e1s en&nbsp;la&nbsp;Sala de espera.&nbsp;<\/span><span data-ccp-props=\"{&quot;201341983&quot;:0,&quot;335559739&quot;:160,&quot;335559740&quot;:259}\">&nbsp;<\/span><\/h5>\n<p><br><\/p>\n<h5><b><span data-contrast=\"none\">Preguntas m\u00e1s frecuentes<\/span><\/b><span data-contrast=\"none\">&nbsp;<\/span><span data-ccp-props=\"{&quot;201341983&quot;:0,&quot;335559739&quot;:160,&quot;335559740&quot;:259}\">&nbsp;<\/span><\/h5>\n<h5><b><span data-contrast=\"none\">\u00bfLos&nbsp;administradores tienen la capacidad de&nbsp;iniciar todos los grupos peque\u00f1os a la vez?&nbsp;<\/span><\/b><span data-ccp-props=\"{&quot;201341983&quot;:0,&quot;335559739&quot;:160,&quot;335559740&quot;:259}\">&nbsp;<\/span><\/h5>\n<ul>\n<li data-leveltext=\"\uf0b7\" data-font=\"Symbol\" data-listid=\"1\" aria-setsize=\"-1\" data-aria-posinset=\"1\" data-aria-level=\"1\">\n<h5><span data-contrast=\"none\">No, los&nbsp;administradores&nbsp;y&nbsp;anfitriones solo son responsables del grupo&nbsp;peque\u00f1o&nbsp;del&nbsp;cual&nbsp;forman parte.&nbsp;Por ende,&nbsp;un administrador solo puede&nbsp;iniciar&nbsp;la&nbsp;sesi\u00f3n&nbsp;de su&nbsp;grupo peque\u00f1o.&nbsp;Otros grupos peque\u00f1os permanecer\u00e1n en la sala de espera hasta que sus respectivos anfitriones inicien sus sesiones.<\/span><span data-ccp-props=\"{&quot;134233279&quot;:true,&quot;201341983&quot;:0,&quot;335559739&quot;:160,&quot;335559740&quot;:259}\">&nbsp;<\/span><\/h5>\n<\/li>\n<\/ul>\n<p><br><\/p>\t\t\t\t\t\t\t\t<\/div>\n\t\t\t\t<\/div>\n\t\t\t\t<div class=\"elementor-element elementor-element-0c2d146 elementor-widget elementor-widget-spacer\" data-id=\"0c2d146\" data-element_type=\"widget\" data-e-type=\"widget\" data-widget_type=\"spacer.default\">\n\t\t\t\t<div class=\"elementor-widget-container\">\n\t\t\t\t\t\t\t<div class=\"elementor-spacer\">\n\t\t\t<div class=\"elementor-spacer-inner\"><\/div>\n\t\t<\/div>\n\t\t\t\t\t\t<\/div>\n\t\t\t\t<\/div>\n\t\t\t\t\t<\/div>\n\t\t<\/div>\n\t\t\t\t\t<\/div>\n\t\t<\/section>\n\t\t\t\t<\/div>","protected":false},"excerpt":{"rendered":"<p>\u00a0 Centro de Ayuda AlphaNow\u00a0\u00bb\u00a0Experimenta AlphaNow \u00bb Descripci\u00f3n de sala de espera (anfitri\u00f3n y administrador) \u00a0 Descripci\u00f3n\u00a0de\u00a0la\u00a0sala de espera\u00a0 Una vez que los anfitriones se unan a la&nbsp;Sala de espera,&nbsp;ver\u00e1n&hellip;<\/p>","protected":false},"author":6,"featured_media":0,"parent":0,"menu_order":0,"comment_status":"closed","ping_status":"closed","template":"","meta":{"_monsterinsights_skip_tracking":false,"_monsterinsights_sitenote_active":false,"_monsterinsights_sitenote_note":"","_monsterinsights_sitenote_category":0,"footnotes":""},"class_list":["post-5252","page","type-page","status-publish","hentry"],"yoast_head":"<!-- This site is optimized with the Yoast SEO plugin v27.4 - https:\/\/yoast.com\/product\/yoast-seo-wordpress\/ -->\n<title>Descripci\u00f3n de la sala de espera - AlphaNow - Alpha LAC<\/title>\n<meta name=\"robots\" content=\"index, follow, max-snippet:-1, max-image-preview:large, max-video-preview:-1\" \/>\n<link rel=\"canonical\" href=\"https:\/\/pruebaalpha.org\/en\/descripcion-de-la-sala-de-espera-alphanow\/\" \/>\n<meta name=\"twitter:card\" content=\"summary_large_image\" \/>\n<meta name=\"twitter:title\" content=\"Descripci\u00f3n de la sala de espera - AlphaNow - Alpha LAC\" \/>\n<meta name=\"twitter:description\" content=\"\u00a0 Centro de Ayuda AlphaNow\u00a0\u00bb\u00a0Experimenta AlphaNow \u00bb Descripci\u00f3n de sala de espera (anfitri\u00f3n y administrador) \u00a0 Descripci\u00f3n\u00a0de\u00a0la\u00a0sala de espera\u00a0 Una vez que los anfitriones se unan a la&nbsp;Sala de espera,&nbsp;ver\u00e1n&hellip;\" \/>\n<meta name=\"twitter:image\" content=\"https:\/\/pruebaalpha.org\/wp-content\/uploads\/2022\/01\/Captura-de-Pantalla-2022-01-18-a-las-14.46.27-1024x415.png\" \/>\n<meta name=\"twitter:site\" content=\"@AlphaLatam\" \/>\n<meta name=\"twitter:label1\" content=\"Est. reading time\" \/>\n\t<meta name=\"twitter:data1\" content=\"1 minute\" \/>\n<script type=\"application\/ld+json\" class=\"yoast-schema-graph\">{\"@context\":\"https:\\\/\\\/schema.org\",\"@graph\":[{\"@type\":\"WebPage\",\"@id\":\"https:\\\/\\\/pruebaalpha.org\\\/descripcion-de-la-sala-de-espera-alphanow\\\/\",\"url\":\"https:\\\/\\\/pruebaalpha.org\\\/descripcion-de-la-sala-de-espera-alphanow\\\/\",\"name\":\"Descripci\u00f3n de la sala de espera - AlphaNow - Alpha LAC\",\"isPartOf\":{\"@id\":\"https:\\\/\\\/pruebaalpha.org\\\/#website\"},\"primaryImageOfPage\":{\"@id\":\"https:\\\/\\\/pruebaalpha.org\\\/descripcion-de-la-sala-de-espera-alphanow\\\/#primaryimage\"},\"image\":{\"@id\":\"https:\\\/\\\/pruebaalpha.org\\\/descripcion-de-la-sala-de-espera-alphanow\\\/#primaryimage\"},\"thumbnailUrl\":\"https:\\\/\\\/pruebaalpha.org\\\/wp-content\\\/uploads\\\/2022\\\/01\\\/Captura-de-Pantalla-2022-01-18-a-las-14.46.27-1024x415.png\",\"datePublished\":\"2022-01-19T20:39:24+00:00\",\"dateModified\":\"2023-03-20T17:57:25+00:00\",\"breadcrumb\":{\"@id\":\"https:\\\/\\\/pruebaalpha.org\\\/descripcion-de-la-sala-de-espera-alphanow\\\/#breadcrumb\"},\"inLanguage\":\"en-US\",\"potentialAction\":[{\"@type\":\"ReadAction\",\"target\":[\"https:\\\/\\\/pruebaalpha.org\\\/descripcion-de-la-sala-de-espera-alphanow\\\/\"]}]},{\"@type\":\"ImageObject\",\"inLanguage\":\"en-US\",\"@id\":\"https:\\\/\\\/pruebaalpha.org\\\/descripcion-de-la-sala-de-espera-alphanow\\\/#primaryimage\",\"url\":\"https:\\\/\\\/pruebaalpha.org\\\/wp-content\\\/uploads\\\/2022\\\/01\\\/Captura-de-Pantalla-2022-01-18-a-las-14.46.27-1024x415.png\",\"contentUrl\":\"https:\\\/\\\/pruebaalpha.org\\\/wp-content\\\/uploads\\\/2022\\\/01\\\/Captura-de-Pantalla-2022-01-18-a-las-14.46.27-1024x415.png\"},{\"@type\":\"BreadcrumbList\",\"@id\":\"https:\\\/\\\/pruebaalpha.org\\\/descripcion-de-la-sala-de-espera-alphanow\\\/#breadcrumb\",\"itemListElement\":[{\"@type\":\"ListItem\",\"position\":1,\"name\":\"Home\",\"item\":\"https:\\\/\\\/pruebaalpha.org\\\/\"},{\"@type\":\"ListItem\",\"position\":2,\"name\":\"Descripci\u00f3n de la sala de espera &#8211; AlphaNow\"}]},{\"@type\":\"WebSite\",\"@id\":\"https:\\\/\\\/pruebaalpha.org\\\/#website\",\"url\":\"https:\\\/\\\/pruebaalpha.org\\\/\",\"name\":\"Alpha LATAM\",\"description\":\"Alpha es una serie de sesiones interactivas donde puedes explorar libremente lo b\u00e1sico de la fe cristiana. No hay presi\u00f3n, obligaci\u00f3n ni costo.\",\"publisher\":{\"@id\":\"https:\\\/\\\/pruebaalpha.org\\\/#organization\"},\"potentialAction\":[{\"@type\":\"SearchAction\",\"target\":{\"@type\":\"EntryPoint\",\"urlTemplate\":\"https:\\\/\\\/pruebaalpha.org\\\/?s={search_term_string}\"},\"query-input\":{\"@type\":\"PropertyValueSpecification\",\"valueRequired\":true,\"valueName\":\"search_term_string\"}}],\"inLanguage\":\"en-US\"},{\"@type\":\"Organization\",\"@id\":\"https:\\\/\\\/pruebaalpha.org\\\/#organization\",\"name\":\"Alpha LATAM\",\"url\":\"https:\\\/\\\/pruebaalpha.org\\\/\",\"logo\":{\"@type\":\"ImageObject\",\"inLanguage\":\"en-US\",\"@id\":\"https:\\\/\\\/pruebaalpha.org\\\/#\\\/schema\\\/logo\\\/image\\\/\",\"url\":\"https:\\\/\\\/pruebaalpha.org\\\/wp-content\\\/uploads\\\/2021\\\/08\\\/Alpha-Logo_Red.png\",\"contentUrl\":\"https:\\\/\\\/pruebaalpha.org\\\/wp-content\\\/uploads\\\/2021\\\/08\\\/Alpha-Logo_Red.png\",\"width\":2426,\"height\":2190,\"caption\":\"Alpha LATAM\"},\"image\":{\"@id\":\"https:\\\/\\\/pruebaalpha.org\\\/#\\\/schema\\\/logo\\\/image\\\/\"},\"sameAs\":[\"https:\\\/\\\/www.facebook.com\\\/alphaenespanol\",\"https:\\\/\\\/x.com\\\/AlphaLatam\",\"https:\\\/\\\/www.instagram.com\\\/alphaenespanol\",\"https:\\\/\\\/www.youtube.com\\\/@AlphaenEspanol\"]}]}<\/script>\n<!-- \/ Yoast SEO plugin. -->","yoast_head_json":{"title":"Descripci\u00f3n de la sala de espera - AlphaNow - Alpha LAC","robots":{"index":"index","follow":"follow","max-snippet":"max-snippet:-1","max-image-preview":"max-image-preview:large","max-video-preview":"max-video-preview:-1"},"canonical":"https:\/\/pruebaalpha.org\/en\/descripcion-de-la-sala-de-espera-alphanow\/","twitter_card":"summary_large_image","twitter_title":"Descripci\u00f3n de la sala de espera - AlphaNow - Alpha LAC","twitter_description":"\u00a0 Centro de Ayuda AlphaNow\u00a0\u00bb\u00a0Experimenta AlphaNow \u00bb Descripci\u00f3n de sala de espera (anfitri\u00f3n y administrador) \u00a0 Descripci\u00f3n\u00a0de\u00a0la\u00a0sala de espera\u00a0 Una vez que los anfitriones se unan a la&nbsp;Sala de espera,&nbsp;ver\u00e1n&hellip;","twitter_image":"https:\/\/pruebaalpha.org\/wp-content\/uploads\/2022\/01\/Captura-de-Pantalla-2022-01-18-a-las-14.46.27-1024x415.png","twitter_site":"@AlphaLatam","twitter_misc":{"Est. reading time":"1 minute"},"schema":{"@context":"https:\/\/schema.org","@graph":[{"@type":"WebPage","@id":"https:\/\/pruebaalpha.org\/descripcion-de-la-sala-de-espera-alphanow\/","url":"https:\/\/pruebaalpha.org\/descripcion-de-la-sala-de-espera-alphanow\/","name":"Descripci\u00f3n de la sala de espera - AlphaNow - Alpha LAC","isPartOf":{"@id":"https:\/\/pruebaalpha.org\/#website"},"primaryImageOfPage":{"@id":"https:\/\/pruebaalpha.org\/descripcion-de-la-sala-de-espera-alphanow\/#primaryimage"},"image":{"@id":"https:\/\/pruebaalpha.org\/descripcion-de-la-sala-de-espera-alphanow\/#primaryimage"},"thumbnailUrl":"https:\/\/pruebaalpha.org\/wp-content\/uploads\/2022\/01\/Captura-de-Pantalla-2022-01-18-a-las-14.46.27-1024x415.png","datePublished":"2022-01-19T20:39:24+00:00","dateModified":"2023-03-20T17:57:25+00:00","breadcrumb":{"@id":"https:\/\/pruebaalpha.org\/descripcion-de-la-sala-de-espera-alphanow\/#breadcrumb"},"inLanguage":"en-US","potentialAction":[{"@type":"ReadAction","target":["https:\/\/pruebaalpha.org\/descripcion-de-la-sala-de-espera-alphanow\/"]}]},{"@type":"ImageObject","inLanguage":"en-US","@id":"https:\/\/pruebaalpha.org\/descripcion-de-la-sala-de-espera-alphanow\/#primaryimage","url":"https:\/\/pruebaalpha.org\/wp-content\/uploads\/2022\/01\/Captura-de-Pantalla-2022-01-18-a-las-14.46.27-1024x415.png","contentUrl":"https:\/\/pruebaalpha.org\/wp-content\/uploads\/2022\/01\/Captura-de-Pantalla-2022-01-18-a-las-14.46.27-1024x415.png"},{"@type":"BreadcrumbList","@id":"https:\/\/pruebaalpha.org\/descripcion-de-la-sala-de-espera-alphanow\/#breadcrumb","itemListElement":[{"@type":"ListItem","position":1,"name":"Home","item":"https:\/\/pruebaalpha.org\/"},{"@type":"ListItem","position":2,"name":"Descripci\u00f3n de la sala de espera &#8211; AlphaNow"}]},{"@type":"WebSite","@id":"https:\/\/pruebaalpha.org\/#website","url":"https:\/\/pruebaalpha.org\/","name":"Alpha LATAM","description":"Alpha es una serie de sesiones interactivas donde puedes explorar libremente lo b\u00e1sico de la fe cristiana. No hay presi\u00f3n, obligaci\u00f3n ni costo.","publisher":{"@id":"https:\/\/pruebaalpha.org\/#organization"},"potentialAction":[{"@type":"SearchAction","target":{"@type":"EntryPoint","urlTemplate":"https:\/\/pruebaalpha.org\/?s={search_term_string}"},"query-input":{"@type":"PropertyValueSpecification","valueRequired":true,"valueName":"search_term_string"}}],"inLanguage":"en-US"},{"@type":"Organization","@id":"https:\/\/pruebaalpha.org\/#organization","name":"Alpha LATAM","url":"https:\/\/pruebaalpha.org\/","logo":{"@type":"ImageObject","inLanguage":"en-US","@id":"https:\/\/pruebaalpha.org\/#\/schema\/logo\/image\/","url":"https:\/\/pruebaalpha.org\/wp-content\/uploads\/2021\/08\/Alpha-Logo_Red.png","contentUrl":"https:\/\/pruebaalpha.org\/wp-content\/uploads\/2021\/08\/Alpha-Logo_Red.png","width":2426,"height":2190,"caption":"Alpha LATAM"},"image":{"@id":"https:\/\/pruebaalpha.org\/#\/schema\/logo\/image\/"},"sameAs":["https:\/\/www.facebook.com\/alphaenespanol","https:\/\/x.com\/AlphaLatam","https:\/\/www.instagram.com\/alphaenespanol","https:\/\/www.youtube.com\/@AlphaenEspanol"]}]}},"_links":{"self":[{"href":"https:\/\/pruebaalpha.org\/en\/wp-json\/wp\/v2\/pages\/5252","targetHints":{"allow":["GET"]}}],"collection":[{"href":"https:\/\/pruebaalpha.org\/en\/wp-json\/wp\/v2\/pages"}],"about":[{"href":"https:\/\/pruebaalpha.org\/en\/wp-json\/wp\/v2\/types\/page"}],"author":[{"embeddable":true,"href":"https:\/\/pruebaalpha.org\/en\/wp-json\/wp\/v2\/users\/6"}],"replies":[{"embeddable":true,"href":"https:\/\/pruebaalpha.org\/en\/wp-json\/wp\/v2\/comments?post=5252"}],"version-history":[{"count":0,"href":"https:\/\/pruebaalpha.org\/en\/wp-json\/wp\/v2\/pages\/5252\/revisions"}],"wp:attachment":[{"href":"https:\/\/pruebaalpha.org\/en\/wp-json\/wp\/v2\/media?parent=5252"}],"curies":[{"name":"wp","href":"https:\/\/api.w.org\/{rel}","templated":true}]}}