{"id":5246,"date":"2022-01-19T16:54:21","date_gmt":"2022-01-19T19:54:21","guid":{"rendered":"https:\/\/pruebaalpha.org\/?page_id=5246"},"modified":"2023-03-20T16:36:46","modified_gmt":"2023-03-20T19:36:46","slug":"modo-de-datos-alphanow","status":"publish","type":"page","link":"https:\/\/pruebaalpha.org\/en\/modo-de-datos-alphanow\/","title":{"rendered":"Modo de datos &#8211; AlphaNow"},"content":{"rendered":"<div data-elementor-type=\"wp-page\" data-elementor-id=\"5246\" class=\"elementor elementor-5246\" data-elementor-settings=\"{&quot;element_pack_global_tooltip_width&quot;:{&quot;unit&quot;:&quot;px&quot;,&quot;size&quot;:&quot;&quot;,&quot;sizes&quot;:[]},&quot;element_pack_global_tooltip_width_tablet&quot;:{&quot;unit&quot;:&quot;px&quot;,&quot;size&quot;:&quot;&quot;,&quot;sizes&quot;:[]},&quot;element_pack_global_tooltip_width_mobile&quot;:{&quot;unit&quot;:&quot;px&quot;,&quot;size&quot;:&quot;&quot;,&quot;sizes&quot;:[]},&quot;element_pack_global_tooltip_padding&quot;:{&quot;unit&quot;:&quot;px&quot;,&quot;top&quot;:&quot;&quot;,&quot;right&quot;:&quot;&quot;,&quot;bottom&quot;:&quot;&quot;,&quot;left&quot;:&quot;&quot;,&quot;isLinked&quot;:true},&quot;element_pack_global_tooltip_padding_tablet&quot;:{&quot;unit&quot;:&quot;px&quot;,&quot;top&quot;:&quot;&quot;,&quot;right&quot;:&quot;&quot;,&quot;bottom&quot;:&quot;&quot;,&quot;left&quot;:&quot;&quot;,&quot;isLinked&quot;:true},&quot;element_pack_global_tooltip_padding_mobile&quot;:{&quot;unit&quot;:&quot;px&quot;,&quot;top&quot;:&quot;&quot;,&quot;right&quot;:&quot;&quot;,&quot;bottom&quot;:&quot;&quot;,&quot;left&quot;:&quot;&quot;,&quot;isLinked&quot;:true},&quot;element_pack_global_tooltip_border_radius&quot;:{&quot;unit&quot;:&quot;px&quot;,&quot;top&quot;:&quot;&quot;,&quot;right&quot;:&quot;&quot;,&quot;bottom&quot;:&quot;&quot;,&quot;left&quot;:&quot;&quot;,&quot;isLinked&quot;:true},&quot;element_pack_global_tooltip_border_radius_tablet&quot;:{&quot;unit&quot;:&quot;px&quot;,&quot;top&quot;:&quot;&quot;,&quot;right&quot;:&quot;&quot;,&quot;bottom&quot;:&quot;&quot;,&quot;left&quot;:&quot;&quot;,&quot;isLinked&quot;:true},&quot;element_pack_global_tooltip_border_radius_mobile&quot;:{&quot;unit&quot;:&quot;px&quot;,&quot;top&quot;:&quot;&quot;,&quot;right&quot;:&quot;&quot;,&quot;bottom&quot;:&quot;&quot;,&quot;left&quot;:&quot;&quot;,&quot;isLinked&quot;:true}}\" data-elementor-post-type=\"page\">\n\t\t\t\t\t\t<section class=\"has_eae_slider elementor-section elementor-top-section elementor-element elementor-element-3600f19 elementor-section-height-min-height elementor-section-boxed elementor-section-height-default elementor-section-items-middle\" data-eae-slider=\"32762\" data-id=\"3600f19\" data-element_type=\"section\" data-e-type=\"section\" data-settings=\"{&quot;background_background&quot;:&quot;classic&quot;}\">\n\t\t\t\t\t\t<div class=\"elementor-container elementor-column-gap-default\">\n\t\t\t\t\t<div class=\"has_eae_slider elementor-column elementor-col-100 elementor-top-column elementor-element elementor-element-33bd6fd\" data-eae-slider=\"68928\" data-id=\"33bd6fd\" data-element_type=\"column\" data-e-type=\"column\">\n\t\t\t<div class=\"elementor-widget-wrap\">\n\t\t\t\t\t\t\t<\/div>\n\t\t<\/div>\n\t\t\t\t\t<\/div>\n\t\t<\/section>\n\t\t\t\t<section class=\"has_eae_slider elementor-section elementor-top-section elementor-element elementor-element-5f74043d elementor-section-boxed elementor-section-height-default elementor-section-height-default\" data-eae-slider=\"32809\" data-id=\"5f74043d\" data-element_type=\"section\" data-e-type=\"section\">\n\t\t\t\t\t\t<div class=\"elementor-container elementor-column-gap-default\">\n\t\t\t\t\t<div class=\"has_eae_slider elementor-column elementor-col-100 elementor-top-column elementor-element elementor-element-7f2cb6d2\" data-eae-slider=\"75583\" data-id=\"7f2cb6d2\" data-element_type=\"column\" data-e-type=\"column\">\n\t\t\t<div class=\"elementor-widget-wrap elementor-element-populated\">\n\t\t\t\t\t\t<div class=\"elementor-element elementor-element-9dad907 elementor-widget elementor-widget-text-editor\" data-id=\"9dad907\" data-element_type=\"widget\" data-e-type=\"widget\" data-widget_type=\"text-editor.default\">\n\t\t\t\t<div class=\"elementor-widget-container\">\n\t\t\t\t\t\t\t\t\t<div class=\"wpb_text_column wpb_content_element\"><div class=\"wpb_wrapper\"><p>\u00a0<\/p><p><a href=\"http:\/\/pruebaalpha.org\/en\/ayudaalphanow\/\">Centro de Ayuda\u00a0<\/a><a href=\"http:\/\/pruebaalpha.org\/en\/ayudaalphanow\/\">AlphaNow\u00a0<\/a>\u00bb\u00a0<a href=\"https:\/\/pruebaalpha.org\/en\/experimentandoalphanow\/\">Experimenta AlphaNow<\/a> \u00bb Modo de datos<\/p><\/div><\/div><h2 aria-level=\"1\">\u00a0<\/h2><h2 style=\"text-align: center;\" aria-level=\"1\"><strong>Modos de datos\u00a0<\/strong><\/h2><h5><span data-contrast=\"none\">Los usuarios pueden\u00a0elegir modos de datos m\u00e1s bajos\u00a0que\u00a0son menos costosos,\u00a0lo cual es\u00a0particularmente\u00a0\u00fatil\u00a0para aquellos que viven\u00a0en\u00a0regiones donde\u00a0el costo de los datos m\u00f3viles es\u00a0elevado. Los modos de datos se pueden cambiar en la\u00a0pantalla de vista previa\u00a0antes\u00a0de unirse\u00a0a\u00a0una sesi\u00f3n, o pueden ser configurados\u00a0durante la sesi\u00f3n.\u00a0Al cambiar tu modo de datos,\u00a0la calidad del video Alpha y del video grupal durante la sesi\u00f3n\u00a0se ver<\/span><span data-contrast=\"none\">\u00e1\u00a0afectada.<\/span><span data-contrast=\"none\">\u00a0<\/span><span data-ccp-props=\"{&quot;201341983&quot;:0,&quot;335559739&quot;:160,&quot;335559740&quot;:259}\">\u00a0<\/span><\/h5>\t\t\t\t\t\t\t\t<\/div>\n\t\t\t\t<\/div>\n\t\t\t\t<section class=\"has_eae_slider elementor-section elementor-inner-section elementor-element elementor-element-1f86803 elementor-section-boxed elementor-section-height-default elementor-section-height-default\" data-eae-slider=\"21913\" data-id=\"1f86803\" data-element_type=\"section\" data-e-type=\"section\">\n\t\t\t\t\t\t<div class=\"elementor-container elementor-column-gap-default\">\n\t\t\t\t\t<div class=\"has_eae_slider elementor-column elementor-col-33 elementor-inner-column elementor-element elementor-element-91085cc\" data-eae-slider=\"87588\" data-id=\"91085cc\" data-element_type=\"column\" data-e-type=\"column\">\n\t\t\t<div class=\"elementor-widget-wrap\">\n\t\t\t\t\t\t\t<\/div>\n\t\t<\/div>\n\t\t\t\t<div class=\"has_eae_slider elementor-column elementor-col-33 elementor-inner-column elementor-element elementor-element-e42f244\" data-eae-slider=\"62396\" data-id=\"e42f244\" data-element_type=\"column\" data-e-type=\"column\">\n\t\t\t<div class=\"elementor-widget-wrap elementor-element-populated\">\n\t\t\t\t\t\t<div class=\"elementor-element elementor-element-998260d elementor-widget elementor-widget-image\" data-id=\"998260d\" data-element_type=\"widget\" data-e-type=\"widget\" data-widget_type=\"image.default\">\n\t\t\t\t<div class=\"elementor-widget-container\">\n\t\t\t\t\t\t\t\t\t\t\t\t\t\t\t<img fetchpriority=\"high\" decoding=\"async\" width=\"513\" height=\"1024\" src=\"https:\/\/pruebaalpha.org\/wp-content\/uploads\/2022\/01\/IMG_6912-e1642620793755-513x1024.png\" class=\"attachment-large size-large wp-image-5237\" alt=\"\" srcset=\"https:\/\/pruebaalpha.org\/wp-content\/uploads\/2022\/01\/IMG_6912-e1642620793755-513x1024.png 513w, https:\/\/pruebaalpha.org\/wp-content\/uploads\/2022\/01\/IMG_6912-e1642620793755-150x300.png 150w, https:\/\/pruebaalpha.org\/wp-content\/uploads\/2022\/01\/IMG_6912-e1642620793755-768x1533.png 768w, https:\/\/pruebaalpha.org\/wp-content\/uploads\/2022\/01\/IMG_6912-e1642620793755-769x1536.png 769w, https:\/\/pruebaalpha.org\/wp-content\/uploads\/2022\/01\/IMG_6912-e1642620793755-370x739.png 370w, https:\/\/pruebaalpha.org\/wp-content\/uploads\/2022\/01\/IMG_6912-e1642620793755-760x1517.png 760w, https:\/\/pruebaalpha.org\/wp-content\/uploads\/2022\/01\/IMG_6912-e1642620793755.png 828w\" sizes=\"(max-width: 513px) 100vw, 513px\" \/>\t\t\t\t\t\t\t\t\t\t\t\t\t\t\t<\/div>\n\t\t\t\t<\/div>\n\t\t\t\t\t<\/div>\n\t\t<\/div>\n\t\t\t\t<div class=\"has_eae_slider elementor-column elementor-col-33 elementor-inner-column elementor-element elementor-element-aac12f4\" data-eae-slider=\"81410\" data-id=\"aac12f4\" data-element_type=\"column\" data-e-type=\"column\">\n\t\t\t<div class=\"elementor-widget-wrap\">\n\t\t\t\t\t\t\t<\/div>\n\t\t<\/div>\n\t\t\t\t\t<\/div>\n\t\t<\/section>\n\t\t\t\t<div class=\"elementor-element elementor-element-d1bcd0b elementor-widget elementor-widget-text-editor\" data-id=\"d1bcd0b\" data-element_type=\"widget\" data-e-type=\"widget\" data-widget_type=\"text-editor.default\">\n\t\t\t\t<div class=\"elementor-widget-container\">\n\t\t\t\t\t\t\t\t\t<section class=\"wpb-content-wrapper\"><div class=\"vc_row wpb_row vc_row-fluid\"><div class=\"wpb_column vc_column_container vc_col-sm-12 sc_layouts_column_icons_position_left\"><div class=\"vc_column-inner\"><div class=\"wpb_wrapper\"><div class=\"wpb_text_column wpb_content_element\"><div class=\"wpb_wrapper\"><h5><span data-contrast=\"none\">\u00a0<\/span><\/h5><h5><span data-contrast=\"none\">Haz clic en el bot\u00f3n\u00a0<\/span><i><span data-contrast=\"none\">M\u00e1s<\/span><\/i><span data-contrast=\"none\">\u00a0en la esquina inferior derecha de la pantalla.\u00a0<\/span><span data-ccp-props=\"{&quot;201341983&quot;:0,&quot;335559739&quot;:160,&quot;335559740&quot;:259}\">\u00a0<\/span><\/h5><h5><b><span data-contrast=\"none\"><span class=\"icon-right\">\u00a0<\/span>El modo est\u00e1ndar<\/span><\/b><span data-contrast=\"none\">\u00a0\u00a0<\/span><br \/><span data-contrast=\"none\">Este modo te permite tener la mejor calidad de audio y video\u00a0posible\u00a0para tu video grupal.\u00a0El\u00a0video del episodio\u00a0de Alpha\u00a0se mostrar\u00e1\u00a0en una resoluci\u00f3n de 720p.\u00a0\u00a0\u00a0\u00a0<\/span><span data-ccp-props=\"{&quot;201341983&quot;:0,&quot;335559739&quot;:160,&quot;335559740&quot;:259}\">\u00a0<\/span><\/h5><h5>\u00a0<\/h5><h5><b><span data-contrast=\"none\"><span class=\"icon-right\">\u00a0<\/span>El modo bajo<\/span><\/b><span data-contrast=\"none\">\u00a0\u00a0<\/span><span data-ccp-props=\"{&quot;201341983&quot;:0,&quot;335559739&quot;:160,&quot;335559740&quot;:259}\">\u00a0<\/span><\/h5><h5><span data-contrast=\"none\">El modo bajo reduce la calidad del video para tu video grupal.\u00a0<\/span><span data-contrast=\"none\">El\u00a0video de Alpha\u00a0se mostrar\u00e1\u00a0en una resoluci\u00f3n de 360p.\u00a0\u00a0\u00a0\u00a0<\/span><span data-ccp-props=\"{&quot;201341983&quot;:0,&quot;335559739&quot;:160,&quot;335559740&quot;:259}\">\u00a0<\/span><\/h5><p>\u00a0<\/p><h5><b><span data-contrast=\"none\"><span class=\"icon-right\">\u00a0<\/span>El modo m\u00e1s bajo<\/span><\/b><span data-contrast=\"none\">\u00a0\u00a0<\/span><br \/><span data-contrast=\"none\">Este modo elimina tu salida de\u00a0video y comparte solamente tu\u00a0audio.\u00a0<\/span><span data-ccp-props=\"{&quot;201341983&quot;:0,&quot;335559739&quot;:160,&quot;335559740&quot;:259}\">\u00a0<\/span><span data-contrast=\"none\">El video de Alpha se mostrar\u00e1 en una resoluci\u00f3n de 360p.\u00a0<\/span><span data-ccp-props=\"{&quot;201341983&quot;:0,&quot;335559739&quot;:160,&quot;335559740&quot;:259}\">\u00a0<\/span><\/h5><h5>\u00a0<\/h5><h5><b><span data-contrast=\"none\">Desglose de los modos\u00a0de datos:\u00a0<\/span><\/b><span data-ccp-props=\"{&quot;201341983&quot;:0,&quot;335559739&quot;:160,&quot;335559740&quot;:259}\">\u00a0<\/span><\/h5><table data-tablestyle=\"MsoTableGrid\" data-tablelook=\"1696\" aria-rowcount=\"4\"><tbody><tr aria-rowindex=\"1\"><td data-celllook=\"0\"><h5><b><span data-contrast=\"auto\">Modo de datos\u00a0\u00a0<\/span><\/b><span data-ccp-props=\"{&quot;201341983&quot;:0,&quot;335559740&quot;:259}\">\u00a0<\/span><\/h5><\/td><td data-celllook=\"0\"><h5><b><span data-contrast=\"auto\">Calidad de video Alpha<\/span><\/b><span data-ccp-props=\"{&quot;201341983&quot;:0,&quot;335559740&quot;:259}\">\u00a0<\/span><\/h5><\/td><td data-celllook=\"0\"><h5><b><span data-contrast=\"auto\">Calidad de video grupal\u00a0<\/span><\/b><span data-ccp-props=\"{&quot;201341983&quot;:0,&quot;335559740&quot;:259}\">\u00a0<\/span><\/h5><\/td><\/tr><tr aria-rowindex=\"2\"><td data-celllook=\"0\"><h5><span data-contrast=\"auto\">Est\u00e1ndar\u00a0<\/span><span data-ccp-props=\"{&quot;201341983&quot;:0,&quot;335559740&quot;:259}\">\u00a0<\/span><\/h5><\/td><td data-celllook=\"0\"><h5><span data-contrast=\"auto\">720p\u00a0<\/span><span data-ccp-props=\"{&quot;201341983&quot;:0,&quot;335559740&quot;:259}\">\u00a0<\/span><\/h5><\/td><td data-celllook=\"0\"><h5><span data-contrast=\"auto\">Mejor\u00a0posible<\/span><span data-ccp-props=\"{&quot;201341983&quot;:0,&quot;335559740&quot;:259}\">\u00a0<\/span><\/h5><\/td><\/tr><tr aria-rowindex=\"3\"><td data-celllook=\"0\"><h5><span data-contrast=\"auto\">Bajo\u00a0<\/span><span data-ccp-props=\"{&quot;201341983&quot;:0,&quot;335559740&quot;:259}\">\u00a0<\/span><\/h5><\/td><td data-celllook=\"0\"><h5><span data-contrast=\"auto\">360p\u00a0<\/span><span data-ccp-props=\"{&quot;201341983&quot;:0,&quot;335559740&quot;:259}\">\u00a0<\/span><\/h5><\/td><td data-celllook=\"0\"><h5><span data-contrast=\"auto\">Ancho de banda de resoluci\u00f3n reducida\u00a0<\/span><span data-ccp-props=\"{&quot;201341983&quot;:0,&quot;335559740&quot;:259}\">\u00a0<\/span><\/h5><\/td><\/tr><tr aria-rowindex=\"4\"><td data-celllook=\"0\"><h5><span data-contrast=\"auto\">M\u00e1s bajo\u00a0<\/span><span data-ccp-props=\"{&quot;201341983&quot;:0,&quot;335559740&quot;:259}\">\u00a0<\/span><\/h5><\/td><td data-celllook=\"0\"><h5><span data-contrast=\"auto\">360p\u00a0<\/span><span data-ccp-props=\"{&quot;201341983&quot;:0,&quot;335559740&quot;:259}\">\u00a0<\/span><\/h5><\/td><td data-celllook=\"0\"><h5><span data-contrast=\"auto\">No hay video\u00a0<\/span><span data-ccp-props=\"{&quot;201341983&quot;:0,&quot;335559740&quot;:259}\">\u00a0<\/span><\/h5><\/td><\/tr><\/tbody><\/table><h5>\u00a0\u00a0<\/h5><\/div><\/div><div class=\"wpb_text_column wpb_content_element\"><div class=\"wpb_wrapper\"><h5><b><span data-contrast=\"none\">Preguntas m\u00e1s frecuentes<\/span><\/b><span data-contrast=\"none\">\u00a0<\/span><span data-ccp-props=\"{&quot;201341983&quot;:0,&quot;335559739&quot;:160,&quot;335559740&quot;:259}\">\u00a0<\/span><\/h5><h5><b><span data-contrast=\"none\">\u00bfCu\u00e1nto\u00a0tiempo\u00a0dura una sesi\u00f3n de Alpha y\u00a0c\u00f3mo afecta eso\u00a0a mi uso de datos?<\/span><\/b><span data-contrast=\"none\">\u00a0<\/span><span data-ccp-props=\"{&quot;201341983&quot;:0,&quot;335559739&quot;:160,&quot;335559740&quot;:259}\">\u00a0<\/span><\/h5><h5><span data-contrast=\"none\">Una sesi\u00f3n t\u00edpica incluye 30 minutos del\u00a0video de Alpha y 45 minutos de\u00a0videollamada\u00a0con un grupo peque\u00f1o de 10 participantes. La cantidad de datos consumidos\u00a0depender\u00e1 de cu\u00e1nto tiempo dure tu sesi\u00f3n de Alpha y cu\u00e1ntos participantes haya en tu grupo peque\u00f1o.\u00a0<\/span><span data-ccp-props=\"{&quot;201341983&quot;:0,&quot;335559739&quot;:160,&quot;335559740&quot;:259}\">\u00a0<\/span><\/h5><h5><b><span data-contrast=\"none\">\u00bfPuedo cambiar mi modo de datos durante<\/span><\/b><span data-contrast=\"none\">\u00a0<\/span><b><span data-contrast=\"none\">la sesi\u00f3n?<\/span><\/b><span data-contrast=\"none\">\u00a0\u00a0<\/span><span data-ccp-props=\"{&quot;201341983&quot;:0,&quot;335559739&quot;:160,&quot;335559740&quot;:259}\">\u00a0<\/span><\/h5><h5><span data-contrast=\"none\">Si, puedes ir a\u00a0<\/span><i><span data-contrast=\"none\">Ajustes<\/span><\/i><span data-contrast=\"none\">\u00a0y cambiar\u00a0el\u00a0modo de datos. La\u00a0aplicaci\u00f3n se actualizar\u00e1\u00a0inmediatamente al\u00a0modo de datos seleccionado.<\/span><span data-ccp-props=\"{&quot;201341983&quot;:0,&quot;335559739&quot;:160,&quot;335559740&quot;:259}\">\u00a0<\/span>\u00a0<\/h5><\/div><\/div><\/div><\/div><\/div><\/div><\/section><div class=\"post_meta post_meta_single\">\u00a0<\/div>\t\t\t\t\t\t\t\t<\/div>\n\t\t\t\t<\/div>\n\t\t\t\t<div class=\"elementor-element elementor-element-50d87bb elementor-widget elementor-widget-spacer\" data-id=\"50d87bb\" data-element_type=\"widget\" data-e-type=\"widget\" data-widget_type=\"spacer.default\">\n\t\t\t\t<div class=\"elementor-widget-container\">\n\t\t\t\t\t\t\t<div class=\"elementor-spacer\">\n\t\t\t<div class=\"elementor-spacer-inner\"><\/div>\n\t\t<\/div>\n\t\t\t\t\t\t<\/div>\n\t\t\t\t<\/div>\n\t\t\t\t\t<\/div>\n\t\t<\/div>\n\t\t\t\t\t<\/div>\n\t\t<\/section>\n\t\t\t\t<\/div>","protected":false},"excerpt":{"rendered":"<p>\u00a0 Centro de Ayuda\u00a0AlphaNow\u00a0\u00bb\u00a0Experimenta AlphaNow \u00bb Modo de datos \u00a0 Modos de datos\u00a0 Los usuarios pueden\u00a0elegir modos de datos m\u00e1s bajos\u00a0que\u00a0son menos costosos,\u00a0lo cual es\u00a0particularmente\u00a0\u00fatil\u00a0para aquellos que viven\u00a0en\u00a0regiones donde\u00a0el costo&hellip;<\/p>","protected":false},"author":6,"featured_media":0,"parent":0,"menu_order":0,"comment_status":"closed","ping_status":"closed","template":"","meta":{"_monsterinsights_skip_tracking":false,"_monsterinsights_sitenote_active":false,"_monsterinsights_sitenote_note":"","_monsterinsights_sitenote_category":0,"footnotes":""},"class_list":["post-5246","page","type-page","status-publish","hentry"],"yoast_head":"<!-- This site is optimized with the Yoast SEO plugin v27.4 - https:\/\/yoast.com\/product\/yoast-seo-wordpress\/ -->\n<title>Modo de datos - AlphaNow - Alpha LAC<\/title>\n<meta name=\"robots\" content=\"index, follow, max-snippet:-1, max-image-preview:large, max-video-preview:-1\" \/>\n<link rel=\"canonical\" href=\"https:\/\/pruebaalpha.org\/en\/modo-de-datos-alphanow\/\" \/>\n<meta name=\"twitter:card\" content=\"summary_large_image\" \/>\n<meta name=\"twitter:title\" content=\"Modo de datos - AlphaNow - Alpha LAC\" \/>\n<meta name=\"twitter:description\" content=\"\u00a0 Centro de Ayuda\u00a0AlphaNow\u00a0\u00bb\u00a0Experimenta AlphaNow \u00bb Modo de datos \u00a0 Modos de datos\u00a0 Los usuarios pueden\u00a0elegir modos de datos m\u00e1s bajos\u00a0que\u00a0son menos costosos,\u00a0lo cual es\u00a0particularmente\u00a0\u00fatil\u00a0para aquellos que viven\u00a0en\u00a0regiones donde\u00a0el costo&hellip;\" \/>\n<meta name=\"twitter:image\" content=\"https:\/\/pruebaalpha.org\/wp-content\/uploads\/2022\/01\/IMG_6912-e1642620793755-513x1024.png\" \/>\n<meta name=\"twitter:site\" content=\"@AlphaLatam\" \/>\n<meta name=\"twitter:label1\" content=\"Est. reading time\" \/>\n\t<meta name=\"twitter:data1\" content=\"2 minutes\" \/>\n<script type=\"application\/ld+json\" class=\"yoast-schema-graph\">{\"@context\":\"https:\\\/\\\/schema.org\",\"@graph\":[{\"@type\":\"WebPage\",\"@id\":\"https:\\\/\\\/pruebaalpha.org\\\/modo-de-datos-alphanow\\\/\",\"url\":\"https:\\\/\\\/pruebaalpha.org\\\/modo-de-datos-alphanow\\\/\",\"name\":\"Modo de datos - AlphaNow - Alpha LAC\",\"isPartOf\":{\"@id\":\"https:\\\/\\\/pruebaalpha.org\\\/#website\"},\"primaryImageOfPage\":{\"@id\":\"https:\\\/\\\/pruebaalpha.org\\\/modo-de-datos-alphanow\\\/#primaryimage\"},\"image\":{\"@id\":\"https:\\\/\\\/pruebaalpha.org\\\/modo-de-datos-alphanow\\\/#primaryimage\"},\"thumbnailUrl\":\"https:\\\/\\\/pruebaalpha.org\\\/wp-content\\\/uploads\\\/2022\\\/01\\\/IMG_6912-e1642620793755-513x1024.png\",\"datePublished\":\"2022-01-19T19:54:21+00:00\",\"dateModified\":\"2023-03-20T19:36:46+00:00\",\"breadcrumb\":{\"@id\":\"https:\\\/\\\/pruebaalpha.org\\\/modo-de-datos-alphanow\\\/#breadcrumb\"},\"inLanguage\":\"en-US\",\"potentialAction\":[{\"@type\":\"ReadAction\",\"target\":[\"https:\\\/\\\/pruebaalpha.org\\\/modo-de-datos-alphanow\\\/\"]}]},{\"@type\":\"ImageObject\",\"inLanguage\":\"en-US\",\"@id\":\"https:\\\/\\\/pruebaalpha.org\\\/modo-de-datos-alphanow\\\/#primaryimage\",\"url\":\"https:\\\/\\\/pruebaalpha.org\\\/wp-content\\\/uploads\\\/2022\\\/01\\\/IMG_6912-e1642620793755-513x1024.png\",\"contentUrl\":\"https:\\\/\\\/pruebaalpha.org\\\/wp-content\\\/uploads\\\/2022\\\/01\\\/IMG_6912-e1642620793755-513x1024.png\"},{\"@type\":\"BreadcrumbList\",\"@id\":\"https:\\\/\\\/pruebaalpha.org\\\/modo-de-datos-alphanow\\\/#breadcrumb\",\"itemListElement\":[{\"@type\":\"ListItem\",\"position\":1,\"name\":\"Home\",\"item\":\"https:\\\/\\\/pruebaalpha.org\\\/\"},{\"@type\":\"ListItem\",\"position\":2,\"name\":\"Modo de datos &#8211; AlphaNow\"}]},{\"@type\":\"WebSite\",\"@id\":\"https:\\\/\\\/pruebaalpha.org\\\/#website\",\"url\":\"https:\\\/\\\/pruebaalpha.org\\\/\",\"name\":\"Alpha LATAM\",\"description\":\"Alpha es una serie de sesiones interactivas donde puedes explorar libremente lo b\u00e1sico de la fe cristiana. No hay presi\u00f3n, obligaci\u00f3n ni costo.\",\"publisher\":{\"@id\":\"https:\\\/\\\/pruebaalpha.org\\\/#organization\"},\"potentialAction\":[{\"@type\":\"SearchAction\",\"target\":{\"@type\":\"EntryPoint\",\"urlTemplate\":\"https:\\\/\\\/pruebaalpha.org\\\/?s={search_term_string}\"},\"query-input\":{\"@type\":\"PropertyValueSpecification\",\"valueRequired\":true,\"valueName\":\"search_term_string\"}}],\"inLanguage\":\"en-US\"},{\"@type\":\"Organization\",\"@id\":\"https:\\\/\\\/pruebaalpha.org\\\/#organization\",\"name\":\"Alpha LATAM\",\"url\":\"https:\\\/\\\/pruebaalpha.org\\\/\",\"logo\":{\"@type\":\"ImageObject\",\"inLanguage\":\"en-US\",\"@id\":\"https:\\\/\\\/pruebaalpha.org\\\/#\\\/schema\\\/logo\\\/image\\\/\",\"url\":\"https:\\\/\\\/pruebaalpha.org\\\/wp-content\\\/uploads\\\/2021\\\/08\\\/Alpha-Logo_Red.png\",\"contentUrl\":\"https:\\\/\\\/pruebaalpha.org\\\/wp-content\\\/uploads\\\/2021\\\/08\\\/Alpha-Logo_Red.png\",\"width\":2426,\"height\":2190,\"caption\":\"Alpha LATAM\"},\"image\":{\"@id\":\"https:\\\/\\\/pruebaalpha.org\\\/#\\\/schema\\\/logo\\\/image\\\/\"},\"sameAs\":[\"https:\\\/\\\/www.facebook.com\\\/alphaenespanol\",\"https:\\\/\\\/x.com\\\/AlphaLatam\",\"https:\\\/\\\/www.instagram.com\\\/alphaenespanol\",\"https:\\\/\\\/www.youtube.com\\\/@AlphaenEspanol\"]}]}<\/script>\n<!-- \/ Yoast SEO plugin. -->","yoast_head_json":{"title":"Modo de datos - AlphaNow - Alpha LAC","robots":{"index":"index","follow":"follow","max-snippet":"max-snippet:-1","max-image-preview":"max-image-preview:large","max-video-preview":"max-video-preview:-1"},"canonical":"https:\/\/pruebaalpha.org\/en\/modo-de-datos-alphanow\/","twitter_card":"summary_large_image","twitter_title":"Modo de datos - AlphaNow - Alpha LAC","twitter_description":"\u00a0 Centro de Ayuda\u00a0AlphaNow\u00a0\u00bb\u00a0Experimenta AlphaNow \u00bb Modo de datos \u00a0 Modos de datos\u00a0 Los usuarios pueden\u00a0elegir modos de datos m\u00e1s bajos\u00a0que\u00a0son menos costosos,\u00a0lo cual es\u00a0particularmente\u00a0\u00fatil\u00a0para aquellos que viven\u00a0en\u00a0regiones donde\u00a0el costo&hellip;","twitter_image":"https:\/\/pruebaalpha.org\/wp-content\/uploads\/2022\/01\/IMG_6912-e1642620793755-513x1024.png","twitter_site":"@AlphaLatam","twitter_misc":{"Est. reading time":"2 minutes"},"schema":{"@context":"https:\/\/schema.org","@graph":[{"@type":"WebPage","@id":"https:\/\/pruebaalpha.org\/modo-de-datos-alphanow\/","url":"https:\/\/pruebaalpha.org\/modo-de-datos-alphanow\/","name":"Modo de datos - AlphaNow - Alpha LAC","isPartOf":{"@id":"https:\/\/pruebaalpha.org\/#website"},"primaryImageOfPage":{"@id":"https:\/\/pruebaalpha.org\/modo-de-datos-alphanow\/#primaryimage"},"image":{"@id":"https:\/\/pruebaalpha.org\/modo-de-datos-alphanow\/#primaryimage"},"thumbnailUrl":"https:\/\/pruebaalpha.org\/wp-content\/uploads\/2022\/01\/IMG_6912-e1642620793755-513x1024.png","datePublished":"2022-01-19T19:54:21+00:00","dateModified":"2023-03-20T19:36:46+00:00","breadcrumb":{"@id":"https:\/\/pruebaalpha.org\/modo-de-datos-alphanow\/#breadcrumb"},"inLanguage":"en-US","potentialAction":[{"@type":"ReadAction","target":["https:\/\/pruebaalpha.org\/modo-de-datos-alphanow\/"]}]},{"@type":"ImageObject","inLanguage":"en-US","@id":"https:\/\/pruebaalpha.org\/modo-de-datos-alphanow\/#primaryimage","url":"https:\/\/pruebaalpha.org\/wp-content\/uploads\/2022\/01\/IMG_6912-e1642620793755-513x1024.png","contentUrl":"https:\/\/pruebaalpha.org\/wp-content\/uploads\/2022\/01\/IMG_6912-e1642620793755-513x1024.png"},{"@type":"BreadcrumbList","@id":"https:\/\/pruebaalpha.org\/modo-de-datos-alphanow\/#breadcrumb","itemListElement":[{"@type":"ListItem","position":1,"name":"Home","item":"https:\/\/pruebaalpha.org\/"},{"@type":"ListItem","position":2,"name":"Modo de datos &#8211; AlphaNow"}]},{"@type":"WebSite","@id":"https:\/\/pruebaalpha.org\/#website","url":"https:\/\/pruebaalpha.org\/","name":"Alpha LATAM","description":"Alpha es una serie de sesiones interactivas donde puedes explorar libremente lo b\u00e1sico de la fe cristiana. No hay presi\u00f3n, obligaci\u00f3n ni costo.","publisher":{"@id":"https:\/\/pruebaalpha.org\/#organization"},"potentialAction":[{"@type":"SearchAction","target":{"@type":"EntryPoint","urlTemplate":"https:\/\/pruebaalpha.org\/?s={search_term_string}"},"query-input":{"@type":"PropertyValueSpecification","valueRequired":true,"valueName":"search_term_string"}}],"inLanguage":"en-US"},{"@type":"Organization","@id":"https:\/\/pruebaalpha.org\/#organization","name":"Alpha LATAM","url":"https:\/\/pruebaalpha.org\/","logo":{"@type":"ImageObject","inLanguage":"en-US","@id":"https:\/\/pruebaalpha.org\/#\/schema\/logo\/image\/","url":"https:\/\/pruebaalpha.org\/wp-content\/uploads\/2021\/08\/Alpha-Logo_Red.png","contentUrl":"https:\/\/pruebaalpha.org\/wp-content\/uploads\/2021\/08\/Alpha-Logo_Red.png","width":2426,"height":2190,"caption":"Alpha LATAM"},"image":{"@id":"https:\/\/pruebaalpha.org\/#\/schema\/logo\/image\/"},"sameAs":["https:\/\/www.facebook.com\/alphaenespanol","https:\/\/x.com\/AlphaLatam","https:\/\/www.instagram.com\/alphaenespanol","https:\/\/www.youtube.com\/@AlphaenEspanol"]}]}},"_links":{"self":[{"href":"https:\/\/pruebaalpha.org\/en\/wp-json\/wp\/v2\/pages\/5246","targetHints":{"allow":["GET"]}}],"collection":[{"href":"https:\/\/pruebaalpha.org\/en\/wp-json\/wp\/v2\/pages"}],"about":[{"href":"https:\/\/pruebaalpha.org\/en\/wp-json\/wp\/v2\/types\/page"}],"author":[{"embeddable":true,"href":"https:\/\/pruebaalpha.org\/en\/wp-json\/wp\/v2\/users\/6"}],"replies":[{"embeddable":true,"href":"https:\/\/pruebaalpha.org\/en\/wp-json\/wp\/v2\/comments?post=5246"}],"version-history":[{"count":0,"href":"https:\/\/pruebaalpha.org\/en\/wp-json\/wp\/v2\/pages\/5246\/revisions"}],"wp:attachment":[{"href":"https:\/\/pruebaalpha.org\/en\/wp-json\/wp\/v2\/media?parent=5246"}],"curies":[{"name":"wp","href":"https:\/\/api.w.org\/{rel}","templated":true}]}}