{"id":5229,"date":"2022-01-19T15:54:57","date_gmt":"2022-01-19T18:54:57","guid":{"rendered":"https:\/\/pruebaalpha.org\/?page_id=5229"},"modified":"2023-03-20T12:03:24","modified_gmt":"2023-03-20T15:03:24","slug":"sala-de-espera-alphanow","status":"publish","type":"page","link":"https:\/\/pruebaalpha.org\/en\/sala-de-espera-alphanow\/","title":{"rendered":"Sala de espera &#8211; AlphaNow"},"content":{"rendered":"<div data-elementor-type=\"wp-page\" data-elementor-id=\"5229\" class=\"elementor elementor-5229\" data-elementor-settings=\"{&quot;element_pack_global_tooltip_width&quot;:{&quot;unit&quot;:&quot;px&quot;,&quot;size&quot;:&quot;&quot;,&quot;sizes&quot;:[]},&quot;element_pack_global_tooltip_width_tablet&quot;:{&quot;unit&quot;:&quot;px&quot;,&quot;size&quot;:&quot;&quot;,&quot;sizes&quot;:[]},&quot;element_pack_global_tooltip_width_mobile&quot;:{&quot;unit&quot;:&quot;px&quot;,&quot;size&quot;:&quot;&quot;,&quot;sizes&quot;:[]},&quot;element_pack_global_tooltip_padding&quot;:{&quot;unit&quot;:&quot;px&quot;,&quot;top&quot;:&quot;&quot;,&quot;right&quot;:&quot;&quot;,&quot;bottom&quot;:&quot;&quot;,&quot;left&quot;:&quot;&quot;,&quot;isLinked&quot;:true},&quot;element_pack_global_tooltip_padding_tablet&quot;:{&quot;unit&quot;:&quot;px&quot;,&quot;top&quot;:&quot;&quot;,&quot;right&quot;:&quot;&quot;,&quot;bottom&quot;:&quot;&quot;,&quot;left&quot;:&quot;&quot;,&quot;isLinked&quot;:true},&quot;element_pack_global_tooltip_padding_mobile&quot;:{&quot;unit&quot;:&quot;px&quot;,&quot;top&quot;:&quot;&quot;,&quot;right&quot;:&quot;&quot;,&quot;bottom&quot;:&quot;&quot;,&quot;left&quot;:&quot;&quot;,&quot;isLinked&quot;:true},&quot;element_pack_global_tooltip_border_radius&quot;:{&quot;unit&quot;:&quot;px&quot;,&quot;top&quot;:&quot;&quot;,&quot;right&quot;:&quot;&quot;,&quot;bottom&quot;:&quot;&quot;,&quot;left&quot;:&quot;&quot;,&quot;isLinked&quot;:true},&quot;element_pack_global_tooltip_border_radius_tablet&quot;:{&quot;unit&quot;:&quot;px&quot;,&quot;top&quot;:&quot;&quot;,&quot;right&quot;:&quot;&quot;,&quot;bottom&quot;:&quot;&quot;,&quot;left&quot;:&quot;&quot;,&quot;isLinked&quot;:true},&quot;element_pack_global_tooltip_border_radius_mobile&quot;:{&quot;unit&quot;:&quot;px&quot;,&quot;top&quot;:&quot;&quot;,&quot;right&quot;:&quot;&quot;,&quot;bottom&quot;:&quot;&quot;,&quot;left&quot;:&quot;&quot;,&quot;isLinked&quot;:true}}\" data-elementor-post-type=\"page\">\n\t\t\t\t\t\t<section class=\"has_eae_slider elementor-section elementor-top-section elementor-element elementor-element-ca37cb6 elementor-section-height-min-height elementor-section-boxed elementor-section-height-default elementor-section-items-middle\" data-eae-slider=\"18859\" data-id=\"ca37cb6\" data-element_type=\"section\" data-e-type=\"section\" data-settings=\"{&quot;background_background&quot;:&quot;classic&quot;}\">\n\t\t\t\t\t\t<div class=\"elementor-container elementor-column-gap-default\">\n\t\t\t\t\t<div class=\"has_eae_slider elementor-column elementor-col-100 elementor-top-column elementor-element elementor-element-092b906\" data-eae-slider=\"11950\" data-id=\"092b906\" data-element_type=\"column\" data-e-type=\"column\">\n\t\t\t<div class=\"elementor-widget-wrap\">\n\t\t\t\t\t\t\t<\/div>\n\t\t<\/div>\n\t\t\t\t\t<\/div>\n\t\t<\/section>\n\t\t\t\t<section class=\"has_eae_slider elementor-section elementor-top-section elementor-element elementor-element-6f04354d elementor-section-boxed elementor-section-height-default elementor-section-height-default\" data-eae-slider=\"68882\" data-id=\"6f04354d\" data-element_type=\"section\" data-e-type=\"section\">\n\t\t\t\t\t\t<div class=\"elementor-container elementor-column-gap-default\">\n\t\t\t\t\t<div class=\"has_eae_slider elementor-column elementor-col-100 elementor-top-column elementor-element elementor-element-59ff6a49\" data-eae-slider=\"31751\" data-id=\"59ff6a49\" data-element_type=\"column\" data-e-type=\"column\">\n\t\t\t<div class=\"elementor-widget-wrap elementor-element-populated\">\n\t\t\t\t\t\t<div class=\"elementor-element elementor-element-5739fb24 elementor-widget elementor-widget-text-editor\" data-id=\"5739fb24\" data-element_type=\"widget\" data-e-type=\"widget\" data-widget_type=\"text-editor.default\">\n\t\t\t\t<div class=\"elementor-widget-container\">\n\t\t\t\t\t\t\t\t\t<p>\u00a0<\/p><p><a href=\"http:\/\/pruebaalpha.org\/en\/ayudaalphanow\/\">Centro de Ayuda <\/a><a href=\"http:\/\/pruebaalpha.org\/en\/ayudaalphanow\/\">AlphaNow\u00a0<\/a>\u00bb\u00a0<a href=\"https:\/\/pruebaalpha.org\/en\/experimentandoalphanow\/\">Experimenta AlphaNow<\/a> \u00bb Sala de espera<\/p><h2 aria-level=\"2\">\u00a0<\/h2><h2 style=\"text-align: center;\" aria-level=\"2\"><strong>Sala de espera\u00a0<\/strong><\/h2><h5><span data-contrast=\"none\">La sala de espera es un espacio\u00a0temporal\u00a0donde los participantes esperan hasta que el administrador y\/o los anfitriones inician la sesi\u00f3n.\u00a0<\/span><span data-ccp-props=\"{&quot;201341983&quot;:0,&quot;335559739&quot;:160,&quot;335559740&quot;:259}\">\u00a0<\/span><\/h5><h5><b><span data-contrast=\"none\">Vista de\u00a0anfitriones (solo\u00a0visible\u00a0desde el\u00a0navegador web)<\/span><\/b><span data-contrast=\"none\">\u00a0<\/span><span data-ccp-props=\"{&quot;201341983&quot;:0,&quot;335559739&quot;:160,&quot;335559740&quot;:259}\">\u00a0<\/span><\/h5><h5><span data-contrast=\"none\">Cuando los anfitriones se\u00a0unan\u00a0a la sala de espera, ver\u00e1n\u00a0este pantallazo de la sala:<\/span><span data-ccp-props=\"{&quot;201341983&quot;:0,&quot;335559739&quot;:160,&quot;335559740&quot;:259}\">\u00a0<\/span><\/h5>\t\t\t\t\t\t\t\t<\/div>\n\t\t\t\t<\/div>\n\t\t\t\t<div class=\"elementor-element elementor-element-a31153d elementor-widget elementor-widget-image\" data-id=\"a31153d\" data-element_type=\"widget\" data-e-type=\"widget\" data-widget_type=\"image.default\">\n\t\t\t\t<div class=\"elementor-widget-container\">\n\t\t\t\t\t\t\t\t\t\t\t\t\t\t\t<img fetchpriority=\"high\" decoding=\"async\" width=\"1024\" height=\"395\" src=\"https:\/\/pruebaalpha.org\/wp-content\/uploads\/2022\/01\/Captura-de-Pantalla-2022-01-19-a-las-16.03.11-1024x395.png\" class=\"attachment-large size-large wp-image-5233\" alt=\"\" srcset=\"https:\/\/pruebaalpha.org\/wp-content\/uploads\/2022\/01\/Captura-de-Pantalla-2022-01-19-a-las-16.03.11-1024x395.png 1024w, https:\/\/pruebaalpha.org\/wp-content\/uploads\/2022\/01\/Captura-de-Pantalla-2022-01-19-a-las-16.03.11-300x116.png 300w, https:\/\/pruebaalpha.org\/wp-content\/uploads\/2022\/01\/Captura-de-Pantalla-2022-01-19-a-las-16.03.11-768x297.png 768w, https:\/\/pruebaalpha.org\/wp-content\/uploads\/2022\/01\/Captura-de-Pantalla-2022-01-19-a-las-16.03.11-1536x593.png 1536w, https:\/\/pruebaalpha.org\/wp-content\/uploads\/2022\/01\/Captura-de-Pantalla-2022-01-19-a-las-16.03.11-2048x791.png 2048w, https:\/\/pruebaalpha.org\/wp-content\/uploads\/2022\/01\/Captura-de-Pantalla-2022-01-19-a-las-16.03.11-370x143.png 370w, https:\/\/pruebaalpha.org\/wp-content\/uploads\/2022\/01\/Captura-de-Pantalla-2022-01-19-a-las-16.03.11-760x294.png 760w\" sizes=\"(max-width: 1024px) 100vw, 1024px\" \/>\t\t\t\t\t\t\t\t\t\t\t\t\t\t\t<\/div>\n\t\t\t\t<\/div>\n\t\t\t\t<div class=\"elementor-element elementor-element-b8b8acf elementor-widget elementor-widget-text-editor\" data-id=\"b8b8acf\" data-element_type=\"widget\" data-e-type=\"widget\" data-widget_type=\"text-editor.default\">\n\t\t\t\t<div class=\"elementor-widget-container\">\n\t\t\t\t\t\t\t\t\t<h5>\u00a0<\/h5><h5><span data-contrast=\"none\">Una vez que los anfitriones se\u00a0unan a la\u00a0sala de espera, ver\u00e1n una\u00a0breve\u00a0descripci\u00f3n<\/span><span data-contrast=\"none\">\u00a0<\/span><span data-contrast=\"none\">de cada grupo; el n\u00famero de participantes invitados<\/span><span data-contrast=\"none\">;<\/span><span data-contrast=\"none\">\u00a0cuantos se han unido hasta el momento;\u00a0el estado de la sesi\u00f3n y los nombres de los dem\u00e1s anfitriones.\u00a0Los nombres de los anfitriones\u00a0presentes aparecer\u00e1n\u00a0en verde, con una marca al lado de su nombre.\u00a0\u00a0<\/span><span data-ccp-props=\"{&quot;201341983&quot;:0,&quot;335559739&quot;:160,&quot;335559740&quot;:259}\">\u00a0<\/span><\/h5><h5><span data-contrast=\"none\">El bot\u00f3n\u00a0<\/span><i><span data-contrast=\"none\">Iniciar\u00a0sesi\u00f3n<\/span><\/i><span data-contrast=\"none\">\u00a0solo se activar\u00e1 una vez que haya un m\u00ednimo de dos participantes m\u00e1s\u00a0en\u00a0la\u00a0sala de espera.\u00a0\u00a0\u00a0<\/span><span data-ccp-props=\"{&quot;201341983&quot;:0,&quot;335559739&quot;:160,&quot;335559740&quot;:259}\">\u00a0<\/span><\/h5><h5><span data-ccp-props=\"{&quot;201341983&quot;:0,&quot;335559739&quot;:160,&quot;335559740&quot;:259}\">\u00a0<\/span><\/h5><h5><b><span data-contrast=\"none\">Vista de invitados<\/span><\/b><span data-contrast=\"none\">\u00a0<\/span><span data-ccp-props=\"{&quot;201341983&quot;:0,&quot;335559739&quot;:160,&quot;335559740&quot;:259}\">\u00a0<\/span><\/h5><h5><span data-contrast=\"none\">Al ingresar a\u00a0la sala de espera,\u00a0los invitados\u00a0ver\u00e1n la siguiente pantalla hasta que el anfitri\u00f3n comience la sesi\u00f3n<\/span><span data-contrast=\"none\">:<\/span><span data-ccp-props=\"{&quot;201341983&quot;:0,&quot;335559739&quot;:160,&quot;335559740&quot;:259}\">\u00a0<\/span><\/h5>\t\t\t\t\t\t\t\t<\/div>\n\t\t\t\t<\/div>\n\t\t\t\t<div class=\"elementor-element elementor-element-e36778e elementor-widget elementor-widget-image\" data-id=\"e36778e\" data-element_type=\"widget\" data-e-type=\"widget\" data-widget_type=\"image.default\">\n\t\t\t\t<div class=\"elementor-widget-container\">\n\t\t\t\t\t\t\t\t\t\t\t\t\t\t\t<img decoding=\"async\" width=\"1024\" height=\"326\" src=\"https:\/\/pruebaalpha.org\/wp-content\/uploads\/2022\/01\/Captura-de-Pantalla-2022-01-18-a-las-10.21.35-1024x326.png\" class=\"attachment-large size-large wp-image-5120\" alt=\"\" srcset=\"https:\/\/pruebaalpha.org\/wp-content\/uploads\/2022\/01\/Captura-de-Pantalla-2022-01-18-a-las-10.21.35-1024x326.png 1024w, https:\/\/pruebaalpha.org\/wp-content\/uploads\/2022\/01\/Captura-de-Pantalla-2022-01-18-a-las-10.21.35-300x95.png 300w, https:\/\/pruebaalpha.org\/wp-content\/uploads\/2022\/01\/Captura-de-Pantalla-2022-01-18-a-las-10.21.35-768x244.png 768w, https:\/\/pruebaalpha.org\/wp-content\/uploads\/2022\/01\/Captura-de-Pantalla-2022-01-18-a-las-10.21.35-1536x489.png 1536w, https:\/\/pruebaalpha.org\/wp-content\/uploads\/2022\/01\/Captura-de-Pantalla-2022-01-18-a-las-10.21.35-370x118.png 370w, https:\/\/pruebaalpha.org\/wp-content\/uploads\/2022\/01\/Captura-de-Pantalla-2022-01-18-a-las-10.21.35-760x242.png 760w, https:\/\/pruebaalpha.org\/wp-content\/uploads\/2022\/01\/Captura-de-Pantalla-2022-01-18-a-las-10.21.35.png 1728w\" sizes=\"(max-width: 1024px) 100vw, 1024px\" \/>\t\t\t\t\t\t\t\t\t\t\t\t\t\t\t<\/div>\n\t\t\t\t<\/div>\n\t\t\t\t<div class=\"elementor-element elementor-element-08d54fc elementor-widget elementor-widget-text-editor\" data-id=\"08d54fc\" data-element_type=\"widget\" data-e-type=\"widget\" data-widget_type=\"text-editor.default\">\n\t\t\t\t<div class=\"elementor-widget-container\">\n\t\t\t\t\t\t\t\t\t<h5><span class=\"TextRun SCXW16409615 BCX0\" lang=\"ES-ES\" xml:lang=\"ES-ES\" data-contrast=\"none\"><span class=\"NormalTextRun SCXW16409615 BCX0\">Al\u00a0<\/span><span class=\"NormalTextRun SCXW16409615 BCX0\">ingresar a\u00a0<\/span><span class=\"NormalTextRun SCXW16409615 BCX0\">la sala de espera,\u00a0<\/span><span class=\"NormalTextRun SCXW16409615 BCX0\">los invitados\u00a0<\/span><span class=\"NormalTextRun SCXW16409615 BCX0\">ver\u00e1<\/span><span class=\"NormalTextRun SCXW16409615 BCX0\">n<\/span><span class=\"NormalTextRun SCXW16409615 BCX0\">\u00a0la siguiente pantalla hasta que sea<\/span><span class=\"NormalTextRun SCXW16409615 BCX0\">n<\/span><span class=\"NormalTextRun SCXW16409615 BCX0\">\u00a0admitido<\/span><span class=\"NormalTextRun SCXW16409615 BCX0\">s<\/span><span class=\"NormalTextRun SCXW16409615 BCX0\">\u00a0a la sesi\u00f3n.\u00a0<\/span><span class=\"NormalTextRun SCXW16409615 BCX0\">Adem\u00e1s, podr\u00e1n ver<\/span><span class=\"NormalTextRun SCXW16409615 BCX0\">\u00a0el n\u00famero de invitados en espera.<\/span><span class=\"NormalTextRun SCXW16409615 BCX0\">\u00a0\u00a0<\/span><\/span><span class=\"EOP SCXW16409615 BCX0\" data-ccp-props=\"{&quot;201341983&quot;:0,&quot;335559739&quot;:160,&quot;335559740&quot;:259}\">\u00a0<\/span><\/h5>\t\t\t\t\t\t\t\t<\/div>\n\t\t\t\t<\/div>\n\t\t\t\t<div class=\"elementor-element elementor-element-d9502a6 elementor-widget elementor-widget-spacer\" data-id=\"d9502a6\" data-element_type=\"widget\" data-e-type=\"widget\" data-widget_type=\"spacer.default\">\n\t\t\t\t<div class=\"elementor-widget-container\">\n\t\t\t\t\t\t\t<div class=\"elementor-spacer\">\n\t\t\t<div class=\"elementor-spacer-inner\"><\/div>\n\t\t<\/div>\n\t\t\t\t\t\t<\/div>\n\t\t\t\t<\/div>\n\t\t\t\t\t<\/div>\n\t\t<\/div>\n\t\t\t\t\t<\/div>\n\t\t<\/section>\n\t\t\t\t<\/div>","protected":false},"excerpt":{"rendered":"<p>\u00a0 Centro de Ayuda AlphaNow\u00a0\u00bb\u00a0Experimenta AlphaNow \u00bb Sala de espera \u00a0 Sala de espera\u00a0 La sala de espera es un espacio\u00a0temporal\u00a0donde los participantes esperan hasta que el administrador y\/o los&hellip;<\/p>","protected":false},"author":6,"featured_media":0,"parent":0,"menu_order":0,"comment_status":"closed","ping_status":"closed","template":"","meta":{"_monsterinsights_skip_tracking":false,"_monsterinsights_sitenote_active":false,"_monsterinsights_sitenote_note":"","_monsterinsights_sitenote_category":0,"footnotes":""},"class_list":["post-5229","page","type-page","status-publish","hentry"],"yoast_head":"<!-- This site is optimized with the Yoast SEO plugin v27.4 - https:\/\/yoast.com\/product\/yoast-seo-wordpress\/ -->\n<title>Sala de espera - AlphaNow - Alpha LAC<\/title>\n<meta name=\"robots\" content=\"index, follow, max-snippet:-1, max-image-preview:large, max-video-preview:-1\" \/>\n<link rel=\"canonical\" href=\"https:\/\/pruebaalpha.org\/en\/sala-de-espera-alphanow\/\" \/>\n<meta name=\"twitter:card\" content=\"summary_large_image\" \/>\n<meta name=\"twitter:title\" content=\"Sala de espera - AlphaNow - Alpha LAC\" \/>\n<meta name=\"twitter:description\" content=\"\u00a0 Centro de Ayuda AlphaNow\u00a0\u00bb\u00a0Experimenta AlphaNow \u00bb Sala de espera \u00a0 Sala de espera\u00a0 La sala de espera es un espacio\u00a0temporal\u00a0donde los participantes esperan hasta que el administrador y\/o los&hellip;\" \/>\n<meta name=\"twitter:image\" content=\"https:\/\/pruebaalpha.org\/wp-content\/uploads\/2022\/01\/Captura-de-Pantalla-2022-01-19-a-las-16.03.11-1024x395.png\" \/>\n<meta name=\"twitter:site\" content=\"@AlphaLatam\" \/>\n<meta name=\"twitter:label1\" content=\"Est. reading time\" \/>\n\t<meta name=\"twitter:data1\" content=\"1 minute\" \/>\n<script type=\"application\/ld+json\" class=\"yoast-schema-graph\">{\"@context\":\"https:\\\/\\\/schema.org\",\"@graph\":[{\"@type\":\"WebPage\",\"@id\":\"https:\\\/\\\/pruebaalpha.org\\\/sala-de-espera-alphanow\\\/\",\"url\":\"https:\\\/\\\/pruebaalpha.org\\\/sala-de-espera-alphanow\\\/\",\"name\":\"Sala de espera - AlphaNow - Alpha LAC\",\"isPartOf\":{\"@id\":\"https:\\\/\\\/pruebaalpha.org\\\/#website\"},\"primaryImageOfPage\":{\"@id\":\"https:\\\/\\\/pruebaalpha.org\\\/sala-de-espera-alphanow\\\/#primaryimage\"},\"image\":{\"@id\":\"https:\\\/\\\/pruebaalpha.org\\\/sala-de-espera-alphanow\\\/#primaryimage\"},\"thumbnailUrl\":\"https:\\\/\\\/pruebaalpha.org\\\/wp-content\\\/uploads\\\/2022\\\/01\\\/Captura-de-Pantalla-2022-01-19-a-las-16.03.11-1024x395.png\",\"datePublished\":\"2022-01-19T18:54:57+00:00\",\"dateModified\":\"2023-03-20T15:03:24+00:00\",\"breadcrumb\":{\"@id\":\"https:\\\/\\\/pruebaalpha.org\\\/sala-de-espera-alphanow\\\/#breadcrumb\"},\"inLanguage\":\"en-US\",\"potentialAction\":[{\"@type\":\"ReadAction\",\"target\":[\"https:\\\/\\\/pruebaalpha.org\\\/sala-de-espera-alphanow\\\/\"]}]},{\"@type\":\"ImageObject\",\"inLanguage\":\"en-US\",\"@id\":\"https:\\\/\\\/pruebaalpha.org\\\/sala-de-espera-alphanow\\\/#primaryimage\",\"url\":\"https:\\\/\\\/pruebaalpha.org\\\/wp-content\\\/uploads\\\/2022\\\/01\\\/Captura-de-Pantalla-2022-01-19-a-las-16.03.11-1024x395.png\",\"contentUrl\":\"https:\\\/\\\/pruebaalpha.org\\\/wp-content\\\/uploads\\\/2022\\\/01\\\/Captura-de-Pantalla-2022-01-19-a-las-16.03.11-1024x395.png\"},{\"@type\":\"BreadcrumbList\",\"@id\":\"https:\\\/\\\/pruebaalpha.org\\\/sala-de-espera-alphanow\\\/#breadcrumb\",\"itemListElement\":[{\"@type\":\"ListItem\",\"position\":1,\"name\":\"Home\",\"item\":\"https:\\\/\\\/pruebaalpha.org\\\/\"},{\"@type\":\"ListItem\",\"position\":2,\"name\":\"Sala de espera &#8211; AlphaNow\"}]},{\"@type\":\"WebSite\",\"@id\":\"https:\\\/\\\/pruebaalpha.org\\\/#website\",\"url\":\"https:\\\/\\\/pruebaalpha.org\\\/\",\"name\":\"Alpha LATAM\",\"description\":\"Alpha es una serie de sesiones interactivas donde puedes explorar libremente lo b\u00e1sico de la fe cristiana. No hay presi\u00f3n, obligaci\u00f3n ni costo.\",\"publisher\":{\"@id\":\"https:\\\/\\\/pruebaalpha.org\\\/#organization\"},\"potentialAction\":[{\"@type\":\"SearchAction\",\"target\":{\"@type\":\"EntryPoint\",\"urlTemplate\":\"https:\\\/\\\/pruebaalpha.org\\\/?s={search_term_string}\"},\"query-input\":{\"@type\":\"PropertyValueSpecification\",\"valueRequired\":true,\"valueName\":\"search_term_string\"}}],\"inLanguage\":\"en-US\"},{\"@type\":\"Organization\",\"@id\":\"https:\\\/\\\/pruebaalpha.org\\\/#organization\",\"name\":\"Alpha LATAM\",\"url\":\"https:\\\/\\\/pruebaalpha.org\\\/\",\"logo\":{\"@type\":\"ImageObject\",\"inLanguage\":\"en-US\",\"@id\":\"https:\\\/\\\/pruebaalpha.org\\\/#\\\/schema\\\/logo\\\/image\\\/\",\"url\":\"https:\\\/\\\/pruebaalpha.org\\\/wp-content\\\/uploads\\\/2021\\\/08\\\/Alpha-Logo_Red.png\",\"contentUrl\":\"https:\\\/\\\/pruebaalpha.org\\\/wp-content\\\/uploads\\\/2021\\\/08\\\/Alpha-Logo_Red.png\",\"width\":2426,\"height\":2190,\"caption\":\"Alpha LATAM\"},\"image\":{\"@id\":\"https:\\\/\\\/pruebaalpha.org\\\/#\\\/schema\\\/logo\\\/image\\\/\"},\"sameAs\":[\"https:\\\/\\\/www.facebook.com\\\/alphaenespanol\",\"https:\\\/\\\/x.com\\\/AlphaLatam\",\"https:\\\/\\\/www.instagram.com\\\/alphaenespanol\",\"https:\\\/\\\/www.youtube.com\\\/@AlphaenEspanol\"]}]}<\/script>\n<!-- \/ Yoast SEO plugin. -->","yoast_head_json":{"title":"Sala de espera - AlphaNow - Alpha LAC","robots":{"index":"index","follow":"follow","max-snippet":"max-snippet:-1","max-image-preview":"max-image-preview:large","max-video-preview":"max-video-preview:-1"},"canonical":"https:\/\/pruebaalpha.org\/en\/sala-de-espera-alphanow\/","twitter_card":"summary_large_image","twitter_title":"Sala de espera - AlphaNow - Alpha LAC","twitter_description":"\u00a0 Centro de Ayuda AlphaNow\u00a0\u00bb\u00a0Experimenta AlphaNow \u00bb Sala de espera \u00a0 Sala de espera\u00a0 La sala de espera es un espacio\u00a0temporal\u00a0donde los participantes esperan hasta que el administrador y\/o los&hellip;","twitter_image":"https:\/\/pruebaalpha.org\/wp-content\/uploads\/2022\/01\/Captura-de-Pantalla-2022-01-19-a-las-16.03.11-1024x395.png","twitter_site":"@AlphaLatam","twitter_misc":{"Est. reading time":"1 minute"},"schema":{"@context":"https:\/\/schema.org","@graph":[{"@type":"WebPage","@id":"https:\/\/pruebaalpha.org\/sala-de-espera-alphanow\/","url":"https:\/\/pruebaalpha.org\/sala-de-espera-alphanow\/","name":"Sala de espera - AlphaNow - Alpha LAC","isPartOf":{"@id":"https:\/\/pruebaalpha.org\/#website"},"primaryImageOfPage":{"@id":"https:\/\/pruebaalpha.org\/sala-de-espera-alphanow\/#primaryimage"},"image":{"@id":"https:\/\/pruebaalpha.org\/sala-de-espera-alphanow\/#primaryimage"},"thumbnailUrl":"https:\/\/pruebaalpha.org\/wp-content\/uploads\/2022\/01\/Captura-de-Pantalla-2022-01-19-a-las-16.03.11-1024x395.png","datePublished":"2022-01-19T18:54:57+00:00","dateModified":"2023-03-20T15:03:24+00:00","breadcrumb":{"@id":"https:\/\/pruebaalpha.org\/sala-de-espera-alphanow\/#breadcrumb"},"inLanguage":"en-US","potentialAction":[{"@type":"ReadAction","target":["https:\/\/pruebaalpha.org\/sala-de-espera-alphanow\/"]}]},{"@type":"ImageObject","inLanguage":"en-US","@id":"https:\/\/pruebaalpha.org\/sala-de-espera-alphanow\/#primaryimage","url":"https:\/\/pruebaalpha.org\/wp-content\/uploads\/2022\/01\/Captura-de-Pantalla-2022-01-19-a-las-16.03.11-1024x395.png","contentUrl":"https:\/\/pruebaalpha.org\/wp-content\/uploads\/2022\/01\/Captura-de-Pantalla-2022-01-19-a-las-16.03.11-1024x395.png"},{"@type":"BreadcrumbList","@id":"https:\/\/pruebaalpha.org\/sala-de-espera-alphanow\/#breadcrumb","itemListElement":[{"@type":"ListItem","position":1,"name":"Home","item":"https:\/\/pruebaalpha.org\/"},{"@type":"ListItem","position":2,"name":"Sala de espera &#8211; AlphaNow"}]},{"@type":"WebSite","@id":"https:\/\/pruebaalpha.org\/#website","url":"https:\/\/pruebaalpha.org\/","name":"Alpha LATAM","description":"Alpha es una serie de sesiones interactivas donde puedes explorar libremente lo b\u00e1sico de la fe cristiana. No hay presi\u00f3n, obligaci\u00f3n ni costo.","publisher":{"@id":"https:\/\/pruebaalpha.org\/#organization"},"potentialAction":[{"@type":"SearchAction","target":{"@type":"EntryPoint","urlTemplate":"https:\/\/pruebaalpha.org\/?s={search_term_string}"},"query-input":{"@type":"PropertyValueSpecification","valueRequired":true,"valueName":"search_term_string"}}],"inLanguage":"en-US"},{"@type":"Organization","@id":"https:\/\/pruebaalpha.org\/#organization","name":"Alpha LATAM","url":"https:\/\/pruebaalpha.org\/","logo":{"@type":"ImageObject","inLanguage":"en-US","@id":"https:\/\/pruebaalpha.org\/#\/schema\/logo\/image\/","url":"https:\/\/pruebaalpha.org\/wp-content\/uploads\/2021\/08\/Alpha-Logo_Red.png","contentUrl":"https:\/\/pruebaalpha.org\/wp-content\/uploads\/2021\/08\/Alpha-Logo_Red.png","width":2426,"height":2190,"caption":"Alpha LATAM"},"image":{"@id":"https:\/\/pruebaalpha.org\/#\/schema\/logo\/image\/"},"sameAs":["https:\/\/www.facebook.com\/alphaenespanol","https:\/\/x.com\/AlphaLatam","https:\/\/www.instagram.com\/alphaenespanol","https:\/\/www.youtube.com\/@AlphaenEspanol"]}]}},"_links":{"self":[{"href":"https:\/\/pruebaalpha.org\/en\/wp-json\/wp\/v2\/pages\/5229","targetHints":{"allow":["GET"]}}],"collection":[{"href":"https:\/\/pruebaalpha.org\/en\/wp-json\/wp\/v2\/pages"}],"about":[{"href":"https:\/\/pruebaalpha.org\/en\/wp-json\/wp\/v2\/types\/page"}],"author":[{"embeddable":true,"href":"https:\/\/pruebaalpha.org\/en\/wp-json\/wp\/v2\/users\/6"}],"replies":[{"embeddable":true,"href":"https:\/\/pruebaalpha.org\/en\/wp-json\/wp\/v2\/comments?post=5229"}],"version-history":[{"count":0,"href":"https:\/\/pruebaalpha.org\/en\/wp-json\/wp\/v2\/pages\/5229\/revisions"}],"wp:attachment":[{"href":"https:\/\/pruebaalpha.org\/en\/wp-json\/wp\/v2\/media?parent=5229"}],"curies":[{"name":"wp","href":"https:\/\/api.w.org\/{rel}","templated":true}]}}