{"id":5223,"date":"2022-01-19T15:47:17","date_gmt":"2022-01-19T18:47:17","guid":{"rendered":"https:\/\/pruebaalpha.org\/?page_id=5223"},"modified":"2023-03-20T11:38:26","modified_gmt":"2023-03-20T14:38:26","slug":"tablero-de-alphanow","status":"publish","type":"page","link":"https:\/\/pruebaalpha.org\/en\/tablero-de-alphanow\/","title":{"rendered":"Tablero de AlphaNow"},"content":{"rendered":"<div data-elementor-type=\"wp-page\" data-elementor-id=\"5223\" class=\"elementor elementor-5223\" data-elementor-settings=\"{&quot;element_pack_global_tooltip_width&quot;:{&quot;unit&quot;:&quot;px&quot;,&quot;size&quot;:&quot;&quot;,&quot;sizes&quot;:[]},&quot;element_pack_global_tooltip_width_tablet&quot;:{&quot;unit&quot;:&quot;px&quot;,&quot;size&quot;:&quot;&quot;,&quot;sizes&quot;:[]},&quot;element_pack_global_tooltip_width_mobile&quot;:{&quot;unit&quot;:&quot;px&quot;,&quot;size&quot;:&quot;&quot;,&quot;sizes&quot;:[]},&quot;element_pack_global_tooltip_padding&quot;:{&quot;unit&quot;:&quot;px&quot;,&quot;top&quot;:&quot;&quot;,&quot;right&quot;:&quot;&quot;,&quot;bottom&quot;:&quot;&quot;,&quot;left&quot;:&quot;&quot;,&quot;isLinked&quot;:true},&quot;element_pack_global_tooltip_padding_tablet&quot;:{&quot;unit&quot;:&quot;px&quot;,&quot;top&quot;:&quot;&quot;,&quot;right&quot;:&quot;&quot;,&quot;bottom&quot;:&quot;&quot;,&quot;left&quot;:&quot;&quot;,&quot;isLinked&quot;:true},&quot;element_pack_global_tooltip_padding_mobile&quot;:{&quot;unit&quot;:&quot;px&quot;,&quot;top&quot;:&quot;&quot;,&quot;right&quot;:&quot;&quot;,&quot;bottom&quot;:&quot;&quot;,&quot;left&quot;:&quot;&quot;,&quot;isLinked&quot;:true},&quot;element_pack_global_tooltip_border_radius&quot;:{&quot;unit&quot;:&quot;px&quot;,&quot;top&quot;:&quot;&quot;,&quot;right&quot;:&quot;&quot;,&quot;bottom&quot;:&quot;&quot;,&quot;left&quot;:&quot;&quot;,&quot;isLinked&quot;:true},&quot;element_pack_global_tooltip_border_radius_tablet&quot;:{&quot;unit&quot;:&quot;px&quot;,&quot;top&quot;:&quot;&quot;,&quot;right&quot;:&quot;&quot;,&quot;bottom&quot;:&quot;&quot;,&quot;left&quot;:&quot;&quot;,&quot;isLinked&quot;:true},&quot;element_pack_global_tooltip_border_radius_mobile&quot;:{&quot;unit&quot;:&quot;px&quot;,&quot;top&quot;:&quot;&quot;,&quot;right&quot;:&quot;&quot;,&quot;bottom&quot;:&quot;&quot;,&quot;left&quot;:&quot;&quot;,&quot;isLinked&quot;:true}}\" data-elementor-post-type=\"page\">\n\t\t\t\t\t\t<section class=\"has_eae_slider elementor-section elementor-top-section elementor-element elementor-element-8563cd1 elementor-section-height-min-height elementor-section-boxed elementor-section-height-default elementor-section-items-middle\" data-eae-slider=\"33407\" data-id=\"8563cd1\" data-element_type=\"section\" data-e-type=\"section\" data-settings=\"{&quot;background_background&quot;:&quot;classic&quot;}\">\n\t\t\t\t\t\t<div class=\"elementor-container elementor-column-gap-default\">\n\t\t\t\t\t<div class=\"has_eae_slider elementor-column elementor-col-100 elementor-top-column elementor-element elementor-element-ed9edd5\" data-eae-slider=\"38521\" data-id=\"ed9edd5\" data-element_type=\"column\" data-e-type=\"column\">\n\t\t\t<div class=\"elementor-widget-wrap\">\n\t\t\t\t\t\t\t<\/div>\n\t\t<\/div>\n\t\t\t\t\t<\/div>\n\t\t<\/section>\n\t\t\t\t<section class=\"has_eae_slider elementor-section elementor-top-section elementor-element elementor-element-1f4a77b9 elementor-section-boxed elementor-section-height-default elementor-section-height-default\" data-eae-slider=\"42760\" data-id=\"1f4a77b9\" data-element_type=\"section\" data-e-type=\"section\">\n\t\t\t\t\t\t<div class=\"elementor-container elementor-column-gap-default\">\n\t\t\t\t\t<div class=\"has_eae_slider elementor-column elementor-col-100 elementor-top-column elementor-element elementor-element-67078dc5\" data-eae-slider=\"25857\" data-id=\"67078dc5\" data-element_type=\"column\" data-e-type=\"column\">\n\t\t\t<div class=\"elementor-widget-wrap elementor-element-populated\">\n\t\t\t\t\t\t<div class=\"elementor-element elementor-element-50b04b31 elementor-widget elementor-widget-text-editor\" data-id=\"50b04b31\" data-element_type=\"widget\" data-e-type=\"widget\" data-widget_type=\"text-editor.default\">\n\t\t\t\t<div class=\"elementor-widget-container\">\n\t\t\t\t\t\t\t\t\t<p>\u00a0<\/p><p><a href=\"http:\/\/pruebaalpha.org\/en\/ayudaalphanow\/\">Centro de Ayuda <\/a><a href=\"http:\/\/pruebaalpha.org\/en\/ayudaalphanow\/\">AlphaNow\u00a0<\/a>\u00bb\u00a0<a href=\"https:\/\/pruebaalpha.org\/en\/experimentandoalphanow\/\">Experimenta AlphaNow<\/a> \u00bb Tablero de AlphaNow<\/p><h2 aria-level=\"2\">\u00a0<\/h2><h2 style=\"text-align: center;\" aria-level=\"2\"><strong>Tablero de AlphaNow<\/strong><\/h2><h5><span data-contrast=\"none\">El\u00a0tablero de\u00a0Alpha te\u00a0brinda\u00a0un\u00a0pantallazo de todos tus\u00a0cursos\u00a0Alpha. Una vez que hayas iniciado sesi\u00f3n,\u00a0visualizar\u00e1s\u00a0el tablero.\u00a0\u00a0<\/span><span data-ccp-props=\"{&quot;201341983&quot;:0,&quot;335559739&quot;:160,&quot;335559740&quot;:259}\">\u00a0<\/span><\/h5><h5><span data-contrast=\"none\">El\u00a0icono de perfil en la\u00a0esquina superior derecha te permite cambiar o editar tu perfil, seleccionar un idioma diferente, ir al centro de ayuda o cerrar\u00a0la\u00a0sesi\u00f3n.\u00a0<\/span><span data-ccp-props=\"{&quot;201341983&quot;:0,&quot;335559739&quot;:160,&quot;335559740&quot;:259}\">\u00a0<\/span><\/h5>\t\t\t\t\t\t\t\t<\/div>\n\t\t\t\t<\/div>\n\t\t\t\t<div class=\"elementor-element elementor-element-196529c elementor-widget elementor-widget-image\" data-id=\"196529c\" data-element_type=\"widget\" data-e-type=\"widget\" data-widget_type=\"image.default\">\n\t\t\t\t<div class=\"elementor-widget-container\">\n\t\t\t\t\t\t\t\t\t\t\t\t\t\t\t<img fetchpriority=\"high\" decoding=\"async\" width=\"1024\" height=\"140\" src=\"https:\/\/pruebaalpha.org\/wp-content\/uploads\/2022\/01\/Captura-de-Pantalla-2022-01-19-a-las-15.44.15-1024x140.png\" class=\"attachment-large size-large wp-image-5225\" alt=\"\" srcset=\"https:\/\/pruebaalpha.org\/wp-content\/uploads\/2022\/01\/Captura-de-Pantalla-2022-01-19-a-las-15.44.15-1024x140.png 1024w, https:\/\/pruebaalpha.org\/wp-content\/uploads\/2022\/01\/Captura-de-Pantalla-2022-01-19-a-las-15.44.15-300x41.png 300w, https:\/\/pruebaalpha.org\/wp-content\/uploads\/2022\/01\/Captura-de-Pantalla-2022-01-19-a-las-15.44.15-768x105.png 768w, https:\/\/pruebaalpha.org\/wp-content\/uploads\/2022\/01\/Captura-de-Pantalla-2022-01-19-a-las-15.44.15-1536x210.png 1536w, https:\/\/pruebaalpha.org\/wp-content\/uploads\/2022\/01\/Captura-de-Pantalla-2022-01-19-a-las-15.44.15-2048x280.png 2048w, https:\/\/pruebaalpha.org\/wp-content\/uploads\/2022\/01\/Captura-de-Pantalla-2022-01-19-a-las-15.44.15-370x51.png 370w, https:\/\/pruebaalpha.org\/wp-content\/uploads\/2022\/01\/Captura-de-Pantalla-2022-01-19-a-las-15.44.15-760x104.png 760w\" sizes=\"(max-width: 1024px) 100vw, 1024px\" \/>\t\t\t\t\t\t\t\t\t\t\t\t\t\t\t<\/div>\n\t\t\t\t<\/div>\n\t\t\t\t<div class=\"elementor-element elementor-element-7d12a48 elementor-widget elementor-widget-text-editor\" data-id=\"7d12a48\" data-element_type=\"widget\" data-e-type=\"widget\" data-widget_type=\"text-editor.default\">\n\t\t\t\t<div class=\"elementor-widget-container\">\n\t\t\t\t\t\t\t\t\t<h5>\u00a0<\/h5><h5><span class=\"NormalTextRun SCXW254020631 BCX0\">En el\u00a0<\/span><span class=\"NormalTextRun SCXW254020631 BCX0\">centro\u00a0<\/span><span class=\"NormalTextRun SCXW254020631 BCX0\">de la p\u00e1gina,\u00a0<\/span><span class=\"NormalTextRun SCXW254020631 BCX0\">aparecer\u00e1n\u00a0<\/span><span class=\"NormalTextRun SCXW254020631 BCX0\">tus\u00a0<\/span><span class=\"NormalTextRun SCXW254020631 BCX0\">courses\u00a0<\/span><span class=\"NormalTextRun SCXW254020631 BCX0\">Alpha or<\/span><span class=\"NormalTextRun SCXW254020631 BCX0\">ganizados\u00a0<\/span><span class=\"NormalTextRun SCXW254020631 BCX0\">seg\u00fan seas<\/span><span class=\"NormalTextRun SCXW254020631 BCX0\">\u00a0administrador, anfitri\u00f3n o invitado en\u00a0<\/span><span class=\"NormalTextRun SCXW254020631 BCX0\">el<\/span><span class=\"NormalTextRun SCXW254020631 BCX0\"> curso.<\/span><\/h5>\t\t\t\t\t\t\t\t<\/div>\n\t\t\t\t<\/div>\n\t\t\t\t<div class=\"elementor-element elementor-element-8f24bba elementor-widget elementor-widget-image\" data-id=\"8f24bba\" data-element_type=\"widget\" data-e-type=\"widget\" data-widget_type=\"image.default\">\n\t\t\t\t<div class=\"elementor-widget-container\">\n\t\t\t\t\t\t\t\t\t\t\t\t\t\t\t<img decoding=\"async\" width=\"1024\" height=\"516\" src=\"https:\/\/pruebaalpha.org\/wp-content\/uploads\/2022\/01\/Captura-de-Pantalla-2022-01-11-a-las-12.20.14-1024x516.png\" class=\"attachment-large size-large wp-image-5027\" alt=\"\" srcset=\"https:\/\/pruebaalpha.org\/wp-content\/uploads\/2022\/01\/Captura-de-Pantalla-2022-01-11-a-las-12.20.14-1024x516.png 1024w, https:\/\/pruebaalpha.org\/wp-content\/uploads\/2022\/01\/Captura-de-Pantalla-2022-01-11-a-las-12.20.14-300x151.png 300w, https:\/\/pruebaalpha.org\/wp-content\/uploads\/2022\/01\/Captura-de-Pantalla-2022-01-11-a-las-12.20.14-768x387.png 768w, https:\/\/pruebaalpha.org\/wp-content\/uploads\/2022\/01\/Captura-de-Pantalla-2022-01-11-a-las-12.20.14-1536x774.png 1536w, https:\/\/pruebaalpha.org\/wp-content\/uploads\/2022\/01\/Captura-de-Pantalla-2022-01-11-a-las-12.20.14-2048x1032.png 2048w, https:\/\/pruebaalpha.org\/wp-content\/uploads\/2022\/01\/Captura-de-Pantalla-2022-01-11-a-las-12.20.14-370x186.png 370w, https:\/\/pruebaalpha.org\/wp-content\/uploads\/2022\/01\/Captura-de-Pantalla-2022-01-11-a-las-12.20.14-760x383.png 760w\" sizes=\"(max-width: 1024px) 100vw, 1024px\" \/>\t\t\t\t\t\t\t\t\t\t\t\t\t\t\t<\/div>\n\t\t\t\t<\/div>\n\t\t\t\t<div class=\"elementor-element elementor-element-7200e83 elementor-widget elementor-widget-text-editor\" data-id=\"7200e83\" data-element_type=\"widget\" data-e-type=\"widget\" data-widget_type=\"text-editor.default\">\n\t\t\t\t<div class=\"elementor-widget-container\">\n\t\t\t\t\t\t\t\t\t<h5>\u00a0<\/h5><h5><span data-contrast=\"none\">Cada Alpha est\u00e1 representado por una tarjeta que muestra el estado de la sesi\u00f3n, la descripci\u00f3n del Alpha\u00a0y el enlace del\u00a0Alpha.\u00a0Los administradores y anfitriones\u00a0disponen de m\u00e1s opciones.\u00a0\u00a0<\/span><span data-ccp-props=\"{&quot;201341983&quot;:0,&quot;335559739&quot;:160,&quot;335559740&quot;:259}\">\u00a0<\/span><\/h5><h5><b><span data-contrast=\"none\"><span class=\"icon-right\">\u00a0<\/span>Estados de la sesi\u00f3n:\u00a0\u00a0<\/span><\/b><span data-ccp-props=\"{&quot;201341983&quot;:0,&quot;335559739&quot;:160,&quot;335559740&quot;:259}\">\u00a0<\/span><\/h5><ul><li data-leveltext=\"\uf0b7\" data-font=\"Symbol\" data-listid=\"1\" aria-setsize=\"-1\" data-aria-posinset=\"1\" data-aria-level=\"1\"><h5><span data-contrast=\"none\">Sesi\u00f3n inactiva = A\u00fan no se puede unir a la\u00a0sesi\u00f3n.\u00a0<\/span><span data-ccp-props=\"{&quot;134233279&quot;:true,&quot;201341983&quot;:0,&quot;335559739&quot;:160,&quot;335559740&quot;:259}\">\u00a0<\/span><\/h5><\/li><li data-leveltext=\"\uf0b7\" data-font=\"Symbol\" data-listid=\"1\" aria-setsize=\"-1\" data-aria-posinset=\"2\" data-aria-level=\"1\"><h5><span data-contrast=\"none\">Sala de espera =\u00a0Se puede ingresar a la sala de espera de\u00a0la\u00a0sesi\u00f3n.\u00a0<\/span><span data-ccp-props=\"{&quot;134233279&quot;:true,&quot;201341983&quot;:0,&quot;335559739&quot;:160,&quot;335559740&quot;:259}\">\u00a0<\/span><\/h5><\/li><\/ul><ul><li data-leveltext=\"\uf0b7\" data-font=\"Symbol\" data-listid=\"1\" aria-setsize=\"-1\" data-aria-posinset=\"1\" data-aria-level=\"1\"><h5><span data-contrast=\"none\">Sesi\u00f3n activa = La sesi\u00f3n ha comenzado y\u00a0los participantes se pueden unirse\u00a0a ella.\u00a0<\/span><span data-ccp-props=\"{&quot;134233279&quot;:true,&quot;201341983&quot;:0,&quot;335559739&quot;:160,&quot;335559740&quot;:259}\">\u00a0<\/span><\/h5><\/li><\/ul><h5><b><span data-contrast=\"none\"><span class=\"icon-right\">\u00a0<\/span>Descripci\u00f3n del Alpha<\/span><\/b><span data-contrast=\"none\">\u00a0= La descripci\u00f3n del Alpha proporcionada por el administrador.\u00a0\u00a0<\/span><span data-ccp-props=\"{&quot;201341983&quot;:0,&quot;335559739&quot;:160,&quot;335559740&quot;:259}\">\u00a0<\/span><\/h5><h5><b><span data-contrast=\"none\"><span class=\"icon-right\">\u00a0<\/span>Copiar Enlace\u00a0del\u00a0Alpha<\/span><\/b><span data-contrast=\"none\">\u00a0=\u00a0Al hacer\u00a0clic en este\u00a0bot\u00f3n,\u00a0se copia\u00a0el enlace\u00a0para\u00a0que pueda ser\u00a0pegado y compartido\u00a0por\u00a0correo electr\u00f3nico\u00a0o\u00a0en\u00a0otra plataforma. Los destinatarios podr\u00e1n\u00a0hacer clic en el enlace para acceder a la p\u00e1gina de inicio de sesi\u00f3n.\u00a0<\/span><span data-ccp-props=\"{&quot;201341983&quot;:0,&quot;335559739&quot;:160,&quot;335559740&quot;:259}\">\u00a0<\/span><\/h5><h5><b><span data-contrast=\"none\"><span class=\"icon-right\">\u00a0<\/span>Gestionar curso<\/span><\/b><span data-contrast=\"none\">\u00a0= Los administradores usan este bot\u00f3n para abrir la p\u00e1gina que les permite gestionar el curso.\u00a0<\/span><span data-ccp-props=\"{&quot;201341983&quot;:0,&quot;335559739&quot;:160,&quot;335559740&quot;:259}\">\u00a0<\/span><\/h5><h5><b><span data-contrast=\"none\"><span class=\"icon-right\">\u00a0<\/span>Abrir\u00a0sala de espera<\/span><\/b><span data-contrast=\"none\">\u00a0=\u00a0Los administradores y anfitriones hacen clic aqu\u00ed para permitir que los invitados se unan a la sala de espera.\u00a0<\/span>\u00a0<\/h5><h5><b><span data-contrast=\"none\"><span class=\"icon-right\">\u00a0<\/span>Unirse a la sala de espera<\/span><\/b><span data-contrast=\"none\">\u00a0= Cuando la sala de espera o la sesi\u00f3n est\u00e1 abierta, uno puede unirse directamente haciendo clic\u00a0en este bot\u00f3n.<\/span><span data-ccp-props=\"{&quot;201341983&quot;:0,&quot;335559739&quot;:160,&quot;335559740&quot;:259}\">\u00a0<\/span><\/h5>\t\t\t\t\t\t\t\t<\/div>\n\t\t\t\t<\/div>\n\t\t\t\t<div class=\"elementor-element elementor-element-ba99b04 elementor-widget elementor-widget-spacer\" data-id=\"ba99b04\" data-element_type=\"widget\" data-e-type=\"widget\" data-widget_type=\"spacer.default\">\n\t\t\t\t<div class=\"elementor-widget-container\">\n\t\t\t\t\t\t\t<div class=\"elementor-spacer\">\n\t\t\t<div class=\"elementor-spacer-inner\"><\/div>\n\t\t<\/div>\n\t\t\t\t\t\t<\/div>\n\t\t\t\t<\/div>\n\t\t\t\t\t<\/div>\n\t\t<\/div>\n\t\t\t\t\t<\/div>\n\t\t<\/section>\n\t\t\t\t<\/div>","protected":false},"excerpt":{"rendered":"<p>\u00a0 Centro de Ayuda AlphaNow\u00a0\u00bb\u00a0Experimenta AlphaNow \u00bb Tablero de AlphaNow \u00a0 Tablero de AlphaNow El\u00a0tablero de\u00a0Alpha te\u00a0brinda\u00a0un\u00a0pantallazo de todos tus\u00a0cursos\u00a0Alpha. Una vez que hayas iniciado sesi\u00f3n,\u00a0visualizar\u00e1s\u00a0el tablero.\u00a0\u00a0\u00a0 El\u00a0icono de perfil&hellip;<\/p>","protected":false},"author":6,"featured_media":0,"parent":0,"menu_order":0,"comment_status":"closed","ping_status":"closed","template":"","meta":{"_monsterinsights_skip_tracking":false,"_monsterinsights_sitenote_active":false,"_monsterinsights_sitenote_note":"","_monsterinsights_sitenote_category":0,"footnotes":""},"class_list":["post-5223","page","type-page","status-publish","hentry"],"yoast_head":"<!-- This site is optimized with the Yoast SEO plugin v27.4 - https:\/\/yoast.com\/product\/yoast-seo-wordpress\/ -->\n<title>Tablero de AlphaNow - Alpha LAC<\/title>\n<meta name=\"robots\" content=\"index, follow, max-snippet:-1, max-image-preview:large, max-video-preview:-1\" \/>\n<link rel=\"canonical\" href=\"https:\/\/pruebaalpha.org\/en\/tablero-de-alphanow\/\" \/>\n<meta name=\"twitter:card\" content=\"summary_large_image\" \/>\n<meta name=\"twitter:title\" content=\"Tablero de AlphaNow - Alpha LAC\" \/>\n<meta name=\"twitter:description\" content=\"\u00a0 Centro de Ayuda AlphaNow\u00a0\u00bb\u00a0Experimenta AlphaNow \u00bb Tablero de AlphaNow \u00a0 Tablero de AlphaNow El\u00a0tablero de\u00a0Alpha te\u00a0brinda\u00a0un\u00a0pantallazo de todos tus\u00a0cursos\u00a0Alpha. Una vez que hayas iniciado sesi\u00f3n,\u00a0visualizar\u00e1s\u00a0el tablero.\u00a0\u00a0\u00a0 El\u00a0icono de perfil&hellip;\" \/>\n<meta name=\"twitter:image\" content=\"https:\/\/pruebaalpha.org\/wp-content\/uploads\/2022\/01\/Captura-de-Pantalla-2022-01-19-a-las-15.44.15-1024x140.png\" \/>\n<meta name=\"twitter:site\" content=\"@AlphaLatam\" \/>\n<meta name=\"twitter:label1\" content=\"Est. reading time\" \/>\n\t<meta name=\"twitter:data1\" content=\"2 minutes\" \/>\n<script type=\"application\/ld+json\" class=\"yoast-schema-graph\">{\"@context\":\"https:\\\/\\\/schema.org\",\"@graph\":[{\"@type\":\"WebPage\",\"@id\":\"https:\\\/\\\/pruebaalpha.org\\\/tablero-de-alphanow\\\/\",\"url\":\"https:\\\/\\\/pruebaalpha.org\\\/tablero-de-alphanow\\\/\",\"name\":\"Tablero de AlphaNow - Alpha LAC\",\"isPartOf\":{\"@id\":\"https:\\\/\\\/pruebaalpha.org\\\/#website\"},\"primaryImageOfPage\":{\"@id\":\"https:\\\/\\\/pruebaalpha.org\\\/tablero-de-alphanow\\\/#primaryimage\"},\"image\":{\"@id\":\"https:\\\/\\\/pruebaalpha.org\\\/tablero-de-alphanow\\\/#primaryimage\"},\"thumbnailUrl\":\"https:\\\/\\\/pruebaalpha.org\\\/wp-content\\\/uploads\\\/2022\\\/01\\\/Captura-de-Pantalla-2022-01-19-a-las-15.44.15-1024x140.png\",\"datePublished\":\"2022-01-19T18:47:17+00:00\",\"dateModified\":\"2023-03-20T14:38:26+00:00\",\"breadcrumb\":{\"@id\":\"https:\\\/\\\/pruebaalpha.org\\\/tablero-de-alphanow\\\/#breadcrumb\"},\"inLanguage\":\"en-US\",\"potentialAction\":[{\"@type\":\"ReadAction\",\"target\":[\"https:\\\/\\\/pruebaalpha.org\\\/tablero-de-alphanow\\\/\"]}]},{\"@type\":\"ImageObject\",\"inLanguage\":\"en-US\",\"@id\":\"https:\\\/\\\/pruebaalpha.org\\\/tablero-de-alphanow\\\/#primaryimage\",\"url\":\"https:\\\/\\\/pruebaalpha.org\\\/wp-content\\\/uploads\\\/2022\\\/01\\\/Captura-de-Pantalla-2022-01-19-a-las-15.44.15-1024x140.png\",\"contentUrl\":\"https:\\\/\\\/pruebaalpha.org\\\/wp-content\\\/uploads\\\/2022\\\/01\\\/Captura-de-Pantalla-2022-01-19-a-las-15.44.15-1024x140.png\"},{\"@type\":\"BreadcrumbList\",\"@id\":\"https:\\\/\\\/pruebaalpha.org\\\/tablero-de-alphanow\\\/#breadcrumb\",\"itemListElement\":[{\"@type\":\"ListItem\",\"position\":1,\"name\":\"Home\",\"item\":\"https:\\\/\\\/pruebaalpha.org\\\/\"},{\"@type\":\"ListItem\",\"position\":2,\"name\":\"Tablero de AlphaNow\"}]},{\"@type\":\"WebSite\",\"@id\":\"https:\\\/\\\/pruebaalpha.org\\\/#website\",\"url\":\"https:\\\/\\\/pruebaalpha.org\\\/\",\"name\":\"Alpha LATAM\",\"description\":\"Alpha es una serie de sesiones interactivas donde puedes explorar libremente lo b\u00e1sico de la fe cristiana. No hay presi\u00f3n, obligaci\u00f3n ni costo.\",\"publisher\":{\"@id\":\"https:\\\/\\\/pruebaalpha.org\\\/#organization\"},\"potentialAction\":[{\"@type\":\"SearchAction\",\"target\":{\"@type\":\"EntryPoint\",\"urlTemplate\":\"https:\\\/\\\/pruebaalpha.org\\\/?s={search_term_string}\"},\"query-input\":{\"@type\":\"PropertyValueSpecification\",\"valueRequired\":true,\"valueName\":\"search_term_string\"}}],\"inLanguage\":\"en-US\"},{\"@type\":\"Organization\",\"@id\":\"https:\\\/\\\/pruebaalpha.org\\\/#organization\",\"name\":\"Alpha LATAM\",\"url\":\"https:\\\/\\\/pruebaalpha.org\\\/\",\"logo\":{\"@type\":\"ImageObject\",\"inLanguage\":\"en-US\",\"@id\":\"https:\\\/\\\/pruebaalpha.org\\\/#\\\/schema\\\/logo\\\/image\\\/\",\"url\":\"https:\\\/\\\/pruebaalpha.org\\\/wp-content\\\/uploads\\\/2021\\\/08\\\/Alpha-Logo_Red.png\",\"contentUrl\":\"https:\\\/\\\/pruebaalpha.org\\\/wp-content\\\/uploads\\\/2021\\\/08\\\/Alpha-Logo_Red.png\",\"width\":2426,\"height\":2190,\"caption\":\"Alpha LATAM\"},\"image\":{\"@id\":\"https:\\\/\\\/pruebaalpha.org\\\/#\\\/schema\\\/logo\\\/image\\\/\"},\"sameAs\":[\"https:\\\/\\\/www.facebook.com\\\/alphaenespanol\",\"https:\\\/\\\/x.com\\\/AlphaLatam\",\"https:\\\/\\\/www.instagram.com\\\/alphaenespanol\",\"https:\\\/\\\/www.youtube.com\\\/@AlphaenEspanol\"]}]}<\/script>\n<!-- \/ Yoast SEO plugin. -->","yoast_head_json":{"title":"Tablero de AlphaNow - Alpha LAC","robots":{"index":"index","follow":"follow","max-snippet":"max-snippet:-1","max-image-preview":"max-image-preview:large","max-video-preview":"max-video-preview:-1"},"canonical":"https:\/\/pruebaalpha.org\/en\/tablero-de-alphanow\/","twitter_card":"summary_large_image","twitter_title":"Tablero de AlphaNow - Alpha LAC","twitter_description":"\u00a0 Centro de Ayuda AlphaNow\u00a0\u00bb\u00a0Experimenta AlphaNow \u00bb Tablero de AlphaNow \u00a0 Tablero de AlphaNow El\u00a0tablero de\u00a0Alpha te\u00a0brinda\u00a0un\u00a0pantallazo de todos tus\u00a0cursos\u00a0Alpha. Una vez que hayas iniciado sesi\u00f3n,\u00a0visualizar\u00e1s\u00a0el tablero.\u00a0\u00a0\u00a0 El\u00a0icono de perfil&hellip;","twitter_image":"https:\/\/pruebaalpha.org\/wp-content\/uploads\/2022\/01\/Captura-de-Pantalla-2022-01-19-a-las-15.44.15-1024x140.png","twitter_site":"@AlphaLatam","twitter_misc":{"Est. reading time":"2 minutes"},"schema":{"@context":"https:\/\/schema.org","@graph":[{"@type":"WebPage","@id":"https:\/\/pruebaalpha.org\/tablero-de-alphanow\/","url":"https:\/\/pruebaalpha.org\/tablero-de-alphanow\/","name":"Tablero de AlphaNow - Alpha LAC","isPartOf":{"@id":"https:\/\/pruebaalpha.org\/#website"},"primaryImageOfPage":{"@id":"https:\/\/pruebaalpha.org\/tablero-de-alphanow\/#primaryimage"},"image":{"@id":"https:\/\/pruebaalpha.org\/tablero-de-alphanow\/#primaryimage"},"thumbnailUrl":"https:\/\/pruebaalpha.org\/wp-content\/uploads\/2022\/01\/Captura-de-Pantalla-2022-01-19-a-las-15.44.15-1024x140.png","datePublished":"2022-01-19T18:47:17+00:00","dateModified":"2023-03-20T14:38:26+00:00","breadcrumb":{"@id":"https:\/\/pruebaalpha.org\/tablero-de-alphanow\/#breadcrumb"},"inLanguage":"en-US","potentialAction":[{"@type":"ReadAction","target":["https:\/\/pruebaalpha.org\/tablero-de-alphanow\/"]}]},{"@type":"ImageObject","inLanguage":"en-US","@id":"https:\/\/pruebaalpha.org\/tablero-de-alphanow\/#primaryimage","url":"https:\/\/pruebaalpha.org\/wp-content\/uploads\/2022\/01\/Captura-de-Pantalla-2022-01-19-a-las-15.44.15-1024x140.png","contentUrl":"https:\/\/pruebaalpha.org\/wp-content\/uploads\/2022\/01\/Captura-de-Pantalla-2022-01-19-a-las-15.44.15-1024x140.png"},{"@type":"BreadcrumbList","@id":"https:\/\/pruebaalpha.org\/tablero-de-alphanow\/#breadcrumb","itemListElement":[{"@type":"ListItem","position":1,"name":"Home","item":"https:\/\/pruebaalpha.org\/"},{"@type":"ListItem","position":2,"name":"Tablero de AlphaNow"}]},{"@type":"WebSite","@id":"https:\/\/pruebaalpha.org\/#website","url":"https:\/\/pruebaalpha.org\/","name":"Alpha LATAM","description":"Alpha es una serie de sesiones interactivas donde puedes explorar libremente lo b\u00e1sico de la fe cristiana. No hay presi\u00f3n, obligaci\u00f3n ni costo.","publisher":{"@id":"https:\/\/pruebaalpha.org\/#organization"},"potentialAction":[{"@type":"SearchAction","target":{"@type":"EntryPoint","urlTemplate":"https:\/\/pruebaalpha.org\/?s={search_term_string}"},"query-input":{"@type":"PropertyValueSpecification","valueRequired":true,"valueName":"search_term_string"}}],"inLanguage":"en-US"},{"@type":"Organization","@id":"https:\/\/pruebaalpha.org\/#organization","name":"Alpha LATAM","url":"https:\/\/pruebaalpha.org\/","logo":{"@type":"ImageObject","inLanguage":"en-US","@id":"https:\/\/pruebaalpha.org\/#\/schema\/logo\/image\/","url":"https:\/\/pruebaalpha.org\/wp-content\/uploads\/2021\/08\/Alpha-Logo_Red.png","contentUrl":"https:\/\/pruebaalpha.org\/wp-content\/uploads\/2021\/08\/Alpha-Logo_Red.png","width":2426,"height":2190,"caption":"Alpha LATAM"},"image":{"@id":"https:\/\/pruebaalpha.org\/#\/schema\/logo\/image\/"},"sameAs":["https:\/\/www.facebook.com\/alphaenespanol","https:\/\/x.com\/AlphaLatam","https:\/\/www.instagram.com\/alphaenespanol","https:\/\/www.youtube.com\/@AlphaenEspanol"]}]}},"_links":{"self":[{"href":"https:\/\/pruebaalpha.org\/en\/wp-json\/wp\/v2\/pages\/5223","targetHints":{"allow":["GET"]}}],"collection":[{"href":"https:\/\/pruebaalpha.org\/en\/wp-json\/wp\/v2\/pages"}],"about":[{"href":"https:\/\/pruebaalpha.org\/en\/wp-json\/wp\/v2\/types\/page"}],"author":[{"embeddable":true,"href":"https:\/\/pruebaalpha.org\/en\/wp-json\/wp\/v2\/users\/6"}],"replies":[{"embeddable":true,"href":"https:\/\/pruebaalpha.org\/en\/wp-json\/wp\/v2\/comments?post=5223"}],"version-history":[{"count":0,"href":"https:\/\/pruebaalpha.org\/en\/wp-json\/wp\/v2\/pages\/5223\/revisions"}],"wp:attachment":[{"href":"https:\/\/pruebaalpha.org\/en\/wp-json\/wp\/v2\/media?parent=5223"}],"curies":[{"name":"wp","href":"https:\/\/api.w.org\/{rel}","templated":true}]}}