{"id":5219,"date":"2022-01-19T15:34:44","date_gmt":"2022-01-19T18:34:44","guid":{"rendered":"https:\/\/pruebaalpha.org\/?page_id=5219"},"modified":"2023-03-20T11:25:02","modified_gmt":"2023-03-20T14:25:02","slug":"cambio-de-idioma-alphanow","status":"publish","type":"page","link":"https:\/\/pruebaalpha.org\/en\/cambio-de-idioma-alphanow\/","title":{"rendered":"Cambio de idioma"},"content":{"rendered":"<div data-elementor-type=\"wp-page\" data-elementor-id=\"5219\" class=\"elementor elementor-5219\" data-elementor-settings=\"{&quot;element_pack_global_tooltip_width&quot;:{&quot;unit&quot;:&quot;px&quot;,&quot;size&quot;:&quot;&quot;,&quot;sizes&quot;:[]},&quot;element_pack_global_tooltip_width_tablet&quot;:{&quot;unit&quot;:&quot;px&quot;,&quot;size&quot;:&quot;&quot;,&quot;sizes&quot;:[]},&quot;element_pack_global_tooltip_width_mobile&quot;:{&quot;unit&quot;:&quot;px&quot;,&quot;size&quot;:&quot;&quot;,&quot;sizes&quot;:[]},&quot;element_pack_global_tooltip_padding&quot;:{&quot;unit&quot;:&quot;px&quot;,&quot;top&quot;:&quot;&quot;,&quot;right&quot;:&quot;&quot;,&quot;bottom&quot;:&quot;&quot;,&quot;left&quot;:&quot;&quot;,&quot;isLinked&quot;:true},&quot;element_pack_global_tooltip_padding_tablet&quot;:{&quot;unit&quot;:&quot;px&quot;,&quot;top&quot;:&quot;&quot;,&quot;right&quot;:&quot;&quot;,&quot;bottom&quot;:&quot;&quot;,&quot;left&quot;:&quot;&quot;,&quot;isLinked&quot;:true},&quot;element_pack_global_tooltip_padding_mobile&quot;:{&quot;unit&quot;:&quot;px&quot;,&quot;top&quot;:&quot;&quot;,&quot;right&quot;:&quot;&quot;,&quot;bottom&quot;:&quot;&quot;,&quot;left&quot;:&quot;&quot;,&quot;isLinked&quot;:true},&quot;element_pack_global_tooltip_border_radius&quot;:{&quot;unit&quot;:&quot;px&quot;,&quot;top&quot;:&quot;&quot;,&quot;right&quot;:&quot;&quot;,&quot;bottom&quot;:&quot;&quot;,&quot;left&quot;:&quot;&quot;,&quot;isLinked&quot;:true},&quot;element_pack_global_tooltip_border_radius_tablet&quot;:{&quot;unit&quot;:&quot;px&quot;,&quot;top&quot;:&quot;&quot;,&quot;right&quot;:&quot;&quot;,&quot;bottom&quot;:&quot;&quot;,&quot;left&quot;:&quot;&quot;,&quot;isLinked&quot;:true},&quot;element_pack_global_tooltip_border_radius_mobile&quot;:{&quot;unit&quot;:&quot;px&quot;,&quot;top&quot;:&quot;&quot;,&quot;right&quot;:&quot;&quot;,&quot;bottom&quot;:&quot;&quot;,&quot;left&quot;:&quot;&quot;,&quot;isLinked&quot;:true}}\" data-elementor-post-type=\"page\">\n\t\t\t\t\t\t<section class=\"has_eae_slider elementor-section elementor-top-section elementor-element elementor-element-dbf921e elementor-section-height-min-height elementor-section-boxed elementor-section-height-default elementor-section-items-middle\" data-eae-slider=\"89070\" data-id=\"dbf921e\" data-element_type=\"section\" data-e-type=\"section\" data-settings=\"{&quot;background_background&quot;:&quot;classic&quot;}\">\n\t\t\t\t\t\t<div class=\"elementor-container elementor-column-gap-default\">\n\t\t\t\t\t<div class=\"has_eae_slider elementor-column elementor-col-100 elementor-top-column elementor-element elementor-element-c791cb9\" data-eae-slider=\"73911\" data-id=\"c791cb9\" data-element_type=\"column\" data-e-type=\"column\">\n\t\t\t<div class=\"elementor-widget-wrap\">\n\t\t\t\t\t\t\t<\/div>\n\t\t<\/div>\n\t\t\t\t\t<\/div>\n\t\t<\/section>\n\t\t\t\t<section class=\"has_eae_slider elementor-section elementor-top-section elementor-element elementor-element-6f360bd9 elementor-section-boxed elementor-section-height-default elementor-section-height-default\" data-eae-slider=\"82632\" data-id=\"6f360bd9\" data-element_type=\"section\" data-e-type=\"section\">\n\t\t\t\t\t\t<div class=\"elementor-container elementor-column-gap-default\">\n\t\t\t\t\t<div class=\"has_eae_slider elementor-column elementor-col-100 elementor-top-column elementor-element elementor-element-217be4b1\" data-eae-slider=\"90851\" data-id=\"217be4b1\" data-element_type=\"column\" data-e-type=\"column\">\n\t\t\t<div class=\"elementor-widget-wrap elementor-element-populated\">\n\t\t\t\t\t\t<div class=\"elementor-element elementor-element-7dfaeae2 elementor-widget elementor-widget-text-editor\" data-id=\"7dfaeae2\" data-element_type=\"widget\" data-e-type=\"widget\" data-widget_type=\"text-editor.default\">\n\t\t\t\t<div class=\"elementor-widget-container\">\n\t\t\t\t\t\t\t\t\t<p>\u00a0<\/p><p><a href=\"http:\/\/pruebaalpha.org\/en\/ayudaalphanow\/\">Centro de Ayuda <\/a><a href=\"http:\/\/pruebaalpha.org\/en\/ayudaalphanow\/\">AlphaNow\u00a0<\/a>\u00bb\u00a0<a href=\"https:\/\/pruebaalpha.org\/en\/experimentandoalphanow\/\">Experimenta AlphaNow<\/a> \u00bb Cambio de idioma<\/p><h2 aria-level=\"2\">\u00a0<\/h2><h2 style=\"text-align: center;\" aria-level=\"2\"><strong>Cambiar idioma\u00a0\u00a0<\/strong><\/h2><h5><b><span data-contrast=\"none\">Cambiar el idioma predeterminado de la aplicaci\u00f3n (ingl\u00e9s)\u00a0\u00a0<\/span><\/b><span data-ccp-props=\"{&quot;201341983&quot;:0,&quot;335559739&quot;:160,&quot;335559740&quot;:259}\">\u00a0<\/span><\/h5><h5><span data-contrast=\"none\">1. Haz clic en el icono de idioma ubicado en la esquina superior derecha de las p\u00e1ginas de inicio de sesi\u00f3n y panel de control. <\/span><span data-ccp-props=\"{&quot;134233279&quot;:true,&quot;201341983&quot;:0,&quot;335559739&quot;:160,&quot;335559740&quot;:259}\">\u00a0<\/span><\/h5><h5><span data-contrast=\"none\">2. Selecciona un idioma del men\u00fa desplegable. <\/span><span data-ccp-props=\"{&quot;134233279&quot;:true,&quot;201341983&quot;:0,&quot;335559739&quot;:160,&quot;335559740&quot;:259}\">\u00a0<\/span><\/h5><ul><li data-leveltext=\"\uf0b7\" data-font=\"Symbol\" data-listid=\"1\" aria-setsize=\"-1\" data-aria-posinset=\"1\" data-aria-level=\"2\"><h5><span data-contrast=\"none\">Actualmente,\u00a0AlphaNow\u00a0est\u00e1 disponible en ingl\u00e9s y en espa\u00f1ol (latinoamericano)\u00a0<\/span><span data-ccp-props=\"{&quot;134233279&quot;:true,&quot;201341983&quot;:0,&quot;335559739&quot;:160,&quot;335559740&quot;:259}\">\u00a0<\/span><\/h5><\/li><\/ul><h5><span data-contrast=\"none\">3. La aplicaci\u00f3n cambiar\u00e1 autom\u00e1ticamente al idioma seleccionado.<\/span><span data-ccp-props=\"{&quot;134233279&quot;:true,&quot;201341983&quot;:0,&quot;335559739&quot;:160,&quot;335559740&quot;:259}\">\u00a0<\/span><\/h5>\t\t\t\t\t\t\t\t<\/div>\n\t\t\t\t<\/div>\n\t\t\t\t<div class=\"elementor-element elementor-element-0ca2813 elementor-widget elementor-widget-image\" data-id=\"0ca2813\" data-element_type=\"widget\" data-e-type=\"widget\" data-widget_type=\"image.default\">\n\t\t\t\t<div class=\"elementor-widget-container\">\n\t\t\t\t\t\t\t\t\t\t\t\t\t\t\t<img fetchpriority=\"high\" decoding=\"async\" width=\"1024\" height=\"140\" src=\"https:\/\/pruebaalpha.org\/wp-content\/uploads\/2022\/01\/Captura-de-Pantalla-2022-01-19-a-las-15.44.15-1024x140.png\" class=\"attachment-large size-large wp-image-5225\" alt=\"\" srcset=\"https:\/\/pruebaalpha.org\/wp-content\/uploads\/2022\/01\/Captura-de-Pantalla-2022-01-19-a-las-15.44.15-1024x140.png 1024w, https:\/\/pruebaalpha.org\/wp-content\/uploads\/2022\/01\/Captura-de-Pantalla-2022-01-19-a-las-15.44.15-300x41.png 300w, https:\/\/pruebaalpha.org\/wp-content\/uploads\/2022\/01\/Captura-de-Pantalla-2022-01-19-a-las-15.44.15-768x105.png 768w, https:\/\/pruebaalpha.org\/wp-content\/uploads\/2022\/01\/Captura-de-Pantalla-2022-01-19-a-las-15.44.15-1536x210.png 1536w, https:\/\/pruebaalpha.org\/wp-content\/uploads\/2022\/01\/Captura-de-Pantalla-2022-01-19-a-las-15.44.15-2048x280.png 2048w, https:\/\/pruebaalpha.org\/wp-content\/uploads\/2022\/01\/Captura-de-Pantalla-2022-01-19-a-las-15.44.15-370x51.png 370w, https:\/\/pruebaalpha.org\/wp-content\/uploads\/2022\/01\/Captura-de-Pantalla-2022-01-19-a-las-15.44.15-760x104.png 760w\" sizes=\"(max-width: 1024px) 100vw, 1024px\" \/>\t\t\t\t\t\t\t\t\t\t\t\t\t\t\t<\/div>\n\t\t\t\t<\/div>\n\t\t\t\t<div class=\"elementor-element elementor-element-2ce4ccb elementor-widget elementor-widget-spacer\" data-id=\"2ce4ccb\" data-element_type=\"widget\" data-e-type=\"widget\" data-widget_type=\"spacer.default\">\n\t\t\t\t<div class=\"elementor-widget-container\">\n\t\t\t\t\t\t\t<div class=\"elementor-spacer\">\n\t\t\t<div class=\"elementor-spacer-inner\"><\/div>\n\t\t<\/div>\n\t\t\t\t\t\t<\/div>\n\t\t\t\t<\/div>\n\t\t\t\t\t<\/div>\n\t\t<\/div>\n\t\t\t\t\t<\/div>\n\t\t<\/section>\n\t\t\t\t<\/div>","protected":false},"excerpt":{"rendered":"<p>\u00a0 Centro de Ayuda AlphaNow\u00a0\u00bb\u00a0Experimenta AlphaNow \u00bb Cambio de idioma \u00a0 Cambiar idioma\u00a0\u00a0 Cambiar el idioma predeterminado de la aplicaci\u00f3n (ingl\u00e9s)\u00a0\u00a0\u00a0 1. Haz clic en el icono de idioma ubicado&hellip;<\/p>","protected":false},"author":6,"featured_media":0,"parent":0,"menu_order":0,"comment_status":"closed","ping_status":"closed","template":"","meta":{"_monsterinsights_skip_tracking":false,"_monsterinsights_sitenote_active":false,"_monsterinsights_sitenote_note":"","_monsterinsights_sitenote_category":0,"footnotes":""},"class_list":["post-5219","page","type-page","status-publish","hentry"],"yoast_head":"<!-- This site is optimized with the Yoast SEO plugin v27.4 - https:\/\/yoast.com\/product\/yoast-seo-wordpress\/ -->\n<title>Cambio de idioma - Alpha LAC<\/title>\n<meta name=\"robots\" content=\"index, follow, max-snippet:-1, max-image-preview:large, max-video-preview:-1\" \/>\n<link rel=\"canonical\" href=\"https:\/\/pruebaalpha.org\/en\/cambio-de-idioma-alphanow\/\" \/>\n<meta name=\"twitter:card\" content=\"summary_large_image\" \/>\n<meta name=\"twitter:title\" content=\"Cambio de idioma - Alpha LAC\" \/>\n<meta name=\"twitter:description\" content=\"\u00a0 Centro de Ayuda AlphaNow\u00a0\u00bb\u00a0Experimenta AlphaNow \u00bb Cambio de idioma \u00a0 Cambiar idioma\u00a0\u00a0 Cambiar el idioma predeterminado de la aplicaci\u00f3n (ingl\u00e9s)\u00a0\u00a0\u00a0 1. Haz clic en el icono de idioma ubicado&hellip;\" \/>\n<meta name=\"twitter:image\" content=\"https:\/\/pruebaalpha.org\/wp-content\/uploads\/2022\/01\/Captura-de-Pantalla-2022-01-19-a-las-15.44.15-1024x140.png\" \/>\n<meta name=\"twitter:site\" content=\"@AlphaLatam\" \/>\n<script type=\"application\/ld+json\" class=\"yoast-schema-graph\">{\"@context\":\"https:\\\/\\\/schema.org\",\"@graph\":[{\"@type\":\"WebPage\",\"@id\":\"https:\\\/\\\/pruebaalpha.org\\\/cambio-de-idioma-alphanow\\\/\",\"url\":\"https:\\\/\\\/pruebaalpha.org\\\/cambio-de-idioma-alphanow\\\/\",\"name\":\"Cambio de idioma - Alpha LAC\",\"isPartOf\":{\"@id\":\"https:\\\/\\\/pruebaalpha.org\\\/#website\"},\"primaryImageOfPage\":{\"@id\":\"https:\\\/\\\/pruebaalpha.org\\\/cambio-de-idioma-alphanow\\\/#primaryimage\"},\"image\":{\"@id\":\"https:\\\/\\\/pruebaalpha.org\\\/cambio-de-idioma-alphanow\\\/#primaryimage\"},\"thumbnailUrl\":\"https:\\\/\\\/pruebaalpha.org\\\/wp-content\\\/uploads\\\/2022\\\/01\\\/Captura-de-Pantalla-2022-01-19-a-las-15.44.15-1024x140.png\",\"datePublished\":\"2022-01-19T18:34:44+00:00\",\"dateModified\":\"2023-03-20T14:25:02+00:00\",\"breadcrumb\":{\"@id\":\"https:\\\/\\\/pruebaalpha.org\\\/cambio-de-idioma-alphanow\\\/#breadcrumb\"},\"inLanguage\":\"en-US\",\"potentialAction\":[{\"@type\":\"ReadAction\",\"target\":[\"https:\\\/\\\/pruebaalpha.org\\\/cambio-de-idioma-alphanow\\\/\"]}]},{\"@type\":\"ImageObject\",\"inLanguage\":\"en-US\",\"@id\":\"https:\\\/\\\/pruebaalpha.org\\\/cambio-de-idioma-alphanow\\\/#primaryimage\",\"url\":\"https:\\\/\\\/pruebaalpha.org\\\/wp-content\\\/uploads\\\/2022\\\/01\\\/Captura-de-Pantalla-2022-01-19-a-las-15.44.15-1024x140.png\",\"contentUrl\":\"https:\\\/\\\/pruebaalpha.org\\\/wp-content\\\/uploads\\\/2022\\\/01\\\/Captura-de-Pantalla-2022-01-19-a-las-15.44.15-1024x140.png\"},{\"@type\":\"BreadcrumbList\",\"@id\":\"https:\\\/\\\/pruebaalpha.org\\\/cambio-de-idioma-alphanow\\\/#breadcrumb\",\"itemListElement\":[{\"@type\":\"ListItem\",\"position\":1,\"name\":\"Home\",\"item\":\"https:\\\/\\\/pruebaalpha.org\\\/\"},{\"@type\":\"ListItem\",\"position\":2,\"name\":\"Cambio de idioma\"}]},{\"@type\":\"WebSite\",\"@id\":\"https:\\\/\\\/pruebaalpha.org\\\/#website\",\"url\":\"https:\\\/\\\/pruebaalpha.org\\\/\",\"name\":\"Alpha LATAM\",\"description\":\"Alpha es una serie de sesiones interactivas donde puedes explorar libremente lo b\u00e1sico de la fe cristiana. No hay presi\u00f3n, obligaci\u00f3n ni costo.\",\"publisher\":{\"@id\":\"https:\\\/\\\/pruebaalpha.org\\\/#organization\"},\"potentialAction\":[{\"@type\":\"SearchAction\",\"target\":{\"@type\":\"EntryPoint\",\"urlTemplate\":\"https:\\\/\\\/pruebaalpha.org\\\/?s={search_term_string}\"},\"query-input\":{\"@type\":\"PropertyValueSpecification\",\"valueRequired\":true,\"valueName\":\"search_term_string\"}}],\"inLanguage\":\"en-US\"},{\"@type\":\"Organization\",\"@id\":\"https:\\\/\\\/pruebaalpha.org\\\/#organization\",\"name\":\"Alpha LATAM\",\"url\":\"https:\\\/\\\/pruebaalpha.org\\\/\",\"logo\":{\"@type\":\"ImageObject\",\"inLanguage\":\"en-US\",\"@id\":\"https:\\\/\\\/pruebaalpha.org\\\/#\\\/schema\\\/logo\\\/image\\\/\",\"url\":\"https:\\\/\\\/pruebaalpha.org\\\/wp-content\\\/uploads\\\/2021\\\/08\\\/Alpha-Logo_Red.png\",\"contentUrl\":\"https:\\\/\\\/pruebaalpha.org\\\/wp-content\\\/uploads\\\/2021\\\/08\\\/Alpha-Logo_Red.png\",\"width\":2426,\"height\":2190,\"caption\":\"Alpha LATAM\"},\"image\":{\"@id\":\"https:\\\/\\\/pruebaalpha.org\\\/#\\\/schema\\\/logo\\\/image\\\/\"},\"sameAs\":[\"https:\\\/\\\/www.facebook.com\\\/alphaenespanol\",\"https:\\\/\\\/x.com\\\/AlphaLatam\",\"https:\\\/\\\/www.instagram.com\\\/alphaenespanol\",\"https:\\\/\\\/www.youtube.com\\\/@AlphaenEspanol\"]}]}<\/script>\n<!-- \/ Yoast SEO plugin. -->","yoast_head_json":{"title":"Cambio de idioma - Alpha LAC","robots":{"index":"index","follow":"follow","max-snippet":"max-snippet:-1","max-image-preview":"max-image-preview:large","max-video-preview":"max-video-preview:-1"},"canonical":"https:\/\/pruebaalpha.org\/en\/cambio-de-idioma-alphanow\/","twitter_card":"summary_large_image","twitter_title":"Cambio de idioma - Alpha LAC","twitter_description":"\u00a0 Centro de Ayuda AlphaNow\u00a0\u00bb\u00a0Experimenta AlphaNow \u00bb Cambio de idioma \u00a0 Cambiar idioma\u00a0\u00a0 Cambiar el idioma predeterminado de la aplicaci\u00f3n (ingl\u00e9s)\u00a0\u00a0\u00a0 1. Haz clic en el icono de idioma ubicado&hellip;","twitter_image":"https:\/\/pruebaalpha.org\/wp-content\/uploads\/2022\/01\/Captura-de-Pantalla-2022-01-19-a-las-15.44.15-1024x140.png","twitter_site":"@AlphaLatam","schema":{"@context":"https:\/\/schema.org","@graph":[{"@type":"WebPage","@id":"https:\/\/pruebaalpha.org\/cambio-de-idioma-alphanow\/","url":"https:\/\/pruebaalpha.org\/cambio-de-idioma-alphanow\/","name":"Cambio de idioma - Alpha LAC","isPartOf":{"@id":"https:\/\/pruebaalpha.org\/#website"},"primaryImageOfPage":{"@id":"https:\/\/pruebaalpha.org\/cambio-de-idioma-alphanow\/#primaryimage"},"image":{"@id":"https:\/\/pruebaalpha.org\/cambio-de-idioma-alphanow\/#primaryimage"},"thumbnailUrl":"https:\/\/pruebaalpha.org\/wp-content\/uploads\/2022\/01\/Captura-de-Pantalla-2022-01-19-a-las-15.44.15-1024x140.png","datePublished":"2022-01-19T18:34:44+00:00","dateModified":"2023-03-20T14:25:02+00:00","breadcrumb":{"@id":"https:\/\/pruebaalpha.org\/cambio-de-idioma-alphanow\/#breadcrumb"},"inLanguage":"en-US","potentialAction":[{"@type":"ReadAction","target":["https:\/\/pruebaalpha.org\/cambio-de-idioma-alphanow\/"]}]},{"@type":"ImageObject","inLanguage":"en-US","@id":"https:\/\/pruebaalpha.org\/cambio-de-idioma-alphanow\/#primaryimage","url":"https:\/\/pruebaalpha.org\/wp-content\/uploads\/2022\/01\/Captura-de-Pantalla-2022-01-19-a-las-15.44.15-1024x140.png","contentUrl":"https:\/\/pruebaalpha.org\/wp-content\/uploads\/2022\/01\/Captura-de-Pantalla-2022-01-19-a-las-15.44.15-1024x140.png"},{"@type":"BreadcrumbList","@id":"https:\/\/pruebaalpha.org\/cambio-de-idioma-alphanow\/#breadcrumb","itemListElement":[{"@type":"ListItem","position":1,"name":"Home","item":"https:\/\/pruebaalpha.org\/"},{"@type":"ListItem","position":2,"name":"Cambio de idioma"}]},{"@type":"WebSite","@id":"https:\/\/pruebaalpha.org\/#website","url":"https:\/\/pruebaalpha.org\/","name":"Alpha LATAM","description":"Alpha es una serie de sesiones interactivas donde puedes explorar libremente lo b\u00e1sico de la fe cristiana. No hay presi\u00f3n, obligaci\u00f3n ni costo.","publisher":{"@id":"https:\/\/pruebaalpha.org\/#organization"},"potentialAction":[{"@type":"SearchAction","target":{"@type":"EntryPoint","urlTemplate":"https:\/\/pruebaalpha.org\/?s={search_term_string}"},"query-input":{"@type":"PropertyValueSpecification","valueRequired":true,"valueName":"search_term_string"}}],"inLanguage":"en-US"},{"@type":"Organization","@id":"https:\/\/pruebaalpha.org\/#organization","name":"Alpha LATAM","url":"https:\/\/pruebaalpha.org\/","logo":{"@type":"ImageObject","inLanguage":"en-US","@id":"https:\/\/pruebaalpha.org\/#\/schema\/logo\/image\/","url":"https:\/\/pruebaalpha.org\/wp-content\/uploads\/2021\/08\/Alpha-Logo_Red.png","contentUrl":"https:\/\/pruebaalpha.org\/wp-content\/uploads\/2021\/08\/Alpha-Logo_Red.png","width":2426,"height":2190,"caption":"Alpha LATAM"},"image":{"@id":"https:\/\/pruebaalpha.org\/#\/schema\/logo\/image\/"},"sameAs":["https:\/\/www.facebook.com\/alphaenespanol","https:\/\/x.com\/AlphaLatam","https:\/\/www.instagram.com\/alphaenespanol","https:\/\/www.youtube.com\/@AlphaenEspanol"]}]}},"_links":{"self":[{"href":"https:\/\/pruebaalpha.org\/en\/wp-json\/wp\/v2\/pages\/5219","targetHints":{"allow":["GET"]}}],"collection":[{"href":"https:\/\/pruebaalpha.org\/en\/wp-json\/wp\/v2\/pages"}],"about":[{"href":"https:\/\/pruebaalpha.org\/en\/wp-json\/wp\/v2\/types\/page"}],"author":[{"embeddable":true,"href":"https:\/\/pruebaalpha.org\/en\/wp-json\/wp\/v2\/users\/6"}],"replies":[{"embeddable":true,"href":"https:\/\/pruebaalpha.org\/en\/wp-json\/wp\/v2\/comments?post=5219"}],"version-history":[{"count":0,"href":"https:\/\/pruebaalpha.org\/en\/wp-json\/wp\/v2\/pages\/5219\/revisions"}],"wp:attachment":[{"href":"https:\/\/pruebaalpha.org\/en\/wp-json\/wp\/v2\/media?parent=5219"}],"curies":[{"name":"wp","href":"https:\/\/api.w.org\/{rel}","templated":true}]}}