{"id":5207,"date":"2022-01-18T17:34:35","date_gmt":"2022-01-18T20:34:35","guid":{"rendered":"https:\/\/pruebaalpha.org\/?page_id=5207"},"modified":"2023-03-20T11:11:30","modified_gmt":"2023-03-20T14:11:30","slug":"perfil-alphanow","status":"publish","type":"page","link":"https:\/\/pruebaalpha.org\/en\/perfil-alphanow\/","title":{"rendered":"Perfil &#8211; Alpha Now"},"content":{"rendered":"<div data-elementor-type=\"wp-page\" data-elementor-id=\"5207\" class=\"elementor elementor-5207\" data-elementor-settings=\"{&quot;element_pack_global_tooltip_width&quot;:{&quot;unit&quot;:&quot;px&quot;,&quot;size&quot;:&quot;&quot;,&quot;sizes&quot;:[]},&quot;element_pack_global_tooltip_width_tablet&quot;:{&quot;unit&quot;:&quot;px&quot;,&quot;size&quot;:&quot;&quot;,&quot;sizes&quot;:[]},&quot;element_pack_global_tooltip_width_mobile&quot;:{&quot;unit&quot;:&quot;px&quot;,&quot;size&quot;:&quot;&quot;,&quot;sizes&quot;:[]},&quot;element_pack_global_tooltip_padding&quot;:{&quot;unit&quot;:&quot;px&quot;,&quot;top&quot;:&quot;&quot;,&quot;right&quot;:&quot;&quot;,&quot;bottom&quot;:&quot;&quot;,&quot;left&quot;:&quot;&quot;,&quot;isLinked&quot;:true},&quot;element_pack_global_tooltip_padding_tablet&quot;:{&quot;unit&quot;:&quot;px&quot;,&quot;top&quot;:&quot;&quot;,&quot;right&quot;:&quot;&quot;,&quot;bottom&quot;:&quot;&quot;,&quot;left&quot;:&quot;&quot;,&quot;isLinked&quot;:true},&quot;element_pack_global_tooltip_padding_mobile&quot;:{&quot;unit&quot;:&quot;px&quot;,&quot;top&quot;:&quot;&quot;,&quot;right&quot;:&quot;&quot;,&quot;bottom&quot;:&quot;&quot;,&quot;left&quot;:&quot;&quot;,&quot;isLinked&quot;:true},&quot;element_pack_global_tooltip_border_radius&quot;:{&quot;unit&quot;:&quot;px&quot;,&quot;top&quot;:&quot;&quot;,&quot;right&quot;:&quot;&quot;,&quot;bottom&quot;:&quot;&quot;,&quot;left&quot;:&quot;&quot;,&quot;isLinked&quot;:true},&quot;element_pack_global_tooltip_border_radius_tablet&quot;:{&quot;unit&quot;:&quot;px&quot;,&quot;top&quot;:&quot;&quot;,&quot;right&quot;:&quot;&quot;,&quot;bottom&quot;:&quot;&quot;,&quot;left&quot;:&quot;&quot;,&quot;isLinked&quot;:true},&quot;element_pack_global_tooltip_border_radius_mobile&quot;:{&quot;unit&quot;:&quot;px&quot;,&quot;top&quot;:&quot;&quot;,&quot;right&quot;:&quot;&quot;,&quot;bottom&quot;:&quot;&quot;,&quot;left&quot;:&quot;&quot;,&quot;isLinked&quot;:true}}\" data-elementor-post-type=\"page\">\n\t\t\t\t\t\t<section class=\"has_eae_slider elementor-section elementor-top-section elementor-element elementor-element-71b3e26 elementor-section-height-min-height elementor-section-boxed elementor-section-height-default elementor-section-items-middle\" data-eae-slider=\"19529\" data-id=\"71b3e26\" data-element_type=\"section\" data-e-type=\"section\" data-settings=\"{&quot;background_background&quot;:&quot;classic&quot;}\">\n\t\t\t\t\t\t<div class=\"elementor-container elementor-column-gap-default\">\n\t\t\t\t\t<div class=\"has_eae_slider elementor-column elementor-col-100 elementor-top-column elementor-element elementor-element-5b55ca6\" data-eae-slider=\"82342\" data-id=\"5b55ca6\" data-element_type=\"column\" data-e-type=\"column\">\n\t\t\t<div class=\"elementor-widget-wrap\">\n\t\t\t\t\t\t\t<\/div>\n\t\t<\/div>\n\t\t\t\t\t<\/div>\n\t\t<\/section>\n\t\t\t\t<section class=\"has_eae_slider elementor-section elementor-top-section elementor-element elementor-element-4e37aa4d elementor-section-boxed elementor-section-height-default elementor-section-height-default\" data-eae-slider=\"60352\" data-id=\"4e37aa4d\" data-element_type=\"section\" data-e-type=\"section\">\n\t\t\t\t\t\t<div class=\"elementor-container elementor-column-gap-default\">\n\t\t\t\t\t<div class=\"has_eae_slider elementor-column elementor-col-100 elementor-top-column elementor-element elementor-element-3caf8330\" data-eae-slider=\"65781\" data-id=\"3caf8330\" data-element_type=\"column\" data-e-type=\"column\">\n\t\t\t<div class=\"elementor-widget-wrap elementor-element-populated\">\n\t\t\t\t\t\t<div class=\"elementor-element elementor-element-3cb0cfa6 elementor-widget elementor-widget-text-editor\" data-id=\"3cb0cfa6\" data-element_type=\"widget\" data-e-type=\"widget\" data-widget_type=\"text-editor.default\">\n\t\t\t\t<div class=\"elementor-widget-container\">\n\t\t\t\t\t\t\t\t\t<p>\u00a0<\/p><p><a href=\"http:\/\/pruebaalpha.org\/en\/ayudaalphanow\/\">Centro de Ayuda\u00a0<\/a><a href=\"http:\/\/pruebaalpha.org\/en\/ayudaalphanow\/\">AlphaNow\u00a0<\/a>\u00bb\u00a0<a href=\"https:\/\/pruebaalpha.org\/en\/experimentandoalphanow\/\">Experimenta AlphaNow<\/a> \u00bb Perfil<\/p><h2 aria-level=\"2\">\u00a0<\/h2><h2 style=\"text-align: center;\" aria-level=\"2\"><b><span data-contrast=\"none\">PERFIL<\/span><\/b><span data-contrast=\"none\">\u00a0<\/span><span data-ccp-props=\"{&quot;201341983&quot;:0,&quot;335559738&quot;:40,&quot;335559739&quot;:0,&quot;335559740&quot;:259}\">\u00a0<\/span><\/h2><h5><span data-contrast=\"none\">Los usuarios pueden cambiar\u00a0su\u00a0nombre,\u00a0foto\u00a0e\u00a0informaci\u00f3n b\u00e1sica.\u00a0\u00a0<\/span><span data-ccp-props=\"{&quot;201341983&quot;:0,&quot;335559739&quot;:160,&quot;335559740&quot;:259}\">\u00a0<\/span><\/h5><h5><span data-contrast=\"none\">\u00a0<\/span><br \/><b><span data-contrast=\"none\">ACCEDER\u00a0A LA P\u00c1GINA DE PERFIL<\/span><\/b><span data-ccp-props=\"{&quot;201341983&quot;:0,&quot;335559739&quot;:160,&quot;335559740&quot;:259}\">\u00a0<\/span><\/h5><h5><span data-contrast=\"none\">1. Ingresa al tablero <\/span><span data-ccp-props=\"{&quot;134233279&quot;:true,&quot;201341983&quot;:0,&quot;335559739&quot;:160,&quot;335559740&quot;:259}\">\u00a0<\/span><\/h5><h5><span data-contrast=\"none\">2. Haz clic en el icono de perfil<\/span><span data-ccp-props=\"{&quot;134233279&quot;:true,&quot;201341983&quot;:0,&quot;335559739&quot;:160,&quot;335559740&quot;:259}\">\u00a0<\/span><\/h5>\t\t\t\t\t\t\t\t<\/div>\n\t\t\t\t<\/div>\n\t\t\t\t<div class=\"elementor-element elementor-element-21266e2 elementor-widget elementor-widget-image\" data-id=\"21266e2\" data-element_type=\"widget\" data-e-type=\"widget\" data-widget_type=\"image.default\">\n\t\t\t\t<div class=\"elementor-widget-container\">\n\t\t\t\t\t\t\t\t\t\t\t\t\t\t\t<img fetchpriority=\"high\" decoding=\"async\" width=\"806\" height=\"364\" src=\"https:\/\/pruebaalpha.org\/wp-content\/uploads\/2022\/01\/Captura-de-Pantalla-2022-01-18-a-las-17.27.47.png\" class=\"attachment-large size-large wp-image-5208\" alt=\"\" srcset=\"https:\/\/pruebaalpha.org\/wp-content\/uploads\/2022\/01\/Captura-de-Pantalla-2022-01-18-a-las-17.27.47.png 806w, https:\/\/pruebaalpha.org\/wp-content\/uploads\/2022\/01\/Captura-de-Pantalla-2022-01-18-a-las-17.27.47-300x135.png 300w, https:\/\/pruebaalpha.org\/wp-content\/uploads\/2022\/01\/Captura-de-Pantalla-2022-01-18-a-las-17.27.47-768x347.png 768w, https:\/\/pruebaalpha.org\/wp-content\/uploads\/2022\/01\/Captura-de-Pantalla-2022-01-18-a-las-17.27.47-370x167.png 370w, https:\/\/pruebaalpha.org\/wp-content\/uploads\/2022\/01\/Captura-de-Pantalla-2022-01-18-a-las-17.27.47-760x343.png 760w\" sizes=\"(max-width: 806px) 100vw, 806px\" \/>\t\t\t\t\t\t\t\t\t\t\t\t\t\t\t<\/div>\n\t\t\t\t<\/div>\n\t\t\t\t<div class=\"elementor-element elementor-element-05f6866 elementor-widget elementor-widget-text-editor\" data-id=\"05f6866\" data-element_type=\"widget\" data-e-type=\"widget\" data-widget_type=\"text-editor.default\">\n\t\t\t\t<div class=\"elementor-widget-container\">\n\t\t\t\t\t\t\t\t\t<div class=\"wpb_text_column wpb_content_element\"><div class=\"wpb_wrapper\"><h5><b><span data-contrast=\"none\">A\u00d1ADIR O CAMBIAR\u00a0FOTO\u00a0DE PERFIL<\/span><\/b><span data-contrast=\"none\">\u00a0<\/span><span data-ccp-props=\"{&quot;201341983&quot;:0,&quot;335559739&quot;:160,&quot;335559740&quot;:259}\">\u00a0<\/span><\/h5><h5><span data-contrast=\"none\">3. Haz clic en el icono de foto de perfil\u00a0<\/span><span data-ccp-props=\"{&quot;134233279&quot;:true,&quot;201341983&quot;:0,&quot;335559739&quot;:160,&quot;335559740&quot;:259}\">\u00a0<\/span><\/h5><\/div><\/div>\t\t\t\t\t\t\t\t<\/div>\n\t\t\t\t<\/div>\n\t\t\t\t<div class=\"elementor-element elementor-element-efa90d3 elementor-widget elementor-widget-image\" data-id=\"efa90d3\" data-element_type=\"widget\" data-e-type=\"widget\" data-widget_type=\"image.default\">\n\t\t\t\t<div class=\"elementor-widget-container\">\n\t\t\t\t\t\t\t\t\t\t\t\t\t\t\t<img decoding=\"async\" width=\"1024\" height=\"576\" src=\"https:\/\/pruebaalpha.org\/wp-content\/uploads\/2022\/01\/Perfil-1024x576.png\" class=\"attachment-large size-large wp-image-5213\" alt=\"\" srcset=\"https:\/\/pruebaalpha.org\/wp-content\/uploads\/2022\/01\/Perfil-1024x576.png 1024w, https:\/\/pruebaalpha.org\/wp-content\/uploads\/2022\/01\/Perfil-300x169.png 300w, https:\/\/pruebaalpha.org\/wp-content\/uploads\/2022\/01\/Perfil-768x432.png 768w, https:\/\/pruebaalpha.org\/wp-content\/uploads\/2022\/01\/Perfil-1536x864.png 1536w, https:\/\/pruebaalpha.org\/wp-content\/uploads\/2022\/01\/Perfil-370x208.png 370w, https:\/\/pruebaalpha.org\/wp-content\/uploads\/2022\/01\/Perfil-760x428.png 760w, https:\/\/pruebaalpha.org\/wp-content\/uploads\/2022\/01\/Perfil-270x152.png 270w, https:\/\/pruebaalpha.org\/wp-content\/uploads\/2022\/01\/Perfil.png 1920w\" sizes=\"(max-width: 1024px) 100vw, 1024px\" \/>\t\t\t\t\t\t\t\t\t\t\t\t\t\t\t<\/div>\n\t\t\t\t<\/div>\n\t\t\t\t<div class=\"elementor-element elementor-element-8c59114 elementor-widget elementor-widget-text-editor\" data-id=\"8c59114\" data-element_type=\"widget\" data-e-type=\"widget\" data-widget_type=\"text-editor.default\">\n\t\t\t\t<div class=\"elementor-widget-container\">\n\t\t\t\t\t\t\t\t\t<div class=\"wpb_text_column wpb_content_element\"><div class=\"wpb_wrapper\"><h5>\u00a0<\/h5><h5><span data-contrast=\"none\">4. Aparecer\u00e1 una ventana d\u00e1ndote acceso a tu disco duro local.<\/span><span data-ccp-props=\"{&quot;134233279&quot;:true,&quot;201341983&quot;:0,&quot;335559739&quot;:160,&quot;335559740&quot;:259}\">\u00a0<\/span><\/h5><h5><span data-contrast=\"none\">5. Selecciona el archivo de imagen que deseas para tu foto de perfil y confirma (hay un l\u00edmite de tama\u00f1o de 1 MB para el archivo de imagen).<\/span><span data-ccp-props=\"{&quot;134233279&quot;:true,&quot;201341983&quot;:0,&quot;335559739&quot;:160,&quot;335559740&quot;:259}\">\u00a0<\/span><\/h5><h5><span data-ccp-props=\"{&quot;201341983&quot;:0,&quot;335559739&quot;:160,&quot;335559740&quot;:259}\">\u00a0<\/span><\/h5><h5><b><span data-contrast=\"none\">EDITAR NOMBRE\u00a0DE PANTALLA\u00a0<\/span><\/b><span data-ccp-props=\"{&quot;201341983&quot;:0,&quot;335559739&quot;:160,&quot;335559740&quot;:259}\">\u00a0<\/span><\/h5><h5><span data-contrast=\"none\">6. Introduce tu nombre en el campo donde dice:\u00a0<\/span><i><span data-contrast=\"none\">Tu nombre.<\/span><\/i><br \/><span data-ccp-props=\"{&quot;134233279&quot;:true,&quot;201341983&quot;:0,&quot;335559739&quot;:160,&quot;335559740&quot;:259}\">\u00a0<\/span><\/h5><h5><b><span data-contrast=\"none\">CAMBIAR DIRECCI\u00d3N DE CORREO ELECTR\u00d3NICO (ADMINISTRADOR o ANFITRI\u00d3N)<\/span><\/b><span data-contrast=\"none\">\u00a0<\/span><span data-ccp-props=\"{&quot;201341983&quot;:0,&quot;335559739&quot;:160,&quot;335559740&quot;:259}\">\u00a0<\/span><\/h5><h5><span data-contrast=\"none\">7. Si necesitas cambiar tu direcci\u00f3n de correo electr\u00f3nico, env\u00eda una solicitud a trav\u00e9s de nuestro chatbot.\u00a0<\/span><span data-ccp-props=\"{&quot;134233279&quot;:true,&quot;201341983&quot;:0,&quot;335559739&quot;:160,&quot;335559740&quot;:259}\">\u00a0<\/span><\/h5><h5><b><span data-contrast=\"none\">CAMBIAR CONTRASE\u00d1A (ADMINISTRADOR o ANFITRI\u00d3N)<\/span><\/b><span data-contrast=\"none\">\u00a0<\/span><br \/><span data-ccp-props=\"{&quot;201341983&quot;:0,&quot;335559739&quot;:160,&quot;335559740&quot;:259}\">\u00a0<\/span><\/h5><h5><span data-contrast=\"none\">Si has olvidado o necesitas cambiar tu contrase\u00f1a, puedes cambiar la contrase\u00f1a desde la p\u00e1gina de inicio de sesi\u00f3n o la p\u00e1gina de perfil.\u00a0<\/span><span data-ccp-props=\"{&quot;201341983&quot;:0,&quot;335559739&quot;:160,&quot;335559740&quot;:259}\">\u00a0<\/span><\/h5><h5>8. P\u00e1gina de inicio de sesi\u00f3n<br \/><span data-ccp-props=\"{&quot;134233279&quot;:true,&quot;201341983&quot;:0,&quot;335559739&quot;:160,&quot;335559740&quot;:259}\">\u00a0<\/span><\/h5><ul><li data-leveltext=\"\uf0b7\" data-font=\"Symbol\" data-listid=\"1\" aria-setsize=\"-1\" data-aria-posinset=\"1\" data-aria-level=\"1\"><h5><span data-contrast=\"none\">Haz clic en el\u00a0bot\u00f3n\u00a0<\/span><i><span data-contrast=\"none\">He olvidado mi\u00a0contrase\u00f1a<\/span><\/i><span data-contrast=\"none\">\u00a0en la p\u00e1gina\u00a0de inicio de sesi\u00f3n\u00a0<\/span><span data-ccp-props=\"{&quot;134233279&quot;:true,&quot;201341983&quot;:0,&quot;335559739&quot;:160,&quot;335559740&quot;:259}\">\u00a0<\/span><\/h5><\/li><li data-leveltext=\"\uf0b7\" data-font=\"Symbol\" data-listid=\"1\" aria-setsize=\"-1\" data-aria-posinset=\"2\" data-aria-level=\"1\"><h5><span data-contrast=\"none\">Introduce\u00a0tu direcci\u00f3n de correo electr\u00f3nico\u00a0<\/span><span data-ccp-props=\"{&quot;134233279&quot;:true,&quot;201341983&quot;:0,&quot;335559739&quot;:160,&quot;335559740&quot;:259}\">\u00a0<\/span><\/h5><\/li><li data-leveltext=\"\uf0b7\" data-font=\"Symbol\" data-listid=\"1\" aria-setsize=\"-1\" data-aria-posinset=\"3\" data-aria-level=\"1\"><h5><span data-contrast=\"none\">El correo electr\u00f3nico ingresado\u00a0recibir\u00e1\u00a0un\u00a0enlace\u00a0para restablecer la contrase\u00f1a\u00a0\u00a0<\/span><span data-ccp-props=\"{&quot;134233279&quot;:true,&quot;201341983&quot;:0,&quot;335559739&quot;:160,&quot;335559740&quot;:259}\">\u00a0<\/span><\/h5><\/li><li data-leveltext=\"\uf0b7\" data-font=\"Symbol\" data-listid=\"1\" aria-setsize=\"-1\" data-aria-posinset=\"4\" data-aria-level=\"1\"><h5><span data-contrast=\"none\">Haz clic en el enlace del correo electr\u00f3nico.\u00a0<\/span><span data-ccp-props=\"{&quot;134233279&quot;:true,&quot;201341983&quot;:0,&quot;335559739&quot;:160,&quot;335559740&quot;:259}\">\u00a0<\/span><\/h5><\/li><li data-leveltext=\"\uf0b7\" data-font=\"Symbol\" data-listid=\"1\" aria-setsize=\"-1\" data-aria-posinset=\"5\" data-aria-level=\"1\"><h5><span data-contrast=\"none\">En\u00a0el campo\u00a0<\/span><i><span data-contrast=\"none\">Restablecer contrase\u00f1a<\/span><\/i><span data-contrast=\"none\">, ingresa tu nueva contrase\u00f1a\u00a0<\/span><span data-ccp-props=\"{&quot;134233279&quot;:true,&quot;201341983&quot;:0,&quot;335559739&quot;:160,&quot;335559740&quot;:259}\">\u00a0<\/span><\/h5><\/li><\/ul><ul><li data-leveltext=\"\uf0b7\" data-font=\"Symbol\" data-listid=\"1\" aria-setsize=\"-1\" data-aria-posinset=\"1\" data-aria-level=\"1\"><h5><span data-contrast=\"none\">Haz clic en\u00a0<\/span><i><span data-contrast=\"none\">Cambiar contrase\u00f1a<\/span><\/i><span data-contrast=\"none\">\u00a0<\/span><\/h5><h5>\u00a0<\/h5><\/li><\/ul><\/div><\/div><div class=\"wpb_text_column wpb_content_element\"><div class=\"wpb_wrapper\"><h5>9. P\u00e1gina de perfil\u00a0<\/h5><ul><li data-leveltext=\"\uf0b7\" data-font=\"Symbol\" data-listid=\"1\" aria-setsize=\"-1\" data-aria-posinset=\"2\" data-aria-level=\"1\"><h5><span data-contrast=\"none\">Despl\u00e1zate hacia abajo hasta\u00a0el campo\u00a0<\/span><i><span data-contrast=\"none\">Cambiar contrase\u00f1a<\/span><\/i><span data-contrast=\"none\">.<\/span><span data-ccp-props=\"{&quot;134233279&quot;:true,&quot;201341983&quot;:0,&quot;335559739&quot;:160,&quot;335559740&quot;:259}\">\u00a0<\/span><\/h5><\/li><li data-leveltext=\"\uf0b7\" data-font=\"Symbol\" data-listid=\"1\" aria-setsize=\"-1\" data-aria-posinset=\"3\" data-aria-level=\"1\"><h5><span data-contrast=\"none\">Introduce\u00a0tu contrase\u00f1a\u00a0actual.\u00a0<\/span><span data-ccp-props=\"{&quot;134233279&quot;:true,&quot;201341983&quot;:0,&quot;335559739&quot;:160,&quot;335559740&quot;:259}\">\u00a0<\/span><\/h5><\/li><li data-leveltext=\"\uf0b7\" data-font=\"Symbol\" data-listid=\"1\" aria-setsize=\"-1\" data-aria-posinset=\"4\" data-aria-level=\"1\"><h5><span data-contrast=\"none\">Ingresa\u00a0tu nueva contrase\u00f1a en\u00a0el\u00a0primer campo,\u00a0y\u00a0luego en el segundo\u00a0para\u00a0confirmarla.\u00a0\u00a0<\/span><span data-ccp-props=\"{&quot;134233279&quot;:true,&quot;201341983&quot;:0,&quot;335559739&quot;:160,&quot;335559740&quot;:259}\">\u00a0<\/span><\/h5><\/li><\/ul><ul><li data-leveltext=\"\uf0b7\" data-font=\"Symbol\" data-listid=\"1\" aria-setsize=\"-1\" data-aria-posinset=\"1\" data-aria-level=\"1\"><h5><span data-contrast=\"none\">Haz clic en\u00a0<\/span><i><span data-contrast=\"none\">Cambiar contrase\u00f1a.<\/span><\/i><span data-ccp-props=\"{&quot;134233279&quot;:true,&quot;201341983&quot;:0,&quot;335559739&quot;:160,&quot;335559740&quot;:259}\">\u00a0<\/span><\/h5><\/li><\/ul><\/div><\/div>\t\t\t\t\t\t\t\t<\/div>\n\t\t\t\t<\/div>\n\t\t\t\t<div class=\"elementor-element elementor-element-67b5990 elementor-widget elementor-widget-spacer\" data-id=\"67b5990\" data-element_type=\"widget\" data-e-type=\"widget\" data-widget_type=\"spacer.default\">\n\t\t\t\t<div class=\"elementor-widget-container\">\n\t\t\t\t\t\t\t<div class=\"elementor-spacer\">\n\t\t\t<div class=\"elementor-spacer-inner\"><\/div>\n\t\t<\/div>\n\t\t\t\t\t\t<\/div>\n\t\t\t\t<\/div>\n\t\t\t\t\t<\/div>\n\t\t<\/div>\n\t\t\t\t\t<\/div>\n\t\t<\/section>\n\t\t\t\t<\/div>","protected":false},"excerpt":{"rendered":"<p>\u00a0 Centro de Ayuda\u00a0AlphaNow\u00a0\u00bb\u00a0Experimenta AlphaNow \u00bb Perfil \u00a0 PERFIL\u00a0\u00a0 Los usuarios pueden cambiar\u00a0su\u00a0nombre,\u00a0foto\u00a0e\u00a0informaci\u00f3n b\u00e1sica.\u00a0\u00a0\u00a0 \u00a0ACCEDER\u00a0A LA P\u00c1GINA DE PERFIL\u00a0 1. Ingresa al tablero \u00a0 2. Haz clic en el icono&hellip;<\/p>","protected":false},"author":6,"featured_media":0,"parent":0,"menu_order":0,"comment_status":"closed","ping_status":"closed","template":"","meta":{"_monsterinsights_skip_tracking":false,"_monsterinsights_sitenote_active":false,"_monsterinsights_sitenote_note":"","_monsterinsights_sitenote_category":0,"footnotes":""},"class_list":["post-5207","page","type-page","status-publish","hentry"],"yoast_head":"<!-- This site is optimized with the Yoast SEO plugin v27.4 - https:\/\/yoast.com\/product\/yoast-seo-wordpress\/ -->\n<title>Perfil - Alpha Now - Alpha LAC<\/title>\n<meta name=\"robots\" content=\"index, follow, max-snippet:-1, max-image-preview:large, max-video-preview:-1\" \/>\n<link rel=\"canonical\" href=\"https:\/\/pruebaalpha.org\/en\/perfil-alphanow\/\" \/>\n<meta name=\"twitter:card\" content=\"summary_large_image\" \/>\n<meta name=\"twitter:title\" content=\"Perfil - Alpha Now - Alpha LAC\" \/>\n<meta name=\"twitter:description\" content=\"\u00a0 Centro de Ayuda\u00a0AlphaNow\u00a0\u00bb\u00a0Experimenta AlphaNow \u00bb Perfil \u00a0 PERFIL\u00a0\u00a0 Los usuarios pueden cambiar\u00a0su\u00a0nombre,\u00a0foto\u00a0e\u00a0informaci\u00f3n b\u00e1sica.\u00a0\u00a0\u00a0 \u00a0ACCEDER\u00a0A LA P\u00c1GINA DE PERFIL\u00a0 1. Ingresa al tablero \u00a0 2. Haz clic en el icono&hellip;\" \/>\n<meta name=\"twitter:image\" content=\"https:\/\/pruebaalpha.org\/wp-content\/uploads\/2022\/01\/Captura-de-Pantalla-2022-01-18-a-las-17.27.47.png\" \/>\n<meta name=\"twitter:site\" content=\"@AlphaLatam\" \/>\n<meta name=\"twitter:label1\" content=\"Est. reading time\" \/>\n\t<meta name=\"twitter:data1\" content=\"1 minute\" \/>\n<script type=\"application\/ld+json\" class=\"yoast-schema-graph\">{\"@context\":\"https:\\\/\\\/schema.org\",\"@graph\":[{\"@type\":\"WebPage\",\"@id\":\"https:\\\/\\\/pruebaalpha.org\\\/perfil-alphanow\\\/\",\"url\":\"https:\\\/\\\/pruebaalpha.org\\\/perfil-alphanow\\\/\",\"name\":\"Perfil - Alpha Now - Alpha LAC\",\"isPartOf\":{\"@id\":\"https:\\\/\\\/pruebaalpha.org\\\/#website\"},\"primaryImageOfPage\":{\"@id\":\"https:\\\/\\\/pruebaalpha.org\\\/perfil-alphanow\\\/#primaryimage\"},\"image\":{\"@id\":\"https:\\\/\\\/pruebaalpha.org\\\/perfil-alphanow\\\/#primaryimage\"},\"thumbnailUrl\":\"https:\\\/\\\/pruebaalpha.org\\\/wp-content\\\/uploads\\\/2022\\\/01\\\/Captura-de-Pantalla-2022-01-18-a-las-17.27.47.png\",\"datePublished\":\"2022-01-18T20:34:35+00:00\",\"dateModified\":\"2023-03-20T14:11:30+00:00\",\"breadcrumb\":{\"@id\":\"https:\\\/\\\/pruebaalpha.org\\\/perfil-alphanow\\\/#breadcrumb\"},\"inLanguage\":\"en-US\",\"potentialAction\":[{\"@type\":\"ReadAction\",\"target\":[\"https:\\\/\\\/pruebaalpha.org\\\/perfil-alphanow\\\/\"]}]},{\"@type\":\"ImageObject\",\"inLanguage\":\"en-US\",\"@id\":\"https:\\\/\\\/pruebaalpha.org\\\/perfil-alphanow\\\/#primaryimage\",\"url\":\"https:\\\/\\\/pruebaalpha.org\\\/wp-content\\\/uploads\\\/2022\\\/01\\\/Captura-de-Pantalla-2022-01-18-a-las-17.27.47.png\",\"contentUrl\":\"https:\\\/\\\/pruebaalpha.org\\\/wp-content\\\/uploads\\\/2022\\\/01\\\/Captura-de-Pantalla-2022-01-18-a-las-17.27.47.png\"},{\"@type\":\"BreadcrumbList\",\"@id\":\"https:\\\/\\\/pruebaalpha.org\\\/perfil-alphanow\\\/#breadcrumb\",\"itemListElement\":[{\"@type\":\"ListItem\",\"position\":1,\"name\":\"Home\",\"item\":\"https:\\\/\\\/pruebaalpha.org\\\/\"},{\"@type\":\"ListItem\",\"position\":2,\"name\":\"Perfil &#8211; Alpha Now\"}]},{\"@type\":\"WebSite\",\"@id\":\"https:\\\/\\\/pruebaalpha.org\\\/#website\",\"url\":\"https:\\\/\\\/pruebaalpha.org\\\/\",\"name\":\"Alpha LATAM\",\"description\":\"Alpha es una serie de sesiones interactivas donde puedes explorar libremente lo b\u00e1sico de la fe cristiana. No hay presi\u00f3n, obligaci\u00f3n ni costo.\",\"publisher\":{\"@id\":\"https:\\\/\\\/pruebaalpha.org\\\/#organization\"},\"potentialAction\":[{\"@type\":\"SearchAction\",\"target\":{\"@type\":\"EntryPoint\",\"urlTemplate\":\"https:\\\/\\\/pruebaalpha.org\\\/?s={search_term_string}\"},\"query-input\":{\"@type\":\"PropertyValueSpecification\",\"valueRequired\":true,\"valueName\":\"search_term_string\"}}],\"inLanguage\":\"en-US\"},{\"@type\":\"Organization\",\"@id\":\"https:\\\/\\\/pruebaalpha.org\\\/#organization\",\"name\":\"Alpha LATAM\",\"url\":\"https:\\\/\\\/pruebaalpha.org\\\/\",\"logo\":{\"@type\":\"ImageObject\",\"inLanguage\":\"en-US\",\"@id\":\"https:\\\/\\\/pruebaalpha.org\\\/#\\\/schema\\\/logo\\\/image\\\/\",\"url\":\"https:\\\/\\\/pruebaalpha.org\\\/wp-content\\\/uploads\\\/2021\\\/08\\\/Alpha-Logo_Red.png\",\"contentUrl\":\"https:\\\/\\\/pruebaalpha.org\\\/wp-content\\\/uploads\\\/2021\\\/08\\\/Alpha-Logo_Red.png\",\"width\":2426,\"height\":2190,\"caption\":\"Alpha LATAM\"},\"image\":{\"@id\":\"https:\\\/\\\/pruebaalpha.org\\\/#\\\/schema\\\/logo\\\/image\\\/\"},\"sameAs\":[\"https:\\\/\\\/www.facebook.com\\\/alphaenespanol\",\"https:\\\/\\\/x.com\\\/AlphaLatam\",\"https:\\\/\\\/www.instagram.com\\\/alphaenespanol\",\"https:\\\/\\\/www.youtube.com\\\/@AlphaenEspanol\"]}]}<\/script>\n<!-- \/ Yoast SEO plugin. -->","yoast_head_json":{"title":"Perfil - Alpha Now - Alpha LAC","robots":{"index":"index","follow":"follow","max-snippet":"max-snippet:-1","max-image-preview":"max-image-preview:large","max-video-preview":"max-video-preview:-1"},"canonical":"https:\/\/pruebaalpha.org\/en\/perfil-alphanow\/","twitter_card":"summary_large_image","twitter_title":"Perfil - Alpha Now - Alpha LAC","twitter_description":"\u00a0 Centro de Ayuda\u00a0AlphaNow\u00a0\u00bb\u00a0Experimenta AlphaNow \u00bb Perfil \u00a0 PERFIL\u00a0\u00a0 Los usuarios pueden cambiar\u00a0su\u00a0nombre,\u00a0foto\u00a0e\u00a0informaci\u00f3n b\u00e1sica.\u00a0\u00a0\u00a0 \u00a0ACCEDER\u00a0A LA P\u00c1GINA DE PERFIL\u00a0 1. Ingresa al tablero \u00a0 2. Haz clic en el icono&hellip;","twitter_image":"https:\/\/pruebaalpha.org\/wp-content\/uploads\/2022\/01\/Captura-de-Pantalla-2022-01-18-a-las-17.27.47.png","twitter_site":"@AlphaLatam","twitter_misc":{"Est. reading time":"1 minute"},"schema":{"@context":"https:\/\/schema.org","@graph":[{"@type":"WebPage","@id":"https:\/\/pruebaalpha.org\/perfil-alphanow\/","url":"https:\/\/pruebaalpha.org\/perfil-alphanow\/","name":"Perfil - Alpha Now - Alpha LAC","isPartOf":{"@id":"https:\/\/pruebaalpha.org\/#website"},"primaryImageOfPage":{"@id":"https:\/\/pruebaalpha.org\/perfil-alphanow\/#primaryimage"},"image":{"@id":"https:\/\/pruebaalpha.org\/perfil-alphanow\/#primaryimage"},"thumbnailUrl":"https:\/\/pruebaalpha.org\/wp-content\/uploads\/2022\/01\/Captura-de-Pantalla-2022-01-18-a-las-17.27.47.png","datePublished":"2022-01-18T20:34:35+00:00","dateModified":"2023-03-20T14:11:30+00:00","breadcrumb":{"@id":"https:\/\/pruebaalpha.org\/perfil-alphanow\/#breadcrumb"},"inLanguage":"en-US","potentialAction":[{"@type":"ReadAction","target":["https:\/\/pruebaalpha.org\/perfil-alphanow\/"]}]},{"@type":"ImageObject","inLanguage":"en-US","@id":"https:\/\/pruebaalpha.org\/perfil-alphanow\/#primaryimage","url":"https:\/\/pruebaalpha.org\/wp-content\/uploads\/2022\/01\/Captura-de-Pantalla-2022-01-18-a-las-17.27.47.png","contentUrl":"https:\/\/pruebaalpha.org\/wp-content\/uploads\/2022\/01\/Captura-de-Pantalla-2022-01-18-a-las-17.27.47.png"},{"@type":"BreadcrumbList","@id":"https:\/\/pruebaalpha.org\/perfil-alphanow\/#breadcrumb","itemListElement":[{"@type":"ListItem","position":1,"name":"Home","item":"https:\/\/pruebaalpha.org\/"},{"@type":"ListItem","position":2,"name":"Perfil &#8211; Alpha Now"}]},{"@type":"WebSite","@id":"https:\/\/pruebaalpha.org\/#website","url":"https:\/\/pruebaalpha.org\/","name":"Alpha LATAM","description":"Alpha es una serie de sesiones interactivas donde puedes explorar libremente lo b\u00e1sico de la fe cristiana. No hay presi\u00f3n, obligaci\u00f3n ni costo.","publisher":{"@id":"https:\/\/pruebaalpha.org\/#organization"},"potentialAction":[{"@type":"SearchAction","target":{"@type":"EntryPoint","urlTemplate":"https:\/\/pruebaalpha.org\/?s={search_term_string}"},"query-input":{"@type":"PropertyValueSpecification","valueRequired":true,"valueName":"search_term_string"}}],"inLanguage":"en-US"},{"@type":"Organization","@id":"https:\/\/pruebaalpha.org\/#organization","name":"Alpha LATAM","url":"https:\/\/pruebaalpha.org\/","logo":{"@type":"ImageObject","inLanguage":"en-US","@id":"https:\/\/pruebaalpha.org\/#\/schema\/logo\/image\/","url":"https:\/\/pruebaalpha.org\/wp-content\/uploads\/2021\/08\/Alpha-Logo_Red.png","contentUrl":"https:\/\/pruebaalpha.org\/wp-content\/uploads\/2021\/08\/Alpha-Logo_Red.png","width":2426,"height":2190,"caption":"Alpha LATAM"},"image":{"@id":"https:\/\/pruebaalpha.org\/#\/schema\/logo\/image\/"},"sameAs":["https:\/\/www.facebook.com\/alphaenespanol","https:\/\/x.com\/AlphaLatam","https:\/\/www.instagram.com\/alphaenespanol","https:\/\/www.youtube.com\/@AlphaenEspanol"]}]}},"_links":{"self":[{"href":"https:\/\/pruebaalpha.org\/en\/wp-json\/wp\/v2\/pages\/5207","targetHints":{"allow":["GET"]}}],"collection":[{"href":"https:\/\/pruebaalpha.org\/en\/wp-json\/wp\/v2\/pages"}],"about":[{"href":"https:\/\/pruebaalpha.org\/en\/wp-json\/wp\/v2\/types\/page"}],"author":[{"embeddable":true,"href":"https:\/\/pruebaalpha.org\/en\/wp-json\/wp\/v2\/users\/6"}],"replies":[{"embeddable":true,"href":"https:\/\/pruebaalpha.org\/en\/wp-json\/wp\/v2\/comments?post=5207"}],"version-history":[{"count":0,"href":"https:\/\/pruebaalpha.org\/en\/wp-json\/wp\/v2\/pages\/5207\/revisions"}],"wp:attachment":[{"href":"https:\/\/pruebaalpha.org\/en\/wp-json\/wp\/v2\/media?parent=5207"}],"curies":[{"name":"wp","href":"https:\/\/api.w.org\/{rel}","templated":true}]}}