{"id":4328,"date":"2021-11-04T10:14:03","date_gmt":"2021-11-04T13:14:03","guid":{"rendered":"https:\/\/pruebaalpha.org\/?page_id=4328"},"modified":"2022-07-01T14:01:00","modified_gmt":"2022-07-01T17:01:00","slug":"youth-lead-catholic","status":"publish","type":"page","link":"https:\/\/pruebaalpha.org\/en\/youth-lead-catholic\/","title":{"rendered":"Youth Lead Catholic"},"content":{"rendered":"<p>[vc_row full_width=\u00bbstretch_row_content\u00bb css=\u00bb.vc_custom_1636031467390{background-color: #131e38 !important;}\u00bb][vc_column][vc_empty_space alter_height=\u00bblarge\u00bb hide_on_mobile=\u00bb\u00bb][\/vc_column][\/vc_row][vc_row][vc_column]\n\t\t\t<!-- START Youth Lead Catholic REVOLUTION SLIDER 6.6.13 --><p class=\"rs-p-wp-fix\"><\/p>\n\t\t\t<rs-module-wrap id=\"rev_slider_63_1_wrapper\" data-source=\"gallery\" style=\"visibility:hidden;background:transparent;padding:0;margin:0px auto;margin-top:0;margin-bottom:0;\">\n\t\t\t\t<rs-module id=\"rev_slider_63_1\" style=\"\" data-version=\"6.6.13\">\n\t\t\t\t\t<rs-slides style=\"overflow: hidden; position: absolute;\">\n\t\t\t\t\t\t<rs-slide style=\"position: absolute;\" data-key=\"rs-64\" data-title=\"Slide\" data-duration=\"4990\" data-anim=\"adpr:false;ms:600;\" data-in=\"o:0;\" data-out=\"a:false;\">\n\t\t\t\t\t\t\t<img fetchpriority=\"high\" decoding=\"async\" src=\"\/\/pruebaalpha.org\/wp-content\/plugins\/revslider\/public\/assets\/assets\/dummy.png\" alt=\"\" title=\"Captura de Pantalla 2021-11-04 a la(s) 10.07.37\" width=\"1440\" height=\"364\" class=\"rev-slidebg tp-rs-img rs-lazyload\" data-lazyload=\"\/\/pruebaalpha.org\/wp-content\/uploads\/2021\/11\/Captura-de-Pantalla-2021-11-04-a-las-10.07.37.png\" data-no-retina>\n<!--\n\t\t\t\t\t\t\t--><rs-layer\n\t\t\t\t\t\t\t\tid=\"slider-63-slide-64-layer-0\" \n\t\t\t\t\t\t\t\tdata-type=\"shape\"\n\t\t\t\t\t\t\t\tdata-rsp_ch=\"on\"\n\t\t\t\t\t\t\t\tdata-xy=\"x:c;y:c;\"\n\t\t\t\t\t\t\t\tdata-text=\"w:normal;\"\n\t\t\t\t\t\t\t\tdata-dim=\"w:100%;h:100%;\"\n\t\t\t\t\t\t\t\tdata-basealign=\"slide\"\n\t\t\t\t\t\t\t\tdata-frame_1=\"y:-1px;\"\n\t\t\t\t\t\t\t\tdata-frame_999=\"o:0;st:w;\"\n\t\t\t\t\t\t\t\tstyle=\"z-index:8;background-color:rgba(0,0,0,0.5);\"\n\t\t\t\t\t\t\t> \n\t\t\t\t\t\t\t<\/rs-layer><!--\n-->\t\t\t\t\t\t<\/rs-slide>\n\t\t\t\t\t<\/rs-slides>\n\t\t\t\t<\/rs-module>\n\t\t\t\t<script>\n\t\t\t\t\tsetREVStartSize({c: 'rev_slider_63_1',rl:[1240,1024,778,480],el:[260],gw:[1240],gh:[260],type:'hero',justify:'',layout:'fullwidth',mh:\"0\"});if (window.RS_MODULES!==undefined && window.RS_MODULES.modules!==undefined && window.RS_MODULES.modules[\"revslider631\"]!==undefined) {window.RS_MODULES.modules[\"revslider631\"].once = false;window.revapi63 = undefined;if (window.RS_MODULES.checkMinimal!==undefined) window.RS_MODULES.checkMinimal()}\n\t\t\t\t<\/script>\n\t\t\t<\/rs-module-wrap>\n\t\t\t<!-- END REVOLUTION SLIDER -->\n[vc_empty_space alter_height=\u00bblarge\u00bb hide_on_mobile=\u00bb\u00bb][vc_column_text]<\/p>\n<h2><strong>Alpha Youth Lead Catholic<\/strong><\/h2>\n<p>[\/vc_column_text][vc_empty_space alter_height=\u00bbsmall\u00bb hide_on_mobile=\u00bb\u00bb][vc_column_text]<\/p>\n<h5><img decoding=\"async\" class=\"\" src=\"https:\/\/freepngimg.com\/download\/logo\/69583-logo-icon-location-map-free-download-png-hq.png\" alt=\"Download Logo Icon Location Map Free Download PNG HQ HQ PNG Image | FreePNGImg\" width=\"15\" height=\"19\" \/> Latin America<\/h5>\n<p>[\/vc_column_text][vc_separator][vc_column_text]<\/p>\n<h4><strong>JOB PROFILE\u00a0<\/strong><\/h4>\n<table>\n<tbody>\n<tr>\n<td width=\"225\">\n<h5>Job title<\/h5>\n<\/td>\n<td width=\"392\">\n<h5>Regional Youth Catholic Lead<\/h5>\n<\/td>\n<\/tr>\n<tr>\n<td width=\"225\">\n<h5>Department<\/h5>\n<\/td>\n<td width=\"392\">\n<h5>Alpha Youth<\/h5>\n<\/td>\n<\/tr>\n<tr>\n<td width=\"225\">\n<h5>Reports to<\/h5>\n<\/td>\n<td width=\"392\">\n<h5>Alpha Youth Regional Director<\/h5>\n<\/td>\n<\/tr>\n<tr>\n<td width=\"225\">\n<h5>Location<\/h5>\n<\/td>\n<td width=\"392\">\n<h5>Latin America<\/h5>\n<\/td>\n<\/tr>\n<tr>\n<td width=\"225\">\n<h5>Travel required<\/h5>\n<\/td>\n<td width=\"392\">\n<h5>Yes within country, additionally some possible regionally and internationally.<\/h5>\n<\/td>\n<\/tr>\n<tr>\n<td width=\"225\">\n<h5>Work pattern \/ hours<\/h5>\n<\/td>\n<td width=\"392\"><\/td>\n<\/tr>\n<tr>\n<td width=\"225\"><\/td>\n<td width=\"392\"><\/td>\n<\/tr>\n<tr>\n<td width=\"225\">\n<h5>Salary range<\/h5>\n<\/td>\n<td width=\"392\">\n<h5>To be discussed with candidate<\/h5>\n<\/td>\n<\/tr>\n<\/tbody>\n<\/table>\n<p>[\/vc_column_text][vc_separator][vc_column_text]<\/p>\n<h4><strong>ROLE CONTEXT\u00a0<\/strong><\/h4>\n<p>[\/vc_column_text][vc_empty_space hide_on_mobile=\u00bb\u00bb][vc_column_text]<\/p>\n<h5>The vision for Alpha is the (re)evangelization of the nations, the revitalization of the church and the transformation of society. Our mission is to serve the church in its mission to help people discover and develop a relationship with Jesus. As a Christian organization our faith is an integral part of our working culture and each staff member is a member of a church or parish running Alpha. We are looking for two Alpha Youth Leads roles \u2013 one Catholic and one Protestant \/Evangelical\u2013 for a fixed term 1 year contract from January 2022.<\/h5>\n<p>[\/vc_column_text][vc_separator][vc_column_text]<\/p>\n<h4><strong>ROLE PURPOSE\u00a0<\/strong><\/h4>\n<p>[\/vc_column_text][vc_empty_space hide_on_mobile=\u00bb\u00bb][vc_column_text]<\/p>\n<h5>The purpose of this role is to catalyze the growth of Alpha Youth across the region, to develop and hold key relationships with Youth Leaders and Youth Networks and to support the regional and national teams in driving the Church Engagement Framework for Youth.<\/h5>\n<h5>We anticipate that Alpha Latin America will have over 5,000 churches running Alpha by the end of 2022 with a focus on reaching teenagers and young people with the good news of Jesus. This role will play a key part in growing the work of Alpha serving teenagers with a goal, across both Leads, to activate 850 churches and parishes, 1,000 courses and 15,000 participants in the region to run Alpha for teenagers\/youth next year.<strong>\u00a0<\/strong><\/h5>\n<h5>With a passion for equipping the church in evangelization, the ideal candidate will be proactive in building relationships with church leaders and fostering unity within the body of Christ. They will have experience of speaking publicly to envision others and specifically church youth leaders. This person needs to influence with high levels of credibility with church youth leaders to drive new church growth and focus on retention of existing church partnerships.<\/h5>\n<h5>As the driving force behind growing the number of churches running Alpha Youth in the region this role will work most closely with Church Youth Leaders. While reporting directly to the Alpha Youth Regional Director, this role is a part of the Regional Ministry Development Team lead by the Regional Ministry Development Director and supporting the work of growing Alpha with teenagers in each National Office and the region.<\/h5>\n<p>[\/vc_column_text][vc_separator][vc_column_text]<\/p>\n<h4><strong>KEY RESPONSIBILITIES\u00a0<\/strong><\/h4>\n<p>[\/vc_column_text][vc_empty_space hide_on_mobile=\u00bb\u00bb][vc_column_text]<\/p>\n<ul>\n<li>\n<h5>Driving the growth of the number of churches running Alpha Youth across all of the Church Engagement Framework (acquisition, training \/ train-the-trainer, strategic church investments) and regularly review progress in meeting growth goals<\/h5>\n<\/li>\n<li>\n<h5>Delivering a regional \u2018Alpha Youth Marathon\u2019 to galvanise hundreds of churches in the region to run Alpha Youth in the same period of time to reaching 10,000 young people in the region.<\/h5>\n<\/li>\n<\/ul>\n<ul>\n<li>\n<h5>Building and maintaining relationships with regard to the CEF for Alpha for Youth<\/h5>\n<\/li>\n<li>\n<h5>Working closely and collaboratively with the whole Ministry Development and National Office teams.<\/h5>\n<\/li>\n<\/ul>\n<p>[\/vc_column_text][vc_separator][vc_column_text]<\/p>\n<h4><strong>ROLE DIMENSIONS\u00a0<\/strong><\/h4>\n<p>[\/vc_column_text][vc_empty_space hide_on_mobile=\u00bb\u00bb][vc_column_text]<\/p>\n<table>\n<tbody>\n<tr>\n<td width=\"225\">\n<h5>Budget management<\/h5>\n<\/td>\n<td width=\"392\">\n<h5>No<\/h5>\n<\/td>\n<\/tr>\n<tr>\n<td width=\"225\">\n<h5>People management<\/h5>\n<\/td>\n<td width=\"392\">\n<h5>No<\/h5>\n<\/td>\n<\/tr>\n<tr>\n<td width=\"225\">\n<h5>Key relationships \u2013 internal<\/h5>\n<\/td>\n<td width=\"392\">\n<h5>Regional team based across the region; Alpha International staff based around the world<\/h5>\n<\/td>\n<\/tr>\n<tr>\n<td width=\"225\">\n<h5>Key relationships \u2013 external<\/h5>\n<\/td>\n<td width=\"392\">\n<h5>Church and Denominational Influencers and Leaders, Partnerships<\/h5>\n<\/td>\n<\/tr>\n<\/tbody>\n<\/table>\n<p>[\/vc_column_text][vc_separator][vc_column_text]<\/p>\n<h4><strong>ESSENTIAL SKILLS, KNOWLEDGE AND EXPERIENCES<\/strong><\/h4>\n<p>[\/vc_column_text][vc_empty_space hide_on_mobile=\u00bb\u00bb][vc_column_text]<\/p>\n<ul>\n<li>\n<h5>Has a personal faith in Jesus that embraces the Alpha DNA<\/h5>\n<\/li>\n<li>\n<h5>Holds a depth of knowledge and love of youth culture in the region and the churches\u2019 engagement with youth.<\/h5>\n<\/li>\n<li>\n<h5>Has a heart to see the church across the region revitalized as it forms missionary disciples<\/h5>\n<\/li>\n<li>\n<h5>A member of a church running Alpha and personal involvement in running Alpha Youth<\/h5>\n<\/li>\n<li>\n<h5>Exhibits a love for and growing knowledge of the whole Church, particularly its varied expressions across the region<\/h5>\n<\/li>\n<li>\n<h5>Able to connect authentically and credibly with church leaders, youth leaders and the next generation, with an understanding of youth and church cultural trends<\/h5>\n<\/li>\n<li>\n<h5>Experience speaking publicly to large numbers of church leaders<\/h5>\n<\/li>\n<li>\n<h5>Excellent relationship management ability with high degrees of influencer skill set<\/h5>\n<\/li>\n<li>\n<h5>Proven project management skills: the ability to implement, and deliver<\/h5>\n<\/li>\n<li>\n<h5>Proven problem-solving ability: the skill of providing and implementing solutions in a timely manner<\/h5>\n<\/li>\n<li>\n<h5>Able to lead through collaboration with colleagues and is a proven team player.<\/h5>\n<\/li>\n<li>\n<h5>Able to influence and engage on the national \/regional stage for youth, operates with credibility and gravitas.<\/h5>\n<\/li>\n<li>\n<h5>Excellent English in order to fully participate in the global Youth calls.<\/h5>\n<\/li>\n<\/ul>\n<p>[\/vc_column_text][vc_separator][vc_column_text]<\/p>\n<h4><strong>DESIRABLE SKILLS, KNOWLEDGE AND EXPERIENCES<\/strong><\/h4>\n<p>[\/vc_column_text][vc_empty_space hide_on_mobile=\u00bb\u00bb][vc_column_text]<\/p>\n<ul>\n<li>\n<h5>Has regional or global exposure and experience as well as national<\/h5>\n<\/li>\n<li>\n<h5>Understanding of Alpha\u2019s key audiences and the denominational spread of the global church which we serve.<\/h5>\n<\/li>\n<li>\n<h5>Significant and recent exposure to Alpha and Alpha Youth<\/h5>\n<\/li>\n<\/ul>\n<p>[\/vc_column_text][vc_separator][vc_column_text]<\/p>\n<h4><strong>CHARACTERISTICS NEEDED\u00a0<\/strong><\/h4>\n<p>[\/vc_column_text][vc_empty_space hide_on_mobile=\u00bb\u00bb][vc_column_text]<\/p>\n<ul>\n<li>\n<h5>High emotional intelligence plus relational and communication skills to engage with the church leaders across the region<\/h5>\n<\/li>\n<li>\n<h5>A deep conviction that Alpha is an essential tool for evangelization and revitalization in the local church<\/h5>\n<\/li>\n<li>\n<h5>Love for the church, passion for unity and a willingness to work with all Christian denominations and followers of Christ<\/h5>\n<\/li>\n<li>\n<h5>High energy with a growth mindset and a \u201cCan-do\u201d attitude<\/h5>\n<\/li>\n<li>\n<h5>Proven ability to track and communicate metrics and impact<\/h5>\n<\/li>\n<\/ul>\n<p>[\/vc_column_text][vc_separator][vc_column_text]<\/p>\n<h4><strong>WORKING ENVIRONMENT\u00a0<\/strong><\/h4>\n<p>[\/vc_column_text][vc_empty_space hide_on_mobile=\u00bb\u00bb][vc_column_text]<\/p>\n<h5>We have a purposeful working environment where we strive for excellence in everything we do. Our workplace culture is shaped by our values which are AUGHT. They are Audacity, Unity, Generosity, Humility and Tenacity. We respect and value our colleagues, encourage and affirm often, challenge when necessary, supporting always. It is an inspiring and energizing place to work where innovation and creativity is encouraged alongside passion and discipline. The staff community is warm and engaging, with lifelong friendships being built.<\/h5>\n<p>[\/vc_column_text][vc_separator][vc_column_text]<\/p>\n<h4><strong>WORK EXPECTATIONS\u00a0<\/strong><\/h4>\n<p>[\/vc_column_text][vc_empty_space hide_on_mobile=\u00bb\u00bb][vc_column_text]<\/p>\n<ul>\n<li>\n<h5>Full Time role based in Latin America<\/h5>\n<\/li>\n<li>\n<h5>Possible Travel required<\/h5>\n<\/li>\n<li>\n<h5>Reports to Regional Youth Director, Alpha Latin America<\/h5>\n<\/li>\n<li>\n<h5>1 Year Fixed Term Contract<\/h5>\n<\/li>\n<li>\n<h5>Working hours and Holiday as set in local National Alpha Office<\/h5>\n<\/li>\n<li>\n<h5>Available to work key evenings\/weekends during events<\/h5>\n<\/li>\n<\/ul>\n<p>[\/vc_column_text][vc_separator][vc_column_text]<\/p>\n<h5 style=\"text-align: center;\"><strong>If you are interested in the role of Regional Youth Catholic<\/strong><strong>\u00a0<\/strong><strong>Lead, please send an email to <a href=\"diego.profita@alpha.org\">Diego Profita<\/a> with your resume attached.\u00a0<\/strong><\/h5>\n<h5 style=\"text-align: center;\"><strong>Email address: <a href=\"mailto:diego.profita@alpha.org\">diego.profita@alpha.org<\/a><\/strong><\/h5>\n<p>[\/vc_column_text][\/vc_column][\/vc_row]<\/p>\n","protected":false},"excerpt":{"rendered":"<p>[vc_row full_width=\u00bbstretch_row_content\u00bb css=\u00bb.vc_custom_1636031467390{background-color: #131e38 !important;}\u00bb][vc_column][vc_empty_space alter_height=\u00bblarge\u00bb hide_on_mobile=\u00bb\u00bb][\/vc_column][\/vc_row][vc_row][vc_column][vc_empty_space alter_height=\u00bblarge\u00bb hide_on_mobile=\u00bb\u00bb][vc_column_text] Alpha Youth Lead Catholic [\/vc_column_text][vc_empty_space alter_height=\u00bbsmall\u00bb hide_on_mobile=\u00bb\u00bb][vc_column_text] Latin America [\/vc_column_text][vc_separator][vc_column_text] JOB PROFILE\u00a0 Job title Regional Youth Catholic Lead Department Alpha Youth&hellip;<\/p>\n","protected":false},"author":1,"featured_media":0,"parent":0,"menu_order":0,"comment_status":"closed","ping_status":"closed","template":"","meta":{"_monsterinsights_skip_tracking":false,"_monsterinsights_sitenote_active":false,"_monsterinsights_sitenote_note":"","_monsterinsights_sitenote_category":0,"footnotes":""},"class_list":["post-4328","page","type-page","status-publish","hentry"],"yoast_head":"<!-- This site is optimized with the Yoast SEO plugin v27.3 - https:\/\/yoast.com\/product\/yoast-seo-wordpress\/ -->\n<title>Youth Lead Catholic - Alpha LATAM<\/title>\n<meta name=\"robots\" content=\"index, follow, max-snippet:-1, max-image-preview:large, max-video-preview:-1\" \/>\n<link rel=\"canonical\" href=\"https:\/\/pruebaalpha.org\/en\/youth-lead-catholic\/\" \/>\n<meta name=\"twitter:card\" content=\"summary_large_image\" \/>\n<meta name=\"twitter:title\" content=\"Youth Lead Catholic - Alpha LATAM\" \/>\n<meta name=\"twitter:description\" content=\"[vc_row full_width=\u00bbstretch_row_content\u00bb css=\u00bb.vc_custom_1636031467390{background-color: #131e38 !important;}\u00bb][vc_column][vc_empty_space alter_height=\u00bblarge\u00bb hide_on_mobile=\u00bb\u00bb][\/vc_column][\/vc_row][vc_row][vc_column][vc_empty_space alter_height=\u00bblarge\u00bb hide_on_mobile=\u00bb\u00bb][vc_column_text] Alpha Youth Lead Catholic [\/vc_column_text][vc_empty_space alter_height=\u00bbsmall\u00bb hide_on_mobile=\u00bb\u00bb][vc_column_text] Latin America [\/vc_column_text][vc_separator][vc_column_text] JOB PROFILE\u00a0 Job title Regional Youth Catholic Lead Department Alpha Youth&hellip;\" \/>\n<meta name=\"twitter:image\" content=\"https:\/\/freepngimg.com\/download\/logo\/69583-logo-icon-location-map-free-download-png-hq.png\" \/>\n<meta name=\"twitter:site\" content=\"@AlphaLatam\" \/>\n<meta name=\"twitter:label1\" content=\"Est. reading time\" \/>\n\t<meta name=\"twitter:data1\" content=\"6 minutes\" \/>\n<script type=\"application\/ld+json\" class=\"yoast-schema-graph\">{\"@context\":\"https:\\\/\\\/schema.org\",\"@graph\":[{\"@type\":\"WebPage\",\"@id\":\"https:\\\/\\\/pruebaalpha.org\\\/youth-lead-catholic\\\/\",\"url\":\"https:\\\/\\\/pruebaalpha.org\\\/youth-lead-catholic\\\/\",\"name\":\"Youth Lead Catholic - Alpha LATAM\",\"isPartOf\":{\"@id\":\"https:\\\/\\\/pruebaalpha.org\\\/#website\"},\"primaryImageOfPage\":{\"@id\":\"https:\\\/\\\/pruebaalpha.org\\\/youth-lead-catholic\\\/#primaryimage\"},\"image\":{\"@id\":\"https:\\\/\\\/pruebaalpha.org\\\/youth-lead-catholic\\\/#primaryimage\"},\"thumbnailUrl\":\"https:\\\/\\\/freepngimg.com\\\/download\\\/logo\\\/69583-logo-icon-location-map-free-download-png-hq.png\",\"datePublished\":\"2021-11-04T13:14:03+00:00\",\"dateModified\":\"2022-07-01T17:01:00+00:00\",\"breadcrumb\":{\"@id\":\"https:\\\/\\\/pruebaalpha.org\\\/youth-lead-catholic\\\/#breadcrumb\"},\"inLanguage\":\"en-US\",\"potentialAction\":[{\"@type\":\"ReadAction\",\"target\":[\"https:\\\/\\\/pruebaalpha.org\\\/youth-lead-catholic\\\/\"]}]},{\"@type\":\"ImageObject\",\"inLanguage\":\"en-US\",\"@id\":\"https:\\\/\\\/pruebaalpha.org\\\/youth-lead-catholic\\\/#primaryimage\",\"url\":\"https:\\\/\\\/freepngimg.com\\\/download\\\/logo\\\/69583-logo-icon-location-map-free-download-png-hq.png\",\"contentUrl\":\"https:\\\/\\\/freepngimg.com\\\/download\\\/logo\\\/69583-logo-icon-location-map-free-download-png-hq.png\"},{\"@type\":\"BreadcrumbList\",\"@id\":\"https:\\\/\\\/pruebaalpha.org\\\/youth-lead-catholic\\\/#breadcrumb\",\"itemListElement\":[{\"@type\":\"ListItem\",\"position\":1,\"name\":\"Home\",\"item\":\"https:\\\/\\\/pruebaalpha.org\\\/\"},{\"@type\":\"ListItem\",\"position\":2,\"name\":\"Youth Lead Catholic\"}]},{\"@type\":\"WebSite\",\"@id\":\"https:\\\/\\\/pruebaalpha.org\\\/#website\",\"url\":\"https:\\\/\\\/pruebaalpha.org\\\/\",\"name\":\"Alpha LATAM\",\"description\":\"Alpha es una serie de sesiones interactivas donde puedes explorar libremente lo b\u00e1sico de la fe cristiana. No hay presi\u00f3n, obligaci\u00f3n ni costo.\",\"publisher\":{\"@id\":\"https:\\\/\\\/pruebaalpha.org\\\/#organization\"},\"potentialAction\":[{\"@type\":\"SearchAction\",\"target\":{\"@type\":\"EntryPoint\",\"urlTemplate\":\"https:\\\/\\\/pruebaalpha.org\\\/?s={search_term_string}\"},\"query-input\":{\"@type\":\"PropertyValueSpecification\",\"valueRequired\":true,\"valueName\":\"search_term_string\"}}],\"inLanguage\":\"en-US\"},{\"@type\":\"Organization\",\"@id\":\"https:\\\/\\\/pruebaalpha.org\\\/#organization\",\"name\":\"Alpha LATAM\",\"url\":\"https:\\\/\\\/pruebaalpha.org\\\/\",\"logo\":{\"@type\":\"ImageObject\",\"inLanguage\":\"en-US\",\"@id\":\"https:\\\/\\\/pruebaalpha.org\\\/#\\\/schema\\\/logo\\\/image\\\/\",\"url\":\"https:\\\/\\\/pruebaalpha.org\\\/wp-content\\\/uploads\\\/2021\\\/08\\\/Alpha-Logo_Red.png\",\"contentUrl\":\"https:\\\/\\\/pruebaalpha.org\\\/wp-content\\\/uploads\\\/2021\\\/08\\\/Alpha-Logo_Red.png\",\"width\":2426,\"height\":2190,\"caption\":\"Alpha LATAM\"},\"image\":{\"@id\":\"https:\\\/\\\/pruebaalpha.org\\\/#\\\/schema\\\/logo\\\/image\\\/\"},\"sameAs\":[\"https:\\\/\\\/www.facebook.com\\\/alphaenespanol\",\"https:\\\/\\\/x.com\\\/AlphaLatam\",\"https:\\\/\\\/www.instagram.com\\\/alphaenespanol\",\"https:\\\/\\\/www.youtube.com\\\/@AlphaenEspanol\"]}]}<\/script>\n<!-- \/ Yoast SEO plugin. -->","yoast_head_json":{"title":"Youth Lead Catholic - Alpha LATAM","robots":{"index":"index","follow":"follow","max-snippet":"max-snippet:-1","max-image-preview":"max-image-preview:large","max-video-preview":"max-video-preview:-1"},"canonical":"https:\/\/pruebaalpha.org\/en\/youth-lead-catholic\/","twitter_card":"summary_large_image","twitter_title":"Youth Lead Catholic - Alpha LATAM","twitter_description":"[vc_row full_width=\u00bbstretch_row_content\u00bb css=\u00bb.vc_custom_1636031467390{background-color: #131e38 !important;}\u00bb][vc_column][vc_empty_space alter_height=\u00bblarge\u00bb hide_on_mobile=\u00bb\u00bb][\/vc_column][\/vc_row][vc_row][vc_column][vc_empty_space alter_height=\u00bblarge\u00bb hide_on_mobile=\u00bb\u00bb][vc_column_text] Alpha Youth Lead Catholic [\/vc_column_text][vc_empty_space alter_height=\u00bbsmall\u00bb hide_on_mobile=\u00bb\u00bb][vc_column_text] Latin America [\/vc_column_text][vc_separator][vc_column_text] JOB PROFILE\u00a0 Job title Regional Youth Catholic Lead Department Alpha Youth&hellip;","twitter_image":"https:\/\/freepngimg.com\/download\/logo\/69583-logo-icon-location-map-free-download-png-hq.png","twitter_site":"@AlphaLatam","twitter_misc":{"Est. reading time":"6 minutes"},"schema":{"@context":"https:\/\/schema.org","@graph":[{"@type":"WebPage","@id":"https:\/\/pruebaalpha.org\/youth-lead-catholic\/","url":"https:\/\/pruebaalpha.org\/youth-lead-catholic\/","name":"Youth Lead Catholic - Alpha LATAM","isPartOf":{"@id":"https:\/\/pruebaalpha.org\/#website"},"primaryImageOfPage":{"@id":"https:\/\/pruebaalpha.org\/youth-lead-catholic\/#primaryimage"},"image":{"@id":"https:\/\/pruebaalpha.org\/youth-lead-catholic\/#primaryimage"},"thumbnailUrl":"https:\/\/freepngimg.com\/download\/logo\/69583-logo-icon-location-map-free-download-png-hq.png","datePublished":"2021-11-04T13:14:03+00:00","dateModified":"2022-07-01T17:01:00+00:00","breadcrumb":{"@id":"https:\/\/pruebaalpha.org\/youth-lead-catholic\/#breadcrumb"},"inLanguage":"en-US","potentialAction":[{"@type":"ReadAction","target":["https:\/\/pruebaalpha.org\/youth-lead-catholic\/"]}]},{"@type":"ImageObject","inLanguage":"en-US","@id":"https:\/\/pruebaalpha.org\/youth-lead-catholic\/#primaryimage","url":"https:\/\/freepngimg.com\/download\/logo\/69583-logo-icon-location-map-free-download-png-hq.png","contentUrl":"https:\/\/freepngimg.com\/download\/logo\/69583-logo-icon-location-map-free-download-png-hq.png"},{"@type":"BreadcrumbList","@id":"https:\/\/pruebaalpha.org\/youth-lead-catholic\/#breadcrumb","itemListElement":[{"@type":"ListItem","position":1,"name":"Home","item":"https:\/\/pruebaalpha.org\/"},{"@type":"ListItem","position":2,"name":"Youth Lead Catholic"}]},{"@type":"WebSite","@id":"https:\/\/pruebaalpha.org\/#website","url":"https:\/\/pruebaalpha.org\/","name":"Alpha LATAM","description":"Alpha es una serie de sesiones interactivas donde puedes explorar libremente lo b\u00e1sico de la fe cristiana. No hay presi\u00f3n, obligaci\u00f3n ni costo.","publisher":{"@id":"https:\/\/pruebaalpha.org\/#organization"},"potentialAction":[{"@type":"SearchAction","target":{"@type":"EntryPoint","urlTemplate":"https:\/\/pruebaalpha.org\/?s={search_term_string}"},"query-input":{"@type":"PropertyValueSpecification","valueRequired":true,"valueName":"search_term_string"}}],"inLanguage":"en-US"},{"@type":"Organization","@id":"https:\/\/pruebaalpha.org\/#organization","name":"Alpha LATAM","url":"https:\/\/pruebaalpha.org\/","logo":{"@type":"ImageObject","inLanguage":"en-US","@id":"https:\/\/pruebaalpha.org\/#\/schema\/logo\/image\/","url":"https:\/\/pruebaalpha.org\/wp-content\/uploads\/2021\/08\/Alpha-Logo_Red.png","contentUrl":"https:\/\/pruebaalpha.org\/wp-content\/uploads\/2021\/08\/Alpha-Logo_Red.png","width":2426,"height":2190,"caption":"Alpha LATAM"},"image":{"@id":"https:\/\/pruebaalpha.org\/#\/schema\/logo\/image\/"},"sameAs":["https:\/\/www.facebook.com\/alphaenespanol","https:\/\/x.com\/AlphaLatam","https:\/\/www.instagram.com\/alphaenespanol","https:\/\/www.youtube.com\/@AlphaenEspanol"]}]}},"_links":{"self":[{"href":"https:\/\/pruebaalpha.org\/en\/wp-json\/wp\/v2\/pages\/4328","targetHints":{"allow":["GET"]}}],"collection":[{"href":"https:\/\/pruebaalpha.org\/en\/wp-json\/wp\/v2\/pages"}],"about":[{"href":"https:\/\/pruebaalpha.org\/en\/wp-json\/wp\/v2\/types\/page"}],"author":[{"embeddable":true,"href":"https:\/\/pruebaalpha.org\/en\/wp-json\/wp\/v2\/users\/1"}],"replies":[{"embeddable":true,"href":"https:\/\/pruebaalpha.org\/en\/wp-json\/wp\/v2\/comments?post=4328"}],"version-history":[{"count":0,"href":"https:\/\/pruebaalpha.org\/en\/wp-json\/wp\/v2\/pages\/4328\/revisions"}],"wp:attachment":[{"href":"https:\/\/pruebaalpha.org\/en\/wp-json\/wp\/v2\/media?parent=4328"}],"curies":[{"name":"wp","href":"https:\/\/api.w.org\/{rel}","templated":true}]}}