{"id":42652,"date":"2026-03-06T09:47:14","date_gmt":"2026-03-06T12:47:14","guid":{"rendered":"https:\/\/pruebaalpha.org\/?page_id=42652"},"modified":"2026-03-06T11:35:07","modified_gmt":"2026-03-06T14:35:07","slug":"victoria-descarga","status":"publish","type":"page","link":"https:\/\/pruebaalpha.org\/en\/victoria-descarga\/","title":{"rendered":"Formulario de descarga &#8211; Victoria M\u00e1s All\u00e1 de la Copa"},"content":{"rendered":"<div data-elementor-type=\"wp-page\" data-elementor-id=\"42652\" class=\"elementor elementor-42652\" data-elementor-settings=\"{&quot;element_pack_global_tooltip_width&quot;:{&quot;unit&quot;:&quot;px&quot;,&quot;size&quot;:&quot;&quot;,&quot;sizes&quot;:[]},&quot;element_pack_global_tooltip_width_tablet&quot;:{&quot;unit&quot;:&quot;px&quot;,&quot;size&quot;:&quot;&quot;,&quot;sizes&quot;:[]},&quot;element_pack_global_tooltip_width_mobile&quot;:{&quot;unit&quot;:&quot;px&quot;,&quot;size&quot;:&quot;&quot;,&quot;sizes&quot;:[]},&quot;element_pack_global_tooltip_padding&quot;:{&quot;unit&quot;:&quot;px&quot;,&quot;top&quot;:&quot;&quot;,&quot;right&quot;:&quot;&quot;,&quot;bottom&quot;:&quot;&quot;,&quot;left&quot;:&quot;&quot;,&quot;isLinked&quot;:true},&quot;element_pack_global_tooltip_padding_tablet&quot;:{&quot;unit&quot;:&quot;px&quot;,&quot;top&quot;:&quot;&quot;,&quot;right&quot;:&quot;&quot;,&quot;bottom&quot;:&quot;&quot;,&quot;left&quot;:&quot;&quot;,&quot;isLinked&quot;:true},&quot;element_pack_global_tooltip_padding_mobile&quot;:{&quot;unit&quot;:&quot;px&quot;,&quot;top&quot;:&quot;&quot;,&quot;right&quot;:&quot;&quot;,&quot;bottom&quot;:&quot;&quot;,&quot;left&quot;:&quot;&quot;,&quot;isLinked&quot;:true},&quot;element_pack_global_tooltip_border_radius&quot;:{&quot;unit&quot;:&quot;px&quot;,&quot;top&quot;:&quot;&quot;,&quot;right&quot;:&quot;&quot;,&quot;bottom&quot;:&quot;&quot;,&quot;left&quot;:&quot;&quot;,&quot;isLinked&quot;:true},&quot;element_pack_global_tooltip_border_radius_tablet&quot;:{&quot;unit&quot;:&quot;px&quot;,&quot;top&quot;:&quot;&quot;,&quot;right&quot;:&quot;&quot;,&quot;bottom&quot;:&quot;&quot;,&quot;left&quot;:&quot;&quot;,&quot;isLinked&quot;:true},&quot;element_pack_global_tooltip_border_radius_mobile&quot;:{&quot;unit&quot;:&quot;px&quot;,&quot;top&quot;:&quot;&quot;,&quot;right&quot;:&quot;&quot;,&quot;bottom&quot;:&quot;&quot;,&quot;left&quot;:&quot;&quot;,&quot;isLinked&quot;:true}}\" data-elementor-post-type=\"page\">\n\t\t\t\t<div class=\"has_eae_slider elementor-element elementor-element-fe0ed0d e-flex e-con-boxed e-con e-parent\" data-eae-slider=\"11230\" data-id=\"fe0ed0d\" data-element_type=\"container\" data-e-type=\"container\" data-settings=\"{&quot;background_background&quot;:&quot;classic&quot;,&quot;animation&quot;:&quot;none&quot;}\">\n\t\t\t\t\t<div class=\"e-con-inner\">\n\t\t<div class=\"has_eae_slider elementor-element elementor-element-5884a0c e-con-full animated-slow e-flex elementor-invisible e-con e-child\" data-eae-slider=\"99472\" data-id=\"5884a0c\" data-element_type=\"container\" data-e-type=\"container\" data-settings=\"{&quot;background_background&quot;:&quot;classic&quot;,&quot;animation&quot;:&quot;fadeInUp&quot;}\">\n\t\t\t\t<div class=\"elementor-element elementor-element-c6b85ba elementor-widget elementor-widget-spacer\" data-id=\"c6b85ba\" data-element_type=\"widget\" data-e-type=\"widget\" data-widget_type=\"spacer.default\">\n\t\t\t\t<div class=\"elementor-widget-container\">\n\t\t\t\t\t\t\t<div class=\"elementor-spacer\">\n\t\t\t<div class=\"elementor-spacer-inner\"><\/div>\n\t\t<\/div>\n\t\t\t\t\t\t<\/div>\n\t\t\t\t<\/div>\n\t\t\t\t<div class=\"elementor-element elementor-element-3770281 elementor-widget elementor-widget-heading\" data-id=\"3770281\" data-element_type=\"widget\" data-e-type=\"widget\" data-widget_type=\"heading.default\">\n\t\t\t\t<div class=\"elementor-widget-container\">\n\t\t\t\t\t<h2 class=\"elementor-heading-title elementor-size-default\">PR\u00d3XIMAMETE<\/h2>\t\t\t\t<\/div>\n\t\t\t\t<\/div>\n\t\t\t\t<div class=\"elementor-element elementor-element-50a0363 elementor-widget elementor-widget-image\" data-id=\"50a0363\" data-element_type=\"widget\" data-e-type=\"widget\" data-widget_type=\"image.default\">\n\t\t\t\t<div class=\"elementor-widget-container\">\n\t\t\t\t\t\t\t\t\t\t\t\t\t\t\t<img fetchpriority=\"high\" decoding=\"async\" width=\"1024\" height=\"1024\" src=\"https:\/\/pruebaalpha.org\/wp-content\/uploads\/2026\/03\/separador.svg\" class=\"attachment-large size-large wp-image-42270\" alt=\"\" srcset=\"https:\/\/pruebaalpha.org\/wp-content\/uploads\/\/2026\/03\/separador.svg 150w, https:\/\/pruebaalpha.org\/wp-content\/uploads\/\/2026\/03\/separador.svg 300w, https:\/\/pruebaalpha.org\/wp-content\/uploads\/\/2026\/03\/separador.svg 1024w, https:\/\/pruebaalpha.org\/wp-content\/uploads\/\/2026\/03\/elementor\/thumbs\/separador.svg 100w\" sizes=\"(max-width: 1024px) 100vw, 1024px\" \/>\t\t\t\t\t\t\t\t\t\t\t\t\t\t\t<\/div>\n\t\t\t\t<\/div>\n\t\t\t\t<div class=\"elementor-element elementor-element-d6b6647 elementor-widget elementor-widget-spacer\" data-id=\"d6b6647\" data-element_type=\"widget\" data-e-type=\"widget\" data-widget_type=\"spacer.default\">\n\t\t\t\t<div class=\"elementor-widget-container\">\n\t\t\t\t\t\t\t<div class=\"elementor-spacer\">\n\t\t\t<div class=\"elementor-spacer-inner\"><\/div>\n\t\t<\/div>\n\t\t\t\t\t\t<\/div>\n\t\t\t\t<\/div>\n\t\t\t\t<\/div>\n\t\t\t\t\t<\/div>\n\t\t\t\t<\/div>\n\t\t\t\t<\/div>","protected":false},"excerpt":{"rendered":"<p>PR\u00d3XIMAMETE<\/p>","protected":false},"author":8,"featured_media":0,"parent":0,"menu_order":0,"comment_status":"closed","ping_status":"closed","template":"","meta":{"_monsterinsights_skip_tracking":false,"_monsterinsights_sitenote_active":false,"_monsterinsights_sitenote_note":"","_monsterinsights_sitenote_category":0,"footnotes":""},"class_list":["post-42652","page","type-page","status-publish","hentry"],"yoast_head":"<!-- This site is optimized with the Yoast SEO plugin v27.4 - https:\/\/yoast.com\/product\/yoast-seo-wordpress\/ -->\n<title>Formulario de descarga - Victoria M\u00e1s All\u00e1 de la Copa - Alpha LAC<\/title>\n<meta name=\"robots\" content=\"index, follow, max-snippet:-1, max-image-preview:large, max-video-preview:-1\" \/>\n<link rel=\"canonical\" href=\"https:\/\/pruebaalpha.org\/en\/victoria-descarga\/\" \/>\n<meta name=\"twitter:card\" content=\"summary_large_image\" \/>\n<meta name=\"twitter:title\" content=\"Formulario de descarga - Victoria M\u00e1s All\u00e1 de la Copa - Alpha LAC\" \/>\n<meta name=\"twitter:description\" content=\"PR\u00d3XIMAMETE\" \/>\n<meta name=\"twitter:site\" content=\"@AlphaLatam\" \/>\n<meta name=\"twitter:label1\" content=\"Est. reading time\" \/>\n\t<meta name=\"twitter:data1\" content=\"1 minute\" \/>\n<script type=\"application\/ld+json\" class=\"yoast-schema-graph\">{\"@context\":\"https:\\\/\\\/schema.org\",\"@graph\":[{\"@type\":\"WebPage\",\"@id\":\"https:\\\/\\\/pruebaalpha.org\\\/victoria-descarga\\\/\",\"url\":\"https:\\\/\\\/pruebaalpha.org\\\/victoria-descarga\\\/\",\"name\":\"Formulario de descarga - Victoria M\u00e1s All\u00e1 de la Copa - Alpha LAC\",\"isPartOf\":{\"@id\":\"https:\\\/\\\/pruebaalpha.org\\\/#website\"},\"primaryImageOfPage\":{\"@id\":\"https:\\\/\\\/pruebaalpha.org\\\/victoria-descarga\\\/#primaryimage\"},\"image\":{\"@id\":\"https:\\\/\\\/pruebaalpha.org\\\/victoria-descarga\\\/#primaryimage\"},\"thumbnailUrl\":\"https:\\\/\\\/pruebaalpha.org\\\/wp-content\\\/uploads\\\/2026\\\/03\\\/separador.svg\",\"datePublished\":\"2026-03-06T12:47:14+00:00\",\"dateModified\":\"2026-03-06T14:35:07+00:00\",\"breadcrumb\":{\"@id\":\"https:\\\/\\\/pruebaalpha.org\\\/victoria-descarga\\\/#breadcrumb\"},\"inLanguage\":\"en-US\",\"potentialAction\":[{\"@type\":\"ReadAction\",\"target\":[\"https:\\\/\\\/pruebaalpha.org\\\/victoria-descarga\\\/\"]}]},{\"@type\":\"ImageObject\",\"inLanguage\":\"en-US\",\"@id\":\"https:\\\/\\\/pruebaalpha.org\\\/victoria-descarga\\\/#primaryimage\",\"url\":\"https:\\\/\\\/pruebaalpha.org\\\/wp-content\\\/uploads\\\/2026\\\/03\\\/separador.svg\",\"contentUrl\":\"https:\\\/\\\/pruebaalpha.org\\\/wp-content\\\/uploads\\\/2026\\\/03\\\/separador.svg\"},{\"@type\":\"BreadcrumbList\",\"@id\":\"https:\\\/\\\/pruebaalpha.org\\\/victoria-descarga\\\/#breadcrumb\",\"itemListElement\":[{\"@type\":\"ListItem\",\"position\":1,\"name\":\"Home\",\"item\":\"https:\\\/\\\/pruebaalpha.org\\\/\"},{\"@type\":\"ListItem\",\"position\":2,\"name\":\"Formulario de descarga &#8211; Victoria M\u00e1s All\u00e1 de la Copa\"}]},{\"@type\":\"WebSite\",\"@id\":\"https:\\\/\\\/pruebaalpha.org\\\/#website\",\"url\":\"https:\\\/\\\/pruebaalpha.org\\\/\",\"name\":\"Alpha LATAM\",\"description\":\"Alpha es una serie de sesiones interactivas donde puedes explorar libremente lo b\u00e1sico de la fe cristiana. No hay presi\u00f3n, obligaci\u00f3n ni costo.\",\"publisher\":{\"@id\":\"https:\\\/\\\/pruebaalpha.org\\\/#organization\"},\"potentialAction\":[{\"@type\":\"SearchAction\",\"target\":{\"@type\":\"EntryPoint\",\"urlTemplate\":\"https:\\\/\\\/pruebaalpha.org\\\/?s={search_term_string}\"},\"query-input\":{\"@type\":\"PropertyValueSpecification\",\"valueRequired\":true,\"valueName\":\"search_term_string\"}}],\"inLanguage\":\"en-US\"},{\"@type\":\"Organization\",\"@id\":\"https:\\\/\\\/pruebaalpha.org\\\/#organization\",\"name\":\"Alpha LATAM\",\"url\":\"https:\\\/\\\/pruebaalpha.org\\\/\",\"logo\":{\"@type\":\"ImageObject\",\"inLanguage\":\"en-US\",\"@id\":\"https:\\\/\\\/pruebaalpha.org\\\/#\\\/schema\\\/logo\\\/image\\\/\",\"url\":\"https:\\\/\\\/pruebaalpha.org\\\/wp-content\\\/uploads\\\/2021\\\/08\\\/Alpha-Logo_Red.png\",\"contentUrl\":\"https:\\\/\\\/pruebaalpha.org\\\/wp-content\\\/uploads\\\/2021\\\/08\\\/Alpha-Logo_Red.png\",\"width\":2426,\"height\":2190,\"caption\":\"Alpha LATAM\"},\"image\":{\"@id\":\"https:\\\/\\\/pruebaalpha.org\\\/#\\\/schema\\\/logo\\\/image\\\/\"},\"sameAs\":[\"https:\\\/\\\/www.facebook.com\\\/alphaenespanol\",\"https:\\\/\\\/x.com\\\/AlphaLatam\",\"https:\\\/\\\/www.instagram.com\\\/alphaenespanol\",\"https:\\\/\\\/www.youtube.com\\\/@AlphaenEspanol\"]}]}<\/script>\n<!-- \/ Yoast SEO plugin. -->","yoast_head_json":{"title":"Formulario de descarga - Victoria M\u00e1s All\u00e1 de la Copa - Alpha LAC","robots":{"index":"index","follow":"follow","max-snippet":"max-snippet:-1","max-image-preview":"max-image-preview:large","max-video-preview":"max-video-preview:-1"},"canonical":"https:\/\/pruebaalpha.org\/en\/victoria-descarga\/","twitter_card":"summary_large_image","twitter_title":"Formulario de descarga - Victoria M\u00e1s All\u00e1 de la Copa - Alpha LAC","twitter_description":"PR\u00d3XIMAMETE","twitter_site":"@AlphaLatam","twitter_misc":{"Est. reading time":"1 minute"},"schema":{"@context":"https:\/\/schema.org","@graph":[{"@type":"WebPage","@id":"https:\/\/pruebaalpha.org\/victoria-descarga\/","url":"https:\/\/pruebaalpha.org\/victoria-descarga\/","name":"Formulario de descarga - Victoria M\u00e1s All\u00e1 de la Copa - Alpha LAC","isPartOf":{"@id":"https:\/\/pruebaalpha.org\/#website"},"primaryImageOfPage":{"@id":"https:\/\/pruebaalpha.org\/victoria-descarga\/#primaryimage"},"image":{"@id":"https:\/\/pruebaalpha.org\/victoria-descarga\/#primaryimage"},"thumbnailUrl":"https:\/\/pruebaalpha.org\/wp-content\/uploads\/2026\/03\/separador.svg","datePublished":"2026-03-06T12:47:14+00:00","dateModified":"2026-03-06T14:35:07+00:00","breadcrumb":{"@id":"https:\/\/pruebaalpha.org\/victoria-descarga\/#breadcrumb"},"inLanguage":"en-US","potentialAction":[{"@type":"ReadAction","target":["https:\/\/pruebaalpha.org\/victoria-descarga\/"]}]},{"@type":"ImageObject","inLanguage":"en-US","@id":"https:\/\/pruebaalpha.org\/victoria-descarga\/#primaryimage","url":"https:\/\/pruebaalpha.org\/wp-content\/uploads\/2026\/03\/separador.svg","contentUrl":"https:\/\/pruebaalpha.org\/wp-content\/uploads\/2026\/03\/separador.svg"},{"@type":"BreadcrumbList","@id":"https:\/\/pruebaalpha.org\/victoria-descarga\/#breadcrumb","itemListElement":[{"@type":"ListItem","position":1,"name":"Home","item":"https:\/\/pruebaalpha.org\/"},{"@type":"ListItem","position":2,"name":"Formulario de descarga &#8211; Victoria M\u00e1s All\u00e1 de la Copa"}]},{"@type":"WebSite","@id":"https:\/\/pruebaalpha.org\/#website","url":"https:\/\/pruebaalpha.org\/","name":"Alpha LATAM","description":"Alpha es una serie de sesiones interactivas donde puedes explorar libremente lo b\u00e1sico de la fe cristiana. No hay presi\u00f3n, obligaci\u00f3n ni costo.","publisher":{"@id":"https:\/\/pruebaalpha.org\/#organization"},"potentialAction":[{"@type":"SearchAction","target":{"@type":"EntryPoint","urlTemplate":"https:\/\/pruebaalpha.org\/?s={search_term_string}"},"query-input":{"@type":"PropertyValueSpecification","valueRequired":true,"valueName":"search_term_string"}}],"inLanguage":"en-US"},{"@type":"Organization","@id":"https:\/\/pruebaalpha.org\/#organization","name":"Alpha LATAM","url":"https:\/\/pruebaalpha.org\/","logo":{"@type":"ImageObject","inLanguage":"en-US","@id":"https:\/\/pruebaalpha.org\/#\/schema\/logo\/image\/","url":"https:\/\/pruebaalpha.org\/wp-content\/uploads\/2021\/08\/Alpha-Logo_Red.png","contentUrl":"https:\/\/pruebaalpha.org\/wp-content\/uploads\/2021\/08\/Alpha-Logo_Red.png","width":2426,"height":2190,"caption":"Alpha LATAM"},"image":{"@id":"https:\/\/pruebaalpha.org\/#\/schema\/logo\/image\/"},"sameAs":["https:\/\/www.facebook.com\/alphaenespanol","https:\/\/x.com\/AlphaLatam","https:\/\/www.instagram.com\/alphaenespanol","https:\/\/www.youtube.com\/@AlphaenEspanol"]}]}},"_links":{"self":[{"href":"https:\/\/pruebaalpha.org\/en\/wp-json\/wp\/v2\/pages\/42652","targetHints":{"allow":["GET"]}}],"collection":[{"href":"https:\/\/pruebaalpha.org\/en\/wp-json\/wp\/v2\/pages"}],"about":[{"href":"https:\/\/pruebaalpha.org\/en\/wp-json\/wp\/v2\/types\/page"}],"author":[{"embeddable":true,"href":"https:\/\/pruebaalpha.org\/en\/wp-json\/wp\/v2\/users\/8"}],"replies":[{"embeddable":true,"href":"https:\/\/pruebaalpha.org\/en\/wp-json\/wp\/v2\/comments?post=42652"}],"version-history":[{"count":7,"href":"https:\/\/pruebaalpha.org\/en\/wp-json\/wp\/v2\/pages\/42652\/revisions"}],"predecessor-version":[{"id":42674,"href":"https:\/\/pruebaalpha.org\/en\/wp-json\/wp\/v2\/pages\/42652\/revisions\/42674"}],"wp:attachment":[{"href":"https:\/\/pruebaalpha.org\/en\/wp-json\/wp\/v2\/media?parent=42652"}],"curies":[{"name":"wp","href":"https:\/\/api.w.org\/{rel}","templated":true}]}}