{"id":42535,"date":"2026-03-05T12:45:40","date_gmt":"2026-03-05T15:45:40","guid":{"rendered":"https:\/\/pruebaalpha.org\/?page_id=42535"},"modified":"2026-04-13T15:01:49","modified_gmt":"2026-04-13T18:01:49","slug":"odilydiaz","status":"publish","type":"page","link":"https:\/\/pruebaalpha.org\/en\/odilydiaz\/","title":{"rendered":"Odily Diaz | LAC"},"content":{"rendered":"\t\t<div data-elementor-type=\"wp-page\" data-elementor-id=\"42535\" class=\"elementor elementor-42535\" data-elementor-settings=\"{&quot;element_pack_global_tooltip_width&quot;:{&quot;unit&quot;:&quot;px&quot;,&quot;size&quot;:&quot;&quot;,&quot;sizes&quot;:[]},&quot;element_pack_global_tooltip_width_tablet&quot;:{&quot;unit&quot;:&quot;px&quot;,&quot;size&quot;:&quot;&quot;,&quot;sizes&quot;:[]},&quot;element_pack_global_tooltip_width_mobile&quot;:{&quot;unit&quot;:&quot;px&quot;,&quot;size&quot;:&quot;&quot;,&quot;sizes&quot;:[]},&quot;element_pack_global_tooltip_padding&quot;:{&quot;unit&quot;:&quot;px&quot;,&quot;top&quot;:&quot;&quot;,&quot;right&quot;:&quot;&quot;,&quot;bottom&quot;:&quot;&quot;,&quot;left&quot;:&quot;&quot;,&quot;isLinked&quot;:true},&quot;element_pack_global_tooltip_padding_tablet&quot;:{&quot;unit&quot;:&quot;px&quot;,&quot;top&quot;:&quot;&quot;,&quot;right&quot;:&quot;&quot;,&quot;bottom&quot;:&quot;&quot;,&quot;left&quot;:&quot;&quot;,&quot;isLinked&quot;:true},&quot;element_pack_global_tooltip_padding_mobile&quot;:{&quot;unit&quot;:&quot;px&quot;,&quot;top&quot;:&quot;&quot;,&quot;right&quot;:&quot;&quot;,&quot;bottom&quot;:&quot;&quot;,&quot;left&quot;:&quot;&quot;,&quot;isLinked&quot;:true},&quot;element_pack_global_tooltip_border_radius&quot;:{&quot;unit&quot;:&quot;px&quot;,&quot;top&quot;:&quot;&quot;,&quot;right&quot;:&quot;&quot;,&quot;bottom&quot;:&quot;&quot;,&quot;left&quot;:&quot;&quot;,&quot;isLinked&quot;:true},&quot;element_pack_global_tooltip_border_radius_tablet&quot;:{&quot;unit&quot;:&quot;px&quot;,&quot;top&quot;:&quot;&quot;,&quot;right&quot;:&quot;&quot;,&quot;bottom&quot;:&quot;&quot;,&quot;left&quot;:&quot;&quot;,&quot;isLinked&quot;:true},&quot;element_pack_global_tooltip_border_radius_mobile&quot;:{&quot;unit&quot;:&quot;px&quot;,&quot;top&quot;:&quot;&quot;,&quot;right&quot;:&quot;&quot;,&quot;bottom&quot;:&quot;&quot;,&quot;left&quot;:&quot;&quot;,&quot;isLinked&quot;:true}}\" data-elementor-post-type=\"page\">\n\t\t\t\t\t\t<section class=\"has_eae_slider elementor-section elementor-top-section elementor-element elementor-element-9408a86 elementor-section-boxed elementor-section-height-default elementor-section-height-default\" data-eae-slider=\"59040\" data-id=\"9408a86\" data-element_type=\"section\" data-e-type=\"section\" data-settings=\"{&quot;background_background&quot;:&quot;classic&quot;}\">\n\t\t\t\t\t\t<div class=\"elementor-container elementor-column-gap-default\">\n\t\t\t\t\t<div class=\"has_eae_slider elementor-column elementor-col-100 elementor-top-column elementor-element elementor-element-086f6b3\" data-eae-slider=\"7431\" data-id=\"086f6b3\" data-element_type=\"column\" data-e-type=\"column\" data-settings=\"{&quot;background_background&quot;:&quot;classic&quot;}\">\n\t\t\t<div class=\"elementor-widget-wrap elementor-element-populated\">\n\t\t\t\t\t\t<div class=\"elementor-element elementor-element-7cf47d9 elementor-widget elementor-widget-spacer\" data-id=\"7cf47d9\" data-element_type=\"widget\" data-e-type=\"widget\" data-widget_type=\"spacer.default\">\n\t\t\t\t<div class=\"elementor-widget-container\">\n\t\t\t\t\t\t\t<div class=\"elementor-spacer\">\n\t\t\t<div class=\"elementor-spacer-inner\"><\/div>\n\t\t<\/div>\n\t\t\t\t\t\t<\/div>\n\t\t\t\t<\/div>\n\t\t\t\t<div class=\"elementor-element elementor-element-fe236ec elementor-widget elementor-widget-text-editor\" data-id=\"fe236ec\" data-element_type=\"widget\" data-e-type=\"widget\" data-widget_type=\"text-editor.default\">\n\t\t\t\t<div class=\"elementor-widget-container\">\n\t\t\t\t\t\t\t\t\t<p><b><span class=\"ContentPasted0\">D\u00e9janos tu contacto<\/span><\/b><\/p>\t\t\t\t\t\t\t\t<\/div>\n\t\t\t\t<\/div>\n\t\t\t\t<div class=\"elementor-element elementor-element-16ea379 elementor-widget elementor-widget-spacer\" data-id=\"16ea379\" data-element_type=\"widget\" data-e-type=\"widget\" data-widget_type=\"spacer.default\">\n\t\t\t\t<div class=\"elementor-widget-container\">\n\t\t\t\t\t\t\t<div class=\"elementor-spacer\">\n\t\t\t<div class=\"elementor-spacer-inner\"><\/div>\n\t\t<\/div>\n\t\t\t\t\t\t<\/div>\n\t\t\t\t<\/div>\n\t\t\t\t\t<\/div>\n\t\t<\/div>\n\t\t\t\t\t<\/div>\n\t\t<\/section>\n\t\t\t\t<section class=\"has_eae_slider elementor-section elementor-top-section elementor-element elementor-element-00fc275 elementor-section-full_width elementor-section-stretched elementor-section-height-default elementor-section-height-default\" data-eae-slider=\"95551\" data-id=\"00fc275\" data-element_type=\"section\" data-e-type=\"section\" data-settings=\"{&quot;stretch_section&quot;:&quot;section-stretched&quot;}\">\n\t\t\t\t\t\t<div class=\"elementor-container elementor-column-gap-default\">\n\t\t\t\t\t<div class=\"has_eae_slider elementor-column elementor-col-100 elementor-top-column elementor-element elementor-element-6e7709f\" data-eae-slider=\"43241\" data-id=\"6e7709f\" data-element_type=\"column\" data-e-type=\"column\">\n\t\t\t<div class=\"elementor-widget-wrap elementor-element-populated\">\n\t\t\t\t\t\t<div class=\"elementor-element elementor-element-4dbc98e elementor-widget elementor-widget-html\" data-id=\"4dbc98e\" data-element_type=\"widget\" data-e-type=\"widget\" data-widget_type=\"html.default\">\n\t\t\t\t<div class=\"elementor-widget-container\">\n\t\t\t\t\t<META HTTP-EQUIV=\"Content-type\" CONTENT=\"text\/html; charset=UTF-8\">\n\n<style>\n  .form-container {\n    max-width: 400px;\n    margin: auto;\n    text-align: left;\n    font-family: Arial, sans-serif;\n  }\n  \n  .form-group {\n    display: flex;\n    flex-direction: column;\n    margin-bottom: 10px;\n  }\n  \n  label {\n    font-weight: bold;\n    margin-bottom: 5px;\n  }\n\n  input, select, textarea {\n    padding: 8px;\n    font-size: 14px;\n    border: 1px solid #ccc;\n    border-radius: 4px;\n    box-sizing: border-box;\n  }\n\n  textarea {\n    resize: vertical;\n    min-height: 50px;\n    max-height: 150px;\n  }\n\n  input[type=\"submit\"] {\n    background-color: #d71920;\n    color: white;\n    cursor: pointer;\n    font-size: 16px;\n    font-weight: bold;\n    border: none;\n    padding: 10px;\n    border-radius: 4px;\n  }\n\n  input[type=\"submit\"]:hover {\n    background-color: #b6161c;\n  }\n\n  .checkbox-group {\n    margin: 14px 0 16px;\n  }\n\n  .checkbox-label {\n    display: flex;\n    align-items: flex-start;\n    gap: 10px;\n    font-weight: normal;\n    cursor: pointer;\n    margin-bottom: 0;\n    line-height: 1.4;\n  }\n\n  .checkbox-label input[type=\"checkbox\"] {\n    -webkit-appearance: checkbox !important;\n    appearance: checkbox !important;\n    display: inline-block !important;\n    visibility: visible !important;\n    opacity: 1 !important;\n    position: static !important;\n    clip: auto !important;\n    clip-path: none !important;\n    pointer-events: auto !important;\n    z-index: 1 !important;\n    width: 18px !important;\n    height: 18px !important;\n    margin: 2px 0 0 0 !important;\n    padding: 0 !important;\n    flex: 0 0 18px;\n    accent-color: #d71920;\n    border: 1px solid #999 !important;\n    background: #fff !important;\n  }\n\n  .checkbox-label span {\n    display: inline-block;\n    font-weight: bold;\n  }\n<\/style>\n\n\n<form action=\"https:\/\/webto.salesforce.com\/servlet\/servlet.WebToLead?encoding=UTF-8\" method=\"POST\">\n  <input type=\"hidden\" name=\"oid\" value=\"00D2E000001FIxO\">\n  <input type=\"hidden\" name=\"retURL\" value=\"https:\/\/pruebaalpha.org\/confirmacionlac\/\">\n\n  <!-- ID de la campa\u00f1a del evento -->\n  <input type=\"hidden\" name=\"campaign_id\" value=\"701US00000lPPl0YAG\">\n  <input type=\"hidden\" name=\"Campaign_ID\" value=\"701US00000lPPl0YAG\">\n\n  <div class=\"form-container\">\n\n    <div class=\"form-group\">\n      <label for=\"first_name\">Nombre<\/label>\n      <input id=\"first_name\" name=\"first_name\" type=\"text\" maxlength=\"40\" required>\n    <\/div>\n\n    <div class=\"form-group\">\n      <label for=\"last_name\">Apellidos<\/label>\n      <input id=\"last_name\" name=\"last_name\" type=\"text\" maxlength=\"80\" required>\n    <\/div>\n\n    <div class=\"form-group\">\n      <label for=\"email\">Correo electr\u00f3nico<\/label>\n      <input id=\"email\" name=\"email\" type=\"email\" maxlength=\"80\" required>\n    <\/div>\n\n    <div class=\"form-group\">\n      <label for=\"mobile\">Celular<\/label>\n      <input id=\"mobile\" name=\"mobile\" type=\"text\" maxlength=\"40\">\n    <\/div>\n\n    <div class=\"form-group\">\n      <label for=\"00NUS000000BmHR\">Pa\u00eds<\/label>\n      <select id=\"00NUS000000BmHR\" name=\"00NUS000000BmHR\" required>\n        <option value=\"\">--Selecciona--<\/option>\n        <option value=\"Antigua and Barbuda\">Antigua and Barbuda<\/option>\n        <option value=\"Aruba\">Aruba<\/option>\n        <option value=\"Bahamas\">Bahamas<\/option>\n        <option value=\"Barbados\">Barbados<\/option>\n        <option value=\"Belice\">Belice<\/option>\n        <option value=\"Belize\">Belize<\/option>\n        <option value=\"Bermudas\">Bermudas<\/option>\n        <option value=\"Bolivia\">Bolivia<\/option>\n        <option value=\"Cayman Islands\">Cayman Islands<\/option>\n        <option value=\"Chile\">Chile<\/option>\n        <option value=\"Costa Rica\">Costa Rica<\/option>\n        <option value=\"Cura\u00e7ao\">Cura\u00e7ao<\/option>\n        <option value=\"Dominica\">Dominica<\/option>\n        <option value=\"Dominican Republic\">Dominican Republic<\/option>\n        <option value=\"Ecuador\">Ecuador<\/option>\n        <option value=\"Estados Unidos\">Estados Unidos<\/option>\n        <option value=\"El Salvador\">El Salvador<\/option>\n        <option value=\"Grenada\">Grenada<\/option>\n        <option value=\"Guatemala\">Guatemala<\/option>\n        <option value=\"Guyana\">Guyana<\/option>\n        <option value=\"Haiti\">Haiti<\/option>\n        <option value=\"Honduras\">Honduras<\/option>\n        <option value=\"Jamaica\">Jamaica<\/option>\n        <option value=\"Nicaragua\">Nicaragua<\/option>\n        <option value=\"Panam\u00e1\">Panam\u00e1<\/option>\n        <option value=\"Paraguay\">Paraguay<\/option>\n        <option value=\"Per\u00fa\">Per\u00fa<\/option>\n        <option value=\"Puerto Rico\">Puerto Rico<\/option>\n        <option value=\"Rep\u00fablica Dominicana\">Rep\u00fablica Dominicana<\/option>\n        <option value=\"Suriname\">Suriname<\/option>\n        <option value=\"Trinidad and Tobago\">Trinidad and Tobago<\/option>\n        <option value=\"Uruguay\">Uruguay<\/option>\n        <option value=\"Venezuela\">Venezuela<\/option>\n      <\/select>\n    <\/div>\n\n    <div class=\"form-group\">\n      <label for=\"city\">Ciudad<\/label>\n      <input id=\"city\" name=\"city\" type=\"text\" maxlength=\"40\">\n    <\/div>\n\n    <div class=\"form-group\">\n      <label for=\"company\">Iglesia \/ Organizaci\u00f3n<\/label>\n      <input id=\"company\" name=\"company\" type=\"text\" maxlength=\"40\">\n    <\/div>\n\n    <div class=\"form-group\">\n      <label for=\"00N2E00000IIEed\">Rol en la iglesia<\/label>\n      <select id=\"00N2E00000IIEed\" name=\"00N2E00000IIEed\">\n        <option value=\"\">--Selecciona--<\/option>\n        <option value=\"Administrador de Alpha\">Administrador de Alpha<\/option>\n        <option value=\"Lider asociado de la Iglesia\">Lider asociado de la Iglesia<\/option>\n        <option value=\"Sacerdote\">Sacerdote<\/option>\n        <option value=\"Obispo\">Obispo<\/option>\n        <option value=\"Lider de la Iglesia\">Lider de la Iglesia<\/option>\n        <option value=\"Anfitri\u00f3n \/ Ayudante\">Anfitri\u00f3n \/ Ayudante<\/option>\n        <option value=\"Estudiante\">Estudiante<\/option>\n        <option value=\"Otro\">Otro<\/option>\n        <option value=\"Pastor\">Pastor<\/option>\n        <option value=\"L\u00edder Juvenil\">L\u00edder Juvenil<\/option>\n      <\/select>\n    <\/div>\n\n    <div class=\"form-group checkbox-group\">\n      <label for=\"00NUS000006Yorl\" class=\"checkbox-label\">\n        <input id=\"00NUS000006Yorl\" name=\"00NUS000006Yorl\" type=\"checkbox\" value=\"1\" required>\n        <span>\u00bfAceptas que Alpha comparta tus datos de contacto con el equipo de tu pa\u00eds para brindarte informaci\u00f3n, acompa\u00f1amiento y seguimiento?<\/span>\n      <\/label>\n    <\/div>\n\n    <div class=\"form-group\">\n      <input type=\"submit\" value=\"Enviar\">\n    <\/div>\n\n  <\/div>\n<\/form>\n\n\t\t\t\t<\/div>\n\t\t\t\t<\/div>\n\t\t<div class=\"has_eae_slider elementor-element elementor-element-8dae0ac e-grid e-con-boxed e-con e-parent\" data-eae-slider=\"50593\" data-id=\"8dae0ac\" data-element_type=\"container\" data-e-type=\"container\">\n\t\t\t\t\t<div class=\"e-con-inner\">\n\t\t<div class=\"has_eae_slider elementor-element elementor-element-e52fecd e-con-full e-flex e-con e-child\" data-eae-slider=\"36369\" data-id=\"e52fecd\" data-element_type=\"container\" data-e-type=\"container\">\n\t\t\t\t<div class=\"elementor-element elementor-element-4377f9a elementor-align-center elementor-widget elementor-widget-button\" data-id=\"4377f9a\" data-element_type=\"widget\" data-e-type=\"widget\" data-widget_type=\"button.default\">\n\t\t\t\t<div class=\"elementor-widget-container\">\n\t\t\t\t\t\t\t\t\t<div class=\"elementor-button-wrapper\">\n\t\t\t\t\t<a class=\"elementor-button elementor-button-link elementor-size-sm\" href=\"https:\/\/pruebaalpha.org\/prueba\/\">\n\t\t\t\t\t\t<span class=\"elementor-button-content-wrapper\">\n\t\t\t\t\t\t\t\t\t<span class=\"elementor-button-text\">Conoce m\u00e1s sobre Alpha<\/span>\n\t\t\t\t\t<\/span>\n\t\t\t\t\t<\/a>\n\t\t\t\t<\/div>\n\t\t\t\t\t\t\t\t<\/div>\n\t\t\t\t<\/div>\n\t\t\t\t<\/div>\n\t\t<div class=\"has_eae_slider elementor-element elementor-element-4a35a47 e-con-full e-flex e-con e-child\" data-eae-slider=\"29390\" data-id=\"4a35a47\" data-element_type=\"container\" data-e-type=\"container\">\n\t\t\t\t<div class=\"elementor-element elementor-element-6917727 elementor-align-justify elementor-widget__width-initial elementor-widget elementor-widget-button\" data-id=\"6917727\" data-element_type=\"widget\" data-e-type=\"widget\" data-widget_type=\"button.default\">\n\t\t\t\t<div class=\"elementor-widget-container\">\n\t\t\t\t\t\t\t\t\t<div class=\"elementor-button-wrapper\">\n\t\t\t\t\t<a class=\"elementor-button elementor-button-link elementor-size-sm\" href=\"https:\/\/pruebaalpha.org\/entrenamientos-LATAM\/\">\n\t\t\t\t\t\t<span class=\"elementor-button-content-wrapper\">\n\t\t\t\t\t\t\t\t\t<span class=\"elementor-button-text\">Entrenate<\/span>\n\t\t\t\t\t<\/span>\n\t\t\t\t\t<\/a>\n\t\t\t\t<\/div>\n\t\t\t\t\t\t\t\t<\/div>\n\t\t\t\t<\/div>\n\t\t\t\t<\/div>\n\t\t<div class=\"has_eae_slider elementor-element elementor-element-8fd7abd e-con-full e-flex e-con e-child\" data-eae-slider=\"9417\" data-id=\"8fd7abd\" data-element_type=\"container\" data-e-type=\"container\">\n\t\t\t\t<div class=\"elementor-element elementor-element-ca2b98c elementor-align-center elementor-widget elementor-widget-button\" data-id=\"ca2b98c\" data-element_type=\"widget\" data-e-type=\"widget\" data-widget_type=\"button.default\">\n\t\t\t\t<div class=\"elementor-widget-container\">\n\t\t\t\t\t\t\t\t\t<div class=\"elementor-button-wrapper\">\n\t\t\t\t\t<a class=\"elementor-button elementor-button-link elementor-size-sm\" href=\"https:\/\/pruebaalpha.org\/mi-alpha\/\">\n\t\t\t\t\t\t<span class=\"elementor-button-content-wrapper\">\n\t\t\t\t\t\t\t\t\t<span class=\"elementor-button-text\">Mi Alpha<\/span>\n\t\t\t\t\t<\/span>\n\t\t\t\t\t<\/a>\n\t\t\t\t<\/div>\n\t\t\t\t\t\t\t\t<\/div>\n\t\t\t\t<\/div>\n\t\t\t\t<\/div>\n\t\t\t\t\t<\/div>\n\t\t\t\t<\/div>\n\t\t\t\t<div class=\"elementor-element elementor-element-206f11c elementor-widget elementor-widget-spacer\" data-id=\"206f11c\" data-element_type=\"widget\" data-e-type=\"widget\" data-widget_type=\"spacer.default\">\n\t\t\t\t<div class=\"elementor-widget-container\">\n\t\t\t\t\t\t\t<div class=\"elementor-spacer\">\n\t\t\t<div class=\"elementor-spacer-inner\"><\/div>\n\t\t<\/div>\n\t\t\t\t\t\t<\/div>\n\t\t\t\t<\/div>\n\t\t\t\t\t<\/div>\n\t\t<\/div>\n\t\t\t\t\t<\/div>\n\t\t<\/section>\n\t\t\t\t<\/div>\n\t\t","protected":false},"excerpt":{"rendered":"<p>D\u00e9janos tu contacto Nombre Apellidos Correo electr\u00f3nico Celular Pa\u00eds &#8211;Selecciona&#8211;Antigua and BarbudaArubaBahamasBarbadosBeliceBelizeBermudasBoliviaCayman IslandsChileCosta RicaCura\u00e7aoDominicaDominican RepublicEcuadorEstados UnidosEl SalvadorGrenadaGuatemalaGuyanaHaitiHondurasJamaicaNicaraguaPanam\u00e1ParaguayPer\u00faPuerto RicoRep\u00fablica DominicanaSurinameTrinidad and TobagoUruguayVenezuela Ciudad Iglesia \/ Organizaci\u00f3n Rol en la iglesia &#8211;Selecciona&#8211;Administrador&hellip;<\/p>","protected":false},"author":8,"featured_media":0,"parent":0,"menu_order":0,"comment_status":"closed","ping_status":"closed","template":"..\/public\/views\/revslider-page-template.php","meta":{"_monsterinsights_skip_tracking":false,"_monsterinsights_sitenote_active":false,"_monsterinsights_sitenote_note":"","_monsterinsights_sitenote_category":0,"footnotes":""},"class_list":["post-42535","page","type-page","status-publish","hentry"],"yoast_head":"<!-- This site is optimized with the Yoast SEO plugin v27.4 - https:\/\/yoast.com\/product\/yoast-seo-wordpress\/ -->\n<title>Odily Diaz | LAC - Alpha LAC<\/title>\n<meta name=\"robots\" content=\"index, follow, max-snippet:-1, max-image-preview:large, max-video-preview:-1\" \/>\n<link rel=\"canonical\" href=\"https:\/\/pruebaalpha.org\/en\/odilydiaz\/\" \/>\n<meta name=\"twitter:card\" content=\"summary_large_image\" \/>\n<meta name=\"twitter:title\" content=\"Odily Diaz | LAC - Alpha LAC\" \/>\n<meta name=\"twitter:description\" content=\"D\u00e9janos tu contacto Nombre Apellidos Correo electr\u00f3nico Celular Pa\u00eds &#8211;Selecciona&#8211;Antigua and BarbudaArubaBahamasBarbadosBeliceBelizeBermudasBoliviaCayman IslandsChileCosta RicaCura\u00e7aoDominicaDominican RepublicEcuadorEstados UnidosEl SalvadorGrenadaGuatemalaGuyanaHaitiHondurasJamaicaNicaraguaPanam\u00e1ParaguayPer\u00faPuerto RicoRep\u00fablica DominicanaSurinameTrinidad and TobagoUruguayVenezuela Ciudad Iglesia \/ Organizaci\u00f3n Rol en la iglesia &#8211;Selecciona&#8211;Administrador&hellip;\" \/>\n<meta name=\"twitter:site\" content=\"@AlphaLatam\" \/>\n<meta name=\"twitter:label1\" content=\"Est. reading time\" \/>\n\t<meta name=\"twitter:data1\" content=\"1 minute\" \/>\n<script type=\"application\/ld+json\" class=\"yoast-schema-graph\">{\"@context\":\"https:\\\/\\\/schema.org\",\"@graph\":[{\"@type\":\"WebPage\",\"@id\":\"https:\\\/\\\/pruebaalpha.org\\\/odilydiaz\\\/\",\"url\":\"https:\\\/\\\/pruebaalpha.org\\\/odilydiaz\\\/\",\"name\":\"Odily Diaz | LAC - Alpha LAC\",\"isPartOf\":{\"@id\":\"https:\\\/\\\/pruebaalpha.org\\\/#website\"},\"datePublished\":\"2026-03-05T15:45:40+00:00\",\"dateModified\":\"2026-04-13T18:01:49+00:00\",\"breadcrumb\":{\"@id\":\"https:\\\/\\\/pruebaalpha.org\\\/odilydiaz\\\/#breadcrumb\"},\"inLanguage\":\"en-US\",\"potentialAction\":[{\"@type\":\"ReadAction\",\"target\":[\"https:\\\/\\\/pruebaalpha.org\\\/odilydiaz\\\/\"]}]},{\"@type\":\"BreadcrumbList\",\"@id\":\"https:\\\/\\\/pruebaalpha.org\\\/odilydiaz\\\/#breadcrumb\",\"itemListElement\":[{\"@type\":\"ListItem\",\"position\":1,\"name\":\"Home\",\"item\":\"https:\\\/\\\/pruebaalpha.org\\\/\"},{\"@type\":\"ListItem\",\"position\":2,\"name\":\"Odily Diaz | LAC\"}]},{\"@type\":\"WebSite\",\"@id\":\"https:\\\/\\\/pruebaalpha.org\\\/#website\",\"url\":\"https:\\\/\\\/pruebaalpha.org\\\/\",\"name\":\"Alpha LATAM\",\"description\":\"Alpha es una serie de sesiones interactivas donde puedes explorar libremente lo b\u00e1sico de la fe cristiana. No hay presi\u00f3n, obligaci\u00f3n ni costo.\",\"publisher\":{\"@id\":\"https:\\\/\\\/pruebaalpha.org\\\/#organization\"},\"potentialAction\":[{\"@type\":\"SearchAction\",\"target\":{\"@type\":\"EntryPoint\",\"urlTemplate\":\"https:\\\/\\\/pruebaalpha.org\\\/?s={search_term_string}\"},\"query-input\":{\"@type\":\"PropertyValueSpecification\",\"valueRequired\":true,\"valueName\":\"search_term_string\"}}],\"inLanguage\":\"en-US\"},{\"@type\":\"Organization\",\"@id\":\"https:\\\/\\\/pruebaalpha.org\\\/#organization\",\"name\":\"Alpha LATAM\",\"url\":\"https:\\\/\\\/pruebaalpha.org\\\/\",\"logo\":{\"@type\":\"ImageObject\",\"inLanguage\":\"en-US\",\"@id\":\"https:\\\/\\\/pruebaalpha.org\\\/#\\\/schema\\\/logo\\\/image\\\/\",\"url\":\"https:\\\/\\\/pruebaalpha.org\\\/wp-content\\\/uploads\\\/2021\\\/08\\\/Alpha-Logo_Red.png\",\"contentUrl\":\"https:\\\/\\\/pruebaalpha.org\\\/wp-content\\\/uploads\\\/2021\\\/08\\\/Alpha-Logo_Red.png\",\"width\":2426,\"height\":2190,\"caption\":\"Alpha LATAM\"},\"image\":{\"@id\":\"https:\\\/\\\/pruebaalpha.org\\\/#\\\/schema\\\/logo\\\/image\\\/\"},\"sameAs\":[\"https:\\\/\\\/www.facebook.com\\\/alphaenespanol\",\"https:\\\/\\\/x.com\\\/AlphaLatam\",\"https:\\\/\\\/www.instagram.com\\\/alphaenespanol\",\"https:\\\/\\\/www.youtube.com\\\/@AlphaenEspanol\"]}]}<\/script>\n<!-- \/ Yoast SEO plugin. -->","yoast_head_json":{"title":"Odily Diaz | LAC - Alpha LAC","robots":{"index":"index","follow":"follow","max-snippet":"max-snippet:-1","max-image-preview":"max-image-preview:large","max-video-preview":"max-video-preview:-1"},"canonical":"https:\/\/pruebaalpha.org\/en\/odilydiaz\/","twitter_card":"summary_large_image","twitter_title":"Odily Diaz | LAC - Alpha LAC","twitter_description":"D\u00e9janos tu contacto Nombre Apellidos Correo electr\u00f3nico Celular Pa\u00eds &#8211;Selecciona&#8211;Antigua and BarbudaArubaBahamasBarbadosBeliceBelizeBermudasBoliviaCayman IslandsChileCosta RicaCura\u00e7aoDominicaDominican RepublicEcuadorEstados UnidosEl SalvadorGrenadaGuatemalaGuyanaHaitiHondurasJamaicaNicaraguaPanam\u00e1ParaguayPer\u00faPuerto RicoRep\u00fablica DominicanaSurinameTrinidad and TobagoUruguayVenezuela Ciudad Iglesia \/ Organizaci\u00f3n Rol en la iglesia &#8211;Selecciona&#8211;Administrador&hellip;","twitter_site":"@AlphaLatam","twitter_misc":{"Est. reading time":"1 minute"},"schema":{"@context":"https:\/\/schema.org","@graph":[{"@type":"WebPage","@id":"https:\/\/pruebaalpha.org\/odilydiaz\/","url":"https:\/\/pruebaalpha.org\/odilydiaz\/","name":"Odily Diaz | LAC - Alpha LAC","isPartOf":{"@id":"https:\/\/pruebaalpha.org\/#website"},"datePublished":"2026-03-05T15:45:40+00:00","dateModified":"2026-04-13T18:01:49+00:00","breadcrumb":{"@id":"https:\/\/pruebaalpha.org\/odilydiaz\/#breadcrumb"},"inLanguage":"en-US","potentialAction":[{"@type":"ReadAction","target":["https:\/\/pruebaalpha.org\/odilydiaz\/"]}]},{"@type":"BreadcrumbList","@id":"https:\/\/pruebaalpha.org\/odilydiaz\/#breadcrumb","itemListElement":[{"@type":"ListItem","position":1,"name":"Home","item":"https:\/\/pruebaalpha.org\/"},{"@type":"ListItem","position":2,"name":"Odily Diaz | LAC"}]},{"@type":"WebSite","@id":"https:\/\/pruebaalpha.org\/#website","url":"https:\/\/pruebaalpha.org\/","name":"Alpha LATAM","description":"Alpha es una serie de sesiones interactivas donde puedes explorar libremente lo b\u00e1sico de la fe cristiana. No hay presi\u00f3n, obligaci\u00f3n ni costo.","publisher":{"@id":"https:\/\/pruebaalpha.org\/#organization"},"potentialAction":[{"@type":"SearchAction","target":{"@type":"EntryPoint","urlTemplate":"https:\/\/pruebaalpha.org\/?s={search_term_string}"},"query-input":{"@type":"PropertyValueSpecification","valueRequired":true,"valueName":"search_term_string"}}],"inLanguage":"en-US"},{"@type":"Organization","@id":"https:\/\/pruebaalpha.org\/#organization","name":"Alpha LATAM","url":"https:\/\/pruebaalpha.org\/","logo":{"@type":"ImageObject","inLanguage":"en-US","@id":"https:\/\/pruebaalpha.org\/#\/schema\/logo\/image\/","url":"https:\/\/pruebaalpha.org\/wp-content\/uploads\/2021\/08\/Alpha-Logo_Red.png","contentUrl":"https:\/\/pruebaalpha.org\/wp-content\/uploads\/2021\/08\/Alpha-Logo_Red.png","width":2426,"height":2190,"caption":"Alpha LATAM"},"image":{"@id":"https:\/\/pruebaalpha.org\/#\/schema\/logo\/image\/"},"sameAs":["https:\/\/www.facebook.com\/alphaenespanol","https:\/\/x.com\/AlphaLatam","https:\/\/www.instagram.com\/alphaenespanol","https:\/\/www.youtube.com\/@AlphaenEspanol"]}]}},"_links":{"self":[{"href":"https:\/\/pruebaalpha.org\/en\/wp-json\/wp\/v2\/pages\/42535","targetHints":{"allow":["GET"]}}],"collection":[{"href":"https:\/\/pruebaalpha.org\/en\/wp-json\/wp\/v2\/pages"}],"about":[{"href":"https:\/\/pruebaalpha.org\/en\/wp-json\/wp\/v2\/types\/page"}],"author":[{"embeddable":true,"href":"https:\/\/pruebaalpha.org\/en\/wp-json\/wp\/v2\/users\/8"}],"replies":[{"embeddable":true,"href":"https:\/\/pruebaalpha.org\/en\/wp-json\/wp\/v2\/comments?post=42535"}],"version-history":[{"count":7,"href":"https:\/\/pruebaalpha.org\/en\/wp-json\/wp\/v2\/pages\/42535\/revisions"}],"predecessor-version":[{"id":43368,"href":"https:\/\/pruebaalpha.org\/en\/wp-json\/wp\/v2\/pages\/42535\/revisions\/43368"}],"wp:attachment":[{"href":"https:\/\/pruebaalpha.org\/en\/wp-json\/wp\/v2\/media?parent=42535"}],"curies":[{"name":"wp","href":"https:\/\/api.w.org\/{rel}","templated":true}]}}