{"id":30011,"date":"2024-06-26T12:26:22","date_gmt":"2024-06-26T15:26:22","guid":{"rendered":"https:\/\/pruebaalpha.org\/?page_id=30011"},"modified":"2025-11-07T10:04:09","modified_gmt":"2025-11-07T13:04:09","slug":"whatsappofinas","status":"publish","type":"page","link":"https:\/\/pruebaalpha.org\/en\/whatsappofinas\/","title":{"rendered":"WhatsApp Pa\u00edses"},"content":{"rendered":"<div data-elementor-type=\"wp-page\" data-elementor-id=\"30011\" class=\"elementor elementor-30011\" data-elementor-settings=\"{&quot;element_pack_global_tooltip_width&quot;:{&quot;unit&quot;:&quot;px&quot;,&quot;size&quot;:&quot;&quot;,&quot;sizes&quot;:[]},&quot;element_pack_global_tooltip_width_tablet&quot;:{&quot;unit&quot;:&quot;px&quot;,&quot;size&quot;:&quot;&quot;,&quot;sizes&quot;:[]},&quot;element_pack_global_tooltip_width_mobile&quot;:{&quot;unit&quot;:&quot;px&quot;,&quot;size&quot;:&quot;&quot;,&quot;sizes&quot;:[]},&quot;element_pack_global_tooltip_padding&quot;:{&quot;unit&quot;:&quot;px&quot;,&quot;top&quot;:&quot;&quot;,&quot;right&quot;:&quot;&quot;,&quot;bottom&quot;:&quot;&quot;,&quot;left&quot;:&quot;&quot;,&quot;isLinked&quot;:true},&quot;element_pack_global_tooltip_padding_tablet&quot;:{&quot;unit&quot;:&quot;px&quot;,&quot;top&quot;:&quot;&quot;,&quot;right&quot;:&quot;&quot;,&quot;bottom&quot;:&quot;&quot;,&quot;left&quot;:&quot;&quot;,&quot;isLinked&quot;:true},&quot;element_pack_global_tooltip_padding_mobile&quot;:{&quot;unit&quot;:&quot;px&quot;,&quot;top&quot;:&quot;&quot;,&quot;right&quot;:&quot;&quot;,&quot;bottom&quot;:&quot;&quot;,&quot;left&quot;:&quot;&quot;,&quot;isLinked&quot;:true},&quot;element_pack_global_tooltip_border_radius&quot;:{&quot;unit&quot;:&quot;px&quot;,&quot;top&quot;:&quot;&quot;,&quot;right&quot;:&quot;&quot;,&quot;bottom&quot;:&quot;&quot;,&quot;left&quot;:&quot;&quot;,&quot;isLinked&quot;:true},&quot;element_pack_global_tooltip_border_radius_tablet&quot;:{&quot;unit&quot;:&quot;px&quot;,&quot;top&quot;:&quot;&quot;,&quot;right&quot;:&quot;&quot;,&quot;bottom&quot;:&quot;&quot;,&quot;left&quot;:&quot;&quot;,&quot;isLinked&quot;:true},&quot;element_pack_global_tooltip_border_radius_mobile&quot;:{&quot;unit&quot;:&quot;px&quot;,&quot;top&quot;:&quot;&quot;,&quot;right&quot;:&quot;&quot;,&quot;bottom&quot;:&quot;&quot;,&quot;left&quot;:&quot;&quot;,&quot;isLinked&quot;:true}}\" data-elementor-post-type=\"page\">\n\t\t\t\t<div class=\"has_eae_slider elementor-element elementor-element-162d1f5 e-con-full e-flex e-con e-parent\" data-eae-slider=\"70148\" data-id=\"162d1f5\" data-element_type=\"container\" data-e-type=\"container\" data-settings=\"{&quot;background_background&quot;:&quot;classic&quot;}\">\n\t\t\t\t<div class=\"elementor-element elementor-element-d4de19b elementor-widget elementor-widget-spacer\" data-id=\"d4de19b\" data-element_type=\"widget\" data-e-type=\"widget\" data-widget_type=\"spacer.default\">\n\t\t\t\t<div class=\"elementor-widget-container\">\n\t\t\t\t\t\t\t<div class=\"elementor-spacer\">\n\t\t\t<div class=\"elementor-spacer-inner\"><\/div>\n\t\t<\/div>\n\t\t\t\t\t\t<\/div>\n\t\t\t\t<\/div>\n\t\t\t\t<\/div>\n\t\t<div class=\"has_eae_slider elementor-element elementor-element-61c37cf e-flex e-con-boxed e-con e-parent\" data-eae-slider=\"70819\" data-id=\"61c37cf\" data-element_type=\"container\" data-e-type=\"container\">\n\t\t\t\t\t<div class=\"e-con-inner\">\n\t\t\t\t<div class=\"elementor-element elementor-element-603aa8f elementor-widget elementor-widget-spacer\" data-id=\"603aa8f\" data-element_type=\"widget\" data-e-type=\"widget\" data-widget_type=\"spacer.default\">\n\t\t\t\t<div class=\"elementor-widget-container\">\n\t\t\t\t\t\t\t<div class=\"elementor-spacer\">\n\t\t\t<div class=\"elementor-spacer-inner\"><\/div>\n\t\t<\/div>\n\t\t\t\t\t\t<\/div>\n\t\t\t\t<\/div>\n\t\t\t\t<div class=\"elementor-element elementor-element-f48c5aa elementor-widget elementor-widget-heading\" data-id=\"f48c5aa\" data-element_type=\"widget\" data-e-type=\"widget\" data-widget_type=\"heading.default\">\n\t\t\t\t<div class=\"elementor-widget-container\">\n\t\t\t\t\t<h2 class=\"elementor-heading-title elementor-size-default\">Contactate con nosotros a trav\u00e9s de WhatsApp<\/h2>\t\t\t\t<\/div>\n\t\t\t\t<\/div>\n\t\t\t\t<div class=\"elementor-element elementor-element-5a9a434 elementor-widget elementor-widget-text-editor\" data-id=\"5a9a434\" data-element_type=\"widget\" data-e-type=\"widget\" data-widget_type=\"text-editor.default\">\n\t\t\t\t<div class=\"elementor-widget-container\">\n\t\t\t\t\t\t\t\t\t<p>Selecciona tu pa\u00eds y uno de nuestros equipos te responder\u00e1 por WhatsApp para acompa\u00f1arte en todo lo que necesites.<\/p>\t\t\t\t\t\t\t\t<\/div>\n\t\t\t\t<\/div>\n\t\t<div class=\"has_eae_slider elementor-element elementor-element-e987915 e-grid e-con-full e-con e-child\" data-eae-slider=\"34240\" data-id=\"e987915\" data-element_type=\"container\" data-e-type=\"container\">\n\t\t<div class=\"has_eae_slider elementor-element elementor-element-b35b38b e-con-full e-flex e-con e-child\" data-eae-slider=\"24185\" data-id=\"b35b38b\" data-element_type=\"container\" data-e-type=\"container\">\n\t\t\t\t<div class=\"elementor-element elementor-element-433d6e0 elementor-align-justify elementor-widget elementor-widget-button\" data-id=\"433d6e0\" data-element_type=\"widget\" data-e-type=\"widget\" data-widget_type=\"button.default\">\n\t\t\t\t<div class=\"elementor-widget-container\">\n\t\t\t\t\t\t\t\t\t<div class=\"elementor-button-wrapper\">\n\t\t\t\t\t<a class=\"elementor-button elementor-button-link elementor-size-sm\" href=\"https:\/\/api.whatsapp.com\/send\/?phone=5491127887891&#038;text=%C2%A1Hola%21+Quisiera+recibir+m%C3%A1s+informaci%C3%B3n+sobre+Alpha.%C2%A1Gracias%21&#038;type=phone_number&#038;app_absent=0\">\n\t\t\t\t\t\t<span class=\"elementor-button-content-wrapper\">\n\t\t\t\t\t\t\t\t\t<span class=\"elementor-button-text\">Argentina<\/span>\n\t\t\t\t\t<\/span>\n\t\t\t\t\t<\/a>\n\t\t\t\t<\/div>\n\t\t\t\t\t\t\t\t<\/div>\n\t\t\t\t<\/div>\n\t\t\t\t<\/div>\n\t\t<div class=\"has_eae_slider elementor-element elementor-element-527267c e-con-full e-flex e-con e-child\" data-eae-slider=\"67903\" data-id=\"527267c\" data-element_type=\"container\" data-e-type=\"container\">\n\t\t\t\t<div class=\"elementor-element elementor-element-4398347 elementor-align-justify elementor-widget elementor-widget-button\" data-id=\"4398347\" data-element_type=\"widget\" data-e-type=\"widget\" data-widget_type=\"button.default\">\n\t\t\t\t<div class=\"elementor-widget-container\">\n\t\t\t\t\t\t\t\t\t<div class=\"elementor-button-wrapper\">\n\t\t\t\t\t<a class=\"elementor-button elementor-button-link elementor-size-sm\" href=\"https:\/\/wa.me\/573136758019\">\n\t\t\t\t\t\t<span class=\"elementor-button-content-wrapper\">\n\t\t\t\t\t\t\t\t\t<span class=\"elementor-button-text\">Colombia<\/span>\n\t\t\t\t\t<\/span>\n\t\t\t\t\t<\/a>\n\t\t\t\t<\/div>\n\t\t\t\t\t\t\t\t<\/div>\n\t\t\t\t<\/div>\n\t\t\t\t<\/div>\n\t\t<div class=\"has_eae_slider elementor-element elementor-element-094fda7 e-con-full e-flex e-con e-child\" data-eae-slider=\"36832\" data-id=\"094fda7\" data-element_type=\"container\" data-e-type=\"container\">\n\t\t\t\t<div class=\"elementor-element elementor-element-4eb43fe elementor-align-justify elementor-widget elementor-widget-button\" data-id=\"4eb43fe\" data-element_type=\"widget\" data-e-type=\"widget\" data-widget_type=\"button.default\">\n\t\t\t\t<div class=\"elementor-widget-container\">\n\t\t\t\t\t\t\t\t\t<div class=\"elementor-button-wrapper\">\n\t\t\t\t\t<a class=\"elementor-button elementor-button-link elementor-size-sm\" href=\"https:\/\/wa.me\/+525628080854\">\n\t\t\t\t\t\t<span class=\"elementor-button-content-wrapper\">\n\t\t\t\t\t\t\t\t\t<span class=\"elementor-button-text\">Mexico<\/span>\n\t\t\t\t\t<\/span>\n\t\t\t\t\t<\/a>\n\t\t\t\t<\/div>\n\t\t\t\t\t\t\t\t<\/div>\n\t\t\t\t<\/div>\n\t\t\t\t<\/div>\n\t\t<div class=\"has_eae_slider elementor-element elementor-element-77fe634 e-con-full e-flex e-con e-child\" data-eae-slider=\"21365\" data-id=\"77fe634\" data-element_type=\"container\" data-e-type=\"container\">\n\t\t\t\t<div class=\"elementor-element elementor-element-1177654 elementor-align-justify elementor-widget elementor-widget-button\" data-id=\"1177654\" data-element_type=\"widget\" data-e-type=\"widget\" data-widget_type=\"button.default\">\n\t\t\t\t<div class=\"elementor-widget-container\">\n\t\t\t\t\t\t\t\t\t<div class=\"elementor-button-wrapper\">\n\t\t\t\t\t<a class=\"elementor-button elementor-button-link elementor-size-sm\" href=\"https:\/\/api.whatsapp.com\/message\/2DIVUVAABADFP1?autoload=1&#038;app_absent=0\">\n\t\t\t\t\t\t<span class=\"elementor-button-content-wrapper\">\n\t\t\t\t\t\t\t\t\t<span class=\"elementor-button-text\">Brazil<\/span>\n\t\t\t\t\t<\/span>\n\t\t\t\t\t<\/a>\n\t\t\t\t<\/div>\n\t\t\t\t\t\t\t\t<\/div>\n\t\t\t\t<\/div>\n\t\t\t\t<\/div>\n\t\t<div class=\"has_eae_slider elementor-element elementor-element-f671d06 e-con-full e-flex e-con e-child\" data-eae-slider=\"66323\" data-id=\"f671d06\" data-element_type=\"container\" data-e-type=\"container\">\n\t\t\t\t<div class=\"elementor-element elementor-element-e34deaa elementor-align-justify elementor-widget elementor-widget-button\" data-id=\"e34deaa\" data-element_type=\"widget\" data-e-type=\"widget\" data-widget_type=\"button.default\">\n\t\t\t\t<div class=\"elementor-widget-container\">\n\t\t\t\t\t\t\t\t\t<div class=\"elementor-button-wrapper\">\n\t\t\t\t\t<a class=\"elementor-button elementor-button-link elementor-size-sm\" href=\"https:\/\/wa.link\/pqelul\">\n\t\t\t\t\t\t<span class=\"elementor-button-content-wrapper\">\n\t\t\t\t\t\t\t\t\t<span class=\"elementor-button-text\">Otros pa\u00edses<\/span>\n\t\t\t\t\t<\/span>\n\t\t\t\t\t<\/a>\n\t\t\t\t<\/div>\n\t\t\t\t\t\t\t\t<\/div>\n\t\t\t\t<\/div>\n\t\t\t\t<\/div>\n\t\t\t\t<\/div>\n\t\t\t\t\t<\/div>\n\t\t\t\t<\/div>\n\t\t\t\t<section class=\"has_eae_slider elementor-section elementor-top-section elementor-element elementor-element-1e8659b elementor-section-boxed elementor-section-height-default elementor-section-height-default\" data-eae-slider=\"22007\" data-id=\"1e8659b\" data-element_type=\"section\" data-e-type=\"section\">\n\t\t\t\t\t\t<div class=\"elementor-container elementor-column-gap-default\">\n\t\t\t\t\t<div class=\"has_eae_slider elementor-column elementor-col-100 elementor-top-column elementor-element elementor-element-6605eb5\" data-eae-slider=\"94625\" data-id=\"6605eb5\" data-element_type=\"column\" data-e-type=\"column\">\n\t\t\t<div class=\"elementor-widget-wrap elementor-element-populated\">\n\t\t\t\t\t\t<div class=\"elementor-element elementor-element-2ebe2aa elementor-widget elementor-widget-spacer\" data-id=\"2ebe2aa\" data-element_type=\"widget\" data-e-type=\"widget\" data-widget_type=\"spacer.default\">\n\t\t\t\t<div class=\"elementor-widget-container\">\n\t\t\t\t\t\t\t<div class=\"elementor-spacer\">\n\t\t\t<div class=\"elementor-spacer-inner\"><\/div>\n\t\t<\/div>\n\t\t\t\t\t\t<\/div>\n\t\t\t\t<\/div>\n\t\t\t\t\t<\/div>\n\t\t<\/div>\n\t\t\t\t\t<\/div>\n\t\t<\/section>\n\t\t<div class=\"has_eae_slider elementor-element elementor-element-6a3a4ec e-flex e-con-boxed e-con e-parent\" data-eae-slider=\"89314\" data-id=\"6a3a4ec\" data-element_type=\"container\" data-e-type=\"container\" data-settings=\"{&quot;background_background&quot;:&quot;classic&quot;}\">\n\t\t\t\t\t<div class=\"e-con-inner\">\n\t\t\t\t<div class=\"elementor-element elementor-element-0dd8697 elementor-widget elementor-widget-spacer\" data-id=\"0dd8697\" data-element_type=\"widget\" data-e-type=\"widget\" data-widget_type=\"spacer.default\">\n\t\t\t\t<div class=\"elementor-widget-container\">\n\t\t\t\t\t\t\t<div class=\"elementor-spacer\">\n\t\t\t<div class=\"elementor-spacer-inner\"><\/div>\n\t\t<\/div>\n\t\t\t\t\t\t<\/div>\n\t\t\t\t<\/div>\n\t\t<div class=\"has_eae_slider elementor-element elementor-element-f50b70c e-con-full e-flex e-con e-child\" data-eae-slider=\"6615\" data-id=\"f50b70c\" data-element_type=\"container\" data-e-type=\"container\">\n\t\t<div class=\"has_eae_slider elementor-element elementor-element-6e9ff30 e-grid e-con-full e-con e-child\" data-eae-slider=\"41416\" data-id=\"6e9ff30\" data-element_type=\"container\" data-e-type=\"container\">\n\t\t<div class=\"has_eae_slider elementor-element elementor-element-662439c e-con-full e-flex e-con e-child\" data-eae-slider=\"23794\" data-id=\"662439c\" data-element_type=\"container\" data-e-type=\"container\">\n\t\t\t\t<div class=\"elementor-element elementor-element-5a1f809 elementor-widget elementor-widget-heading\" data-id=\"5a1f809\" data-element_type=\"widget\" data-e-type=\"widget\" data-widget_type=\"heading.default\">\n\t\t\t\t<div class=\"elementor-widget-container\">\n\t\t\t\t\t<h2 class=\"elementor-heading-title elementor-size-default\">\u00bftienes m\u00e1s preguntas?<\/h2>\t\t\t\t<\/div>\n\t\t\t\t<\/div>\n\t\t\t\t<div class=\"elementor-element elementor-element-dc251d3 elementor-widget elementor-widget-text-editor\" data-id=\"dc251d3\" data-element_type=\"widget\" data-e-type=\"widget\" data-widget_type=\"text-editor.default\">\n\t\t\t\t<div class=\"elementor-widget-container\">\n\t\t\t\t\t\t\t\t\t<p data-start=\"274\" data-end=\"425\">Si todav\u00eda no encontr\u00e1s tu pa\u00eds en la lista, o quer\u00e9s recibir m\u00e1s informaci\u00f3n sobre c\u00f3mo empezar un curso, escribirnos es la mejor manera de hacerlo.<\/p><p data-start=\"274\" data-end=\"425\">\u00a0<\/p><p data-start=\"274\" data-end=\"425\">Nuestro equipo est\u00e1 disponible para ayudarte, responder tus preguntas y acompa\u00f1arte en cada paso del proceso.<\/p>\t\t\t\t\t\t\t\t<\/div>\n\t\t\t\t<\/div>\n\t\t\t\t<div class=\"elementor-element elementor-element-911073a elementor-widget elementor-widget-text-editor\" data-id=\"911073a\" data-element_type=\"widget\" data-e-type=\"widget\" data-widget_type=\"text-editor.default\">\n\t\t\t\t<div class=\"elementor-widget-container\">\n\t\t\t\t\t\t\t\t\t<p>\u2709\ufe0f Puedes escribirnos a <a href=\"mailto:americas@alpha.org\"><span style=\"color: #85b7d5;\">americas@alpha.org<\/span><\/a><br data-start=\"624\" data-end=\"627\" \/>o visitar <a class=\"decorated-link\" href=\"https:\/\/pruebaalpha.org\/en\/\" target=\"_new\" rel=\"noopener\" data-start=\"639\" data-end=\"681\">pruebaalpha.org<\/a> para conocer m\u00e1s sobre Alpha en Latinoam\u00e9rica.<\/p>\t\t\t\t\t\t\t\t<\/div>\n\t\t\t\t<\/div>\n\t\t\t\t<\/div>\n\t\t<div class=\"has_eae_slider elementor-element elementor-element-d335228 e-con-full e-flex e-con e-child\" data-eae-slider=\"3546\" data-id=\"d335228\" data-element_type=\"container\" data-e-type=\"container\">\n\t\t\t\t<div class=\"elementor-element elementor-element-d9c2367 elementor-widget elementor-widget-image\" data-id=\"d9c2367\" data-element_type=\"widget\" data-e-type=\"widget\" data-widget_type=\"image.default\">\n\t\t\t\t<div class=\"elementor-widget-container\">\n\t\t\t\t\t\t\t\t\t\t\t\t\t\t\t<img fetchpriority=\"high\" decoding=\"async\" width=\"1024\" height=\"683\" src=\"https:\/\/pruebaalpha.org\/wp-content\/uploads\/2025\/09\/2G7A6624-2-1024x683.webp\" class=\"attachment-large size-large wp-image-38898\" alt=\"\" srcset=\"https:\/\/pruebaalpha.org\/wp-content\/uploads\/2025\/09\/2G7A6624-2-1024x683.webp 1024w, https:\/\/pruebaalpha.org\/wp-content\/uploads\/2025\/09\/2G7A6624-2-300x200.webp 300w, https:\/\/pruebaalpha.org\/wp-content\/uploads\/2025\/09\/2G7A6624-2-768x512.webp 768w, https:\/\/pruebaalpha.org\/wp-content\/uploads\/2025\/09\/2G7A6624-2-1536x1024.webp 1536w, https:\/\/pruebaalpha.org\/wp-content\/uploads\/2025\/09\/2G7A6624-2-2048x1365.webp 2048w, https:\/\/pruebaalpha.org\/wp-content\/uploads\/2025\/09\/2G7A6624-2-18x12.webp 18w, https:\/\/pruebaalpha.org\/wp-content\/uploads\/2025\/09\/2G7A6624-2-370x247.webp 370w, https:\/\/pruebaalpha.org\/wp-content\/uploads\/2025\/09\/2G7A6624-2-760x507.webp 760w\" sizes=\"(max-width: 1024px) 100vw, 1024px\" \/>\t\t\t\t\t\t\t\t\t\t\t\t\t\t\t<\/div>\n\t\t\t\t<\/div>\n\t\t\t\t<\/div>\n\t\t\t\t<\/div>\n\t\t\t\t<\/div>\n\t\t\t\t<div class=\"elementor-element elementor-element-1fe4866 elementor-widget elementor-widget-image\" data-id=\"1fe4866\" data-element_type=\"widget\" data-e-type=\"widget\" data-widget_type=\"image.default\">\n\t\t\t\t<div class=\"elementor-widget-container\">\n\t\t\t\t\t\t\t\t\t\t\t\t\t\t\t<img decoding=\"async\" width=\"1024\" height=\"1024\" src=\"https:\/\/pruebaalpha.org\/wp-content\/uploads\/2023\/03\/00-Logo-Alpha-Latam-1024x1024.webp\" class=\"attachment-large size-large wp-image-17547\" alt=\"\" srcset=\"https:\/\/pruebaalpha.org\/wp-content\/uploads\/2023\/03\/00-Logo-Alpha-Latam-1024x1024.webp 1024w, https:\/\/pruebaalpha.org\/wp-content\/uploads\/2023\/03\/00-Logo-Alpha-Latam-300x300.webp 300w, https:\/\/pruebaalpha.org\/wp-content\/uploads\/2023\/03\/00-Logo-Alpha-Latam-150x150.webp 150w, https:\/\/pruebaalpha.org\/wp-content\/uploads\/2023\/03\/00-Logo-Alpha-Latam-768x768.webp 768w, https:\/\/pruebaalpha.org\/wp-content\/uploads\/2023\/03\/00-Logo-Alpha-Latam-1536x1536.webp 1536w, https:\/\/pruebaalpha.org\/wp-content\/uploads\/2023\/03\/00-Logo-Alpha-Latam.webp 2048w, https:\/\/pruebaalpha.org\/wp-content\/uploads\/2023\/03\/00-Logo-Alpha-Latam-370x370.webp 370w, https:\/\/pruebaalpha.org\/wp-content\/uploads\/2023\/03\/00-Logo-Alpha-Latam-90x90.webp 90w, https:\/\/pruebaalpha.org\/wp-content\/uploads\/2023\/03\/00-Logo-Alpha-Latam-760x760.webp 760w, https:\/\/pruebaalpha.org\/wp-content\/uploads\/2023\/03\/00-Logo-Alpha-Latam-650x650.webp 650w, https:\/\/pruebaalpha.org\/wp-content\/uploads\/2023\/03\/00-Logo-Alpha-Latam-1300x1300.webp 1300w\" sizes=\"(max-width: 1024px) 100vw, 1024px\" \/>\t\t\t\t\t\t\t\t\t\t\t\t\t\t\t<\/div>\n\t\t\t\t<\/div>\n\t\t\t\t<div class=\"elementor-element elementor-element-0e95bed elementor-widget elementor-widget-spacer\" data-id=\"0e95bed\" data-element_type=\"widget\" data-e-type=\"widget\" data-widget_type=\"spacer.default\">\n\t\t\t\t<div class=\"elementor-widget-container\">\n\t\t\t\t\t\t\t<div class=\"elementor-spacer\">\n\t\t\t<div class=\"elementor-spacer-inner\"><\/div>\n\t\t<\/div>\n\t\t\t\t\t\t<\/div>\n\t\t\t\t<\/div>\n\t\t\t\t\t<\/div>\n\t\t\t\t<\/div>\n\t\t\t\t<\/div>","protected":false},"excerpt":{"rendered":"<p>Contactate con nosotros a trav\u00e9s de WhatsApp Selecciona tu pa\u00eds y uno de nuestros equipos te responder\u00e1 por WhatsApp para acompa\u00f1arte en todo lo que necesites. Argentina Colombia M\u00e9xico Brasil&hellip;<\/p>","protected":false},"author":8,"featured_media":0,"parent":0,"menu_order":0,"comment_status":"closed","ping_status":"closed","template":"..\/public\/views\/revslider-page-template.php","meta":{"_monsterinsights_skip_tracking":false,"_monsterinsights_sitenote_active":false,"_monsterinsights_sitenote_note":"","_monsterinsights_sitenote_category":0,"footnotes":""},"class_list":["post-30011","page","type-page","status-publish","hentry"],"yoast_head":"<!-- This site is optimized with the Yoast SEO plugin v27.4 - https:\/\/yoast.com\/product\/yoast-seo-wordpress\/ -->\n<title>WhatsApp Pa\u00edses - Alpha LAC<\/title>\n<meta name=\"robots\" content=\"index, follow, max-snippet:-1, max-image-preview:large, max-video-preview:-1\" \/>\n<link rel=\"canonical\" href=\"https:\/\/pruebaalpha.org\/en\/whatsappofinas\/\" \/>\n<meta name=\"twitter:card\" content=\"summary_large_image\" \/>\n<meta name=\"twitter:title\" content=\"WhatsApp Pa\u00edses - Alpha LAC\" \/>\n<meta name=\"twitter:description\" content=\"Contactate con nosotros a trav\u00e9s de WhatsApp Selecciona tu pa\u00eds y uno de nuestros equipos te responder\u00e1 por WhatsApp para acompa\u00f1arte en todo lo que necesites. Argentina Colombia M\u00e9xico Brasil&hellip;\" \/>\n<meta name=\"twitter:image\" content=\"https:\/\/pruebaalpha.org\/wp-content\/uploads\/2025\/09\/2G7A6624-2-scaled.webp\" \/>\n<meta name=\"twitter:site\" content=\"@AlphaLatam\" \/>\n<meta name=\"twitter:label1\" content=\"Est. reading time\" \/>\n\t<meta name=\"twitter:data1\" content=\"1 minute\" \/>\n<script type=\"application\/ld+json\" class=\"yoast-schema-graph\">{\"@context\":\"https:\\\/\\\/schema.org\",\"@graph\":[{\"@type\":\"WebPage\",\"@id\":\"https:\\\/\\\/pruebaalpha.org\\\/whatsappofinas\\\/\",\"url\":\"https:\\\/\\\/pruebaalpha.org\\\/whatsappofinas\\\/\",\"name\":\"WhatsApp Pa\u00edses - Alpha LAC\",\"isPartOf\":{\"@id\":\"https:\\\/\\\/pruebaalpha.org\\\/#website\"},\"primaryImageOfPage\":{\"@id\":\"https:\\\/\\\/pruebaalpha.org\\\/whatsappofinas\\\/#primaryimage\"},\"image\":{\"@id\":\"https:\\\/\\\/pruebaalpha.org\\\/whatsappofinas\\\/#primaryimage\"},\"thumbnailUrl\":\"https:\\\/\\\/pruebaalpha.org\\\/wp-content\\\/uploads\\\/2025\\\/09\\\/2G7A6624-2-1024x683.webp\",\"datePublished\":\"2024-06-26T15:26:22+00:00\",\"dateModified\":\"2025-11-07T13:04:09+00:00\",\"breadcrumb\":{\"@id\":\"https:\\\/\\\/pruebaalpha.org\\\/whatsappofinas\\\/#breadcrumb\"},\"inLanguage\":\"en-US\",\"potentialAction\":[{\"@type\":\"ReadAction\",\"target\":[\"https:\\\/\\\/pruebaalpha.org\\\/whatsappofinas\\\/\"]}]},{\"@type\":\"ImageObject\",\"inLanguage\":\"en-US\",\"@id\":\"https:\\\/\\\/pruebaalpha.org\\\/whatsappofinas\\\/#primaryimage\",\"url\":\"https:\\\/\\\/pruebaalpha.org\\\/wp-content\\\/uploads\\\/2025\\\/09\\\/2G7A6624-2-1024x683.webp\",\"contentUrl\":\"https:\\\/\\\/pruebaalpha.org\\\/wp-content\\\/uploads\\\/2025\\\/09\\\/2G7A6624-2-1024x683.webp\"},{\"@type\":\"BreadcrumbList\",\"@id\":\"https:\\\/\\\/pruebaalpha.org\\\/whatsappofinas\\\/#breadcrumb\",\"itemListElement\":[{\"@type\":\"ListItem\",\"position\":1,\"name\":\"Home\",\"item\":\"https:\\\/\\\/pruebaalpha.org\\\/\"},{\"@type\":\"ListItem\",\"position\":2,\"name\":\"WhatsApp Pa\u00edses\"}]},{\"@type\":\"WebSite\",\"@id\":\"https:\\\/\\\/pruebaalpha.org\\\/#website\",\"url\":\"https:\\\/\\\/pruebaalpha.org\\\/\",\"name\":\"Alpha LATAM\",\"description\":\"Alpha es una serie de sesiones interactivas donde puedes explorar libremente lo b\u00e1sico de la fe cristiana. No hay presi\u00f3n, obligaci\u00f3n ni costo.\",\"publisher\":{\"@id\":\"https:\\\/\\\/pruebaalpha.org\\\/#organization\"},\"potentialAction\":[{\"@type\":\"SearchAction\",\"target\":{\"@type\":\"EntryPoint\",\"urlTemplate\":\"https:\\\/\\\/pruebaalpha.org\\\/?s={search_term_string}\"},\"query-input\":{\"@type\":\"PropertyValueSpecification\",\"valueRequired\":true,\"valueName\":\"search_term_string\"}}],\"inLanguage\":\"en-US\"},{\"@type\":\"Organization\",\"@id\":\"https:\\\/\\\/pruebaalpha.org\\\/#organization\",\"name\":\"Alpha LATAM\",\"url\":\"https:\\\/\\\/pruebaalpha.org\\\/\",\"logo\":{\"@type\":\"ImageObject\",\"inLanguage\":\"en-US\",\"@id\":\"https:\\\/\\\/pruebaalpha.org\\\/#\\\/schema\\\/logo\\\/image\\\/\",\"url\":\"https:\\\/\\\/pruebaalpha.org\\\/wp-content\\\/uploads\\\/2021\\\/08\\\/Alpha-Logo_Red.png\",\"contentUrl\":\"https:\\\/\\\/pruebaalpha.org\\\/wp-content\\\/uploads\\\/2021\\\/08\\\/Alpha-Logo_Red.png\",\"width\":2426,\"height\":2190,\"caption\":\"Alpha LATAM\"},\"image\":{\"@id\":\"https:\\\/\\\/pruebaalpha.org\\\/#\\\/schema\\\/logo\\\/image\\\/\"},\"sameAs\":[\"https:\\\/\\\/www.facebook.com\\\/alphaenespanol\",\"https:\\\/\\\/x.com\\\/AlphaLatam\",\"https:\\\/\\\/www.instagram.com\\\/alphaenespanol\",\"https:\\\/\\\/www.youtube.com\\\/@AlphaenEspanol\"]}]}<\/script>\n<!-- \/ Yoast SEO plugin. -->","yoast_head_json":{"title":"WhatsApp Pa\u00edses - Alpha LAC","robots":{"index":"index","follow":"follow","max-snippet":"max-snippet:-1","max-image-preview":"max-image-preview:large","max-video-preview":"max-video-preview:-1"},"canonical":"https:\/\/pruebaalpha.org\/en\/whatsappofinas\/","twitter_card":"summary_large_image","twitter_title":"WhatsApp Pa\u00edses - Alpha LAC","twitter_description":"Contactate con nosotros a trav\u00e9s de WhatsApp Selecciona tu pa\u00eds y uno de nuestros equipos te responder\u00e1 por WhatsApp para acompa\u00f1arte en todo lo que necesites. Argentina Colombia M\u00e9xico Brasil&hellip;","twitter_image":"https:\/\/pruebaalpha.org\/wp-content\/uploads\/2025\/09\/2G7A6624-2-scaled.webp","twitter_site":"@AlphaLatam","twitter_misc":{"Est. reading time":"1 minute"},"schema":{"@context":"https:\/\/schema.org","@graph":[{"@type":"WebPage","@id":"https:\/\/pruebaalpha.org\/whatsappofinas\/","url":"https:\/\/pruebaalpha.org\/whatsappofinas\/","name":"WhatsApp Pa\u00edses - Alpha LAC","isPartOf":{"@id":"https:\/\/pruebaalpha.org\/#website"},"primaryImageOfPage":{"@id":"https:\/\/pruebaalpha.org\/whatsappofinas\/#primaryimage"},"image":{"@id":"https:\/\/pruebaalpha.org\/whatsappofinas\/#primaryimage"},"thumbnailUrl":"https:\/\/pruebaalpha.org\/wp-content\/uploads\/2025\/09\/2G7A6624-2-1024x683.webp","datePublished":"2024-06-26T15:26:22+00:00","dateModified":"2025-11-07T13:04:09+00:00","breadcrumb":{"@id":"https:\/\/pruebaalpha.org\/whatsappofinas\/#breadcrumb"},"inLanguage":"en-US","potentialAction":[{"@type":"ReadAction","target":["https:\/\/pruebaalpha.org\/whatsappofinas\/"]}]},{"@type":"ImageObject","inLanguage":"en-US","@id":"https:\/\/pruebaalpha.org\/whatsappofinas\/#primaryimage","url":"https:\/\/pruebaalpha.org\/wp-content\/uploads\/2025\/09\/2G7A6624-2-1024x683.webp","contentUrl":"https:\/\/pruebaalpha.org\/wp-content\/uploads\/2025\/09\/2G7A6624-2-1024x683.webp"},{"@type":"BreadcrumbList","@id":"https:\/\/pruebaalpha.org\/whatsappofinas\/#breadcrumb","itemListElement":[{"@type":"ListItem","position":1,"name":"Home","item":"https:\/\/pruebaalpha.org\/"},{"@type":"ListItem","position":2,"name":"WhatsApp Pa\u00edses"}]},{"@type":"WebSite","@id":"https:\/\/pruebaalpha.org\/#website","url":"https:\/\/pruebaalpha.org\/","name":"Alpha LATAM","description":"Alpha es una serie de sesiones interactivas donde puedes explorar libremente lo b\u00e1sico de la fe cristiana. No hay presi\u00f3n, obligaci\u00f3n ni costo.","publisher":{"@id":"https:\/\/pruebaalpha.org\/#organization"},"potentialAction":[{"@type":"SearchAction","target":{"@type":"EntryPoint","urlTemplate":"https:\/\/pruebaalpha.org\/?s={search_term_string}"},"query-input":{"@type":"PropertyValueSpecification","valueRequired":true,"valueName":"search_term_string"}}],"inLanguage":"en-US"},{"@type":"Organization","@id":"https:\/\/pruebaalpha.org\/#organization","name":"Alpha LATAM","url":"https:\/\/pruebaalpha.org\/","logo":{"@type":"ImageObject","inLanguage":"en-US","@id":"https:\/\/pruebaalpha.org\/#\/schema\/logo\/image\/","url":"https:\/\/pruebaalpha.org\/wp-content\/uploads\/2021\/08\/Alpha-Logo_Red.png","contentUrl":"https:\/\/pruebaalpha.org\/wp-content\/uploads\/2021\/08\/Alpha-Logo_Red.png","width":2426,"height":2190,"caption":"Alpha LATAM"},"image":{"@id":"https:\/\/pruebaalpha.org\/#\/schema\/logo\/image\/"},"sameAs":["https:\/\/www.facebook.com\/alphaenespanol","https:\/\/x.com\/AlphaLatam","https:\/\/www.instagram.com\/alphaenespanol","https:\/\/www.youtube.com\/@AlphaenEspanol"]}]}},"_links":{"self":[{"href":"https:\/\/pruebaalpha.org\/en\/wp-json\/wp\/v2\/pages\/30011","targetHints":{"allow":["GET"]}}],"collection":[{"href":"https:\/\/pruebaalpha.org\/en\/wp-json\/wp\/v2\/pages"}],"about":[{"href":"https:\/\/pruebaalpha.org\/en\/wp-json\/wp\/v2\/types\/page"}],"author":[{"embeddable":true,"href":"https:\/\/pruebaalpha.org\/en\/wp-json\/wp\/v2\/users\/8"}],"replies":[{"embeddable":true,"href":"https:\/\/pruebaalpha.org\/en\/wp-json\/wp\/v2\/comments?post=30011"}],"version-history":[{"count":85,"href":"https:\/\/pruebaalpha.org\/en\/wp-json\/wp\/v2\/pages\/30011\/revisions"}],"predecessor-version":[{"id":39461,"href":"https:\/\/pruebaalpha.org\/en\/wp-json\/wp\/v2\/pages\/30011\/revisions\/39461"}],"wp:attachment":[{"href":"https:\/\/pruebaalpha.org\/en\/wp-json\/wp\/v2\/media?parent=30011"}],"curies":[{"name":"wp","href":"https:\/\/api.w.org\/{rel}","templated":true}]}}