{"id":2012,"date":"2021-08-02T17:34:44","date_gmt":"2021-08-02T17:34:44","guid":{"rendered":"https:\/\/pruebaalpha.com\/?page_id=2012"},"modified":"2023-03-20T09:48:26","modified_gmt":"2023-03-20T12:48:26","slug":"politica-de-privacidad","status":"publish","type":"page","link":"https:\/\/pruebaalpha.org\/en\/politica-de-privacidad\/","title":{"rendered":"Pol\u00edtica de Privacidad"},"content":{"rendered":"<div data-elementor-type=\"wp-page\" data-elementor-id=\"2012\" class=\"elementor elementor-2012\" data-elementor-settings=\"{&quot;element_pack_global_tooltip_width&quot;:{&quot;unit&quot;:&quot;px&quot;,&quot;size&quot;:&quot;&quot;,&quot;sizes&quot;:[]},&quot;element_pack_global_tooltip_width_tablet&quot;:{&quot;unit&quot;:&quot;px&quot;,&quot;size&quot;:&quot;&quot;,&quot;sizes&quot;:[]},&quot;element_pack_global_tooltip_width_mobile&quot;:{&quot;unit&quot;:&quot;px&quot;,&quot;size&quot;:&quot;&quot;,&quot;sizes&quot;:[]},&quot;element_pack_global_tooltip_padding&quot;:{&quot;unit&quot;:&quot;px&quot;,&quot;top&quot;:&quot;&quot;,&quot;right&quot;:&quot;&quot;,&quot;bottom&quot;:&quot;&quot;,&quot;left&quot;:&quot;&quot;,&quot;isLinked&quot;:true},&quot;element_pack_global_tooltip_padding_tablet&quot;:{&quot;unit&quot;:&quot;px&quot;,&quot;top&quot;:&quot;&quot;,&quot;right&quot;:&quot;&quot;,&quot;bottom&quot;:&quot;&quot;,&quot;left&quot;:&quot;&quot;,&quot;isLinked&quot;:true},&quot;element_pack_global_tooltip_padding_mobile&quot;:{&quot;unit&quot;:&quot;px&quot;,&quot;top&quot;:&quot;&quot;,&quot;right&quot;:&quot;&quot;,&quot;bottom&quot;:&quot;&quot;,&quot;left&quot;:&quot;&quot;,&quot;isLinked&quot;:true},&quot;element_pack_global_tooltip_border_radius&quot;:{&quot;unit&quot;:&quot;px&quot;,&quot;top&quot;:&quot;&quot;,&quot;right&quot;:&quot;&quot;,&quot;bottom&quot;:&quot;&quot;,&quot;left&quot;:&quot;&quot;,&quot;isLinked&quot;:true},&quot;element_pack_global_tooltip_border_radius_tablet&quot;:{&quot;unit&quot;:&quot;px&quot;,&quot;top&quot;:&quot;&quot;,&quot;right&quot;:&quot;&quot;,&quot;bottom&quot;:&quot;&quot;,&quot;left&quot;:&quot;&quot;,&quot;isLinked&quot;:true},&quot;element_pack_global_tooltip_border_radius_mobile&quot;:{&quot;unit&quot;:&quot;px&quot;,&quot;top&quot;:&quot;&quot;,&quot;right&quot;:&quot;&quot;,&quot;bottom&quot;:&quot;&quot;,&quot;left&quot;:&quot;&quot;,&quot;isLinked&quot;:true}}\" data-elementor-post-type=\"page\">\n\t\t\t\t\t\t<section class=\"has_eae_slider elementor-section elementor-top-section elementor-element elementor-element-37d1bf2 elementor-section-height-min-height elementor-section-boxed elementor-section-height-default elementor-section-items-middle\" data-eae-slider=\"77481\" data-id=\"37d1bf2\" data-element_type=\"section\" data-e-type=\"section\" data-settings=\"{&quot;background_background&quot;:&quot;classic&quot;}\">\n\t\t\t\t\t\t<div class=\"elementor-container elementor-column-gap-default\">\n\t\t\t\t\t<div class=\"has_eae_slider elementor-column elementor-col-100 elementor-top-column elementor-element elementor-element-b200d0e\" data-eae-slider=\"90575\" data-id=\"b200d0e\" data-element_type=\"column\" data-e-type=\"column\">\n\t\t\t<div class=\"elementor-widget-wrap\">\n\t\t\t\t\t\t\t<\/div>\n\t\t<\/div>\n\t\t\t\t\t<\/div>\n\t\t<\/section>\n\t\t\t\t<section class=\"has_eae_slider elementor-section elementor-top-section elementor-element elementor-element-208bad4 elementor-section-boxed elementor-section-height-default elementor-section-height-default\" data-eae-slider=\"46491\" data-id=\"208bad4\" data-element_type=\"section\" data-e-type=\"section\">\n\t\t\t\t\t\t<div class=\"elementor-container elementor-column-gap-default\">\n\t\t\t\t\t<div class=\"has_eae_slider elementor-column elementor-col-100 elementor-top-column elementor-element elementor-element-9262106\" data-eae-slider=\"67780\" data-id=\"9262106\" data-element_type=\"column\" data-e-type=\"column\">\n\t\t\t<div class=\"elementor-widget-wrap elementor-element-populated\">\n\t\t\t\t\t\t<div class=\"elementor-element elementor-element-0397360 elementor-widget elementor-widget-spacer\" data-id=\"0397360\" data-element_type=\"widget\" data-e-type=\"widget\" data-widget_type=\"spacer.default\">\n\t\t\t\t<div class=\"elementor-widget-container\">\n\t\t\t\t\t\t\t<div class=\"elementor-spacer\">\n\t\t\t<div class=\"elementor-spacer-inner\"><\/div>\n\t\t<\/div>\n\t\t\t\t\t\t<\/div>\n\t\t\t\t<\/div>\n\t\t\t\t<div class=\"elementor-element elementor-element-0df82a0 elementor-widget elementor-widget-text-editor\" data-id=\"0df82a0\" data-element_type=\"widget\" data-e-type=\"widget\" data-widget_type=\"text-editor.default\">\n\t\t\t\t<div class=\"elementor-widget-container\">\n\t\t\t\t\t\t\t\t\t<h2 style=\"text-align: center;\"><strong>Privacy Policy<\/strong><\/h2>\t\t\t\t\t\t\t\t<\/div>\n\t\t\t\t<\/div>\n\t\t\t\t\t<\/div>\n\t\t<\/div>\n\t\t\t\t\t<\/div>\n\t\t<\/section>\n\t\t\t\t<section class=\"has_eae_slider elementor-section elementor-top-section elementor-element elementor-element-173f1775 elementor-section-boxed elementor-section-height-default elementor-section-height-default\" data-eae-slider=\"92380\" data-id=\"173f1775\" data-element_type=\"section\" data-e-type=\"section\">\n\t\t\t\t\t\t<div class=\"elementor-container elementor-column-gap-default\">\n\t\t\t\t\t<div class=\"has_eae_slider elementor-column elementor-col-100 elementor-top-column elementor-element elementor-element-26ef79c4\" data-eae-slider=\"53006\" data-id=\"26ef79c4\" data-element_type=\"column\" data-e-type=\"column\">\n\t\t\t<div class=\"elementor-widget-wrap elementor-element-populated\">\n\t\t\t\t\t\t<div class=\"elementor-element elementor-element-3c0ff66b elementor-widget elementor-widget-text-editor\" data-id=\"3c0ff66b\" data-element_type=\"widget\" data-e-type=\"widget\" data-widget_type=\"text-editor.default\">\n\t\t\t\t<div class=\"elementor-widget-container\">\n\t\t\t\t\t\t\t\t\t<div id=\"block-fee4f2121154e05f6841\" class=\"sqs-block html-block sqs-block-html\" data-block-type=\"2\">\n<h5>Alpha International respects the individual right to personal privacy. We will collect and use information on our website only within the parameters disclosed in this statement. This statement pertains to information collected on the following websites controlled by us: alpha.org, alphaprintshop.org, godatwork.org.uk, prayercourse.org, relationshipcentral.org, shop.alpha.org, williamwilberforcetrust.org, worshipcentral.org.<\/h5>\n<h4 class=\"sqs-block-content\"><strong>Part I. Collection of Information<\/strong><\/h4>\n<h5>Alpha International collects information through our websites in various ways. We may ask you to provide some of this information through registration forms, while we gather other types of information involuntarily.<\/h5>\n<h5><strong>Children's Privacy<\/strong><\/h5>\n<h5>Alpha International does not actively target children and we never solicit personal information from anyone under the age of 13.<\/h5>\n<h5><strong>Information Provided by You<\/strong><\/h5>\n<h5>Recopilamos la siguiente informaci\u00f3n de nuestros visitantes principales: nombres,\u00a0g\u00e9nero, fecha de nacimiento, estado civil, religi\u00f3n, n\u00fameros telef\u00f3nicos, direcciones de correo electr\u00f3nico y ubicaciones geogr\u00e1ficas.<\/h5>\n<h5>It is possible that we may also collect names, gender, date of birth, marital status, religion, email addresses, and geographic locations that our users disclose regarding other individuals.<\/h5>\n<h5><strong>Automatic Collection of Information<\/strong><\/h5>\n<h5>We collect the following general data that does not constitute personally identifiable information: country of origin, ISP (Internet Service Provider), IP address, connection speed, and browser type. We gather demographic information to monitor usage patterns. This information is collected through session data, browser cookies, and log files.<\/h5>\n<h5><strong>Cookies<\/strong><\/h5>\n<h5>We use cookies. A cookie is a small text file that our web server places on a user's computer hard drive to uniquely identify them. Cookies enable Alpha International to track usage patterns and provide personalized content to users. Our cookies have expiration dates. They do not collect personally identifiable information.<\/h5>\n<\/div>\n<h4 class=\"sqs-block-content\"><strong>Part II. Use of Information<\/strong><\/h4>\n<h5>Primary Use of Personal Information<\/h5>\n<h5>The information collected by Alpha International will be used to process orders or registrations for events conducted through any of our websites, as well as for updating our records.<\/h5>\n<h5>Users who provide information may receive advertisements or receipts via email.<\/h5>\n<h5>Secondary Use of Personal Information<\/h5>\n<h5>Registered users may receive additional advertisements from us about products, services, and newsletters. In respect for our users' privacy, we include the option to opt out of receiving such communications.<\/h5>\n<h5>The information we collect may be used to generate customer profiles based on browsing or purchasing history.<\/h5>\n<h5>Sharing Data with Third Parties<\/h5>\n<h5>We may share data with the following third parties: STL (delivery of requested products), Protx (online credit card transaction processing), Integra (technical support database), BTB Mailflight (postal service), other national and local offices of Alpha, Royal Borough of Kensington and Chelsea (data monitoring systems), technology providers and technical support companies, and other key contacts with whom it is necessary to share information.<\/h5>\n<h5>Links from our Websites<\/h5>\n<h5>We provide links to other websites. Please note: when you click on links to other websites, we encourage you to read their privacy policies. Their policies may differ from ours.<\/h5>\n<h5>Changes to this Policy<\/h5>\n<h5>If our policy on the collection or uses of information changes, we will notify you via email about such changes within five business days.<\/h5>\n<h4><strong>Part III. Access to Information<\/strong><\/h4>\n<h5>Access to Personal Data<\/h5>\n<h5>You can request a copy of the personal data we hold about you in a readable format, subject to a fee of \u00a310.00 (ten pounds sterling). To obtain this personal information, you can contact us through any of the following means:<\/h5>\n<h5>Email: <a href=\"mailto: americas@alpha.org\">americas@alpha.org<\/a><\/h5>\n<h5>Alpha International maintains the accuracy and precision of our information by periodically purging expired records.<\/h5>\n<h5>Inaccurate Information<\/h5>\n<h5>Users can contact us about potential inaccuracies by emailing us at: \u00a0<a href=\"mailto: americas@alpha.org\">americas@alpha.org<\/a><\/h5>\n<h5>Deletion of Personal Information<\/h5>\n<h5>Users can request their personal information to be deleted from our database by emailing us at: <a href=\"mailto: americas@alpha.org\">americas@alpha.org<\/a><\/h5>\n<h5>Please note that some personal data may not be able to be deleted immediately due to legal reasons.<\/h5>\n<h5>Part IV. Troubleshooting<\/h5>\n<h5>If issues arise, users can contact Alpha International in the following ways:<\/h5>\n<h5>Email: \u00a0<a href=\"mailto: americas@alpha.org\">americas@alpha.org<\/a>.<\/h5>\n<h5>We are committed to resolving issues within five business days.<\/h5>\n<h5>Part V. Data Storage and Security<\/h5>\n<h5>Alpha International protects user information with the following security measures: hardware firewalls, password protection, SSL encryption, and other technological procedures used to safeguard consumer privacy.<\/h5>\n<h5>If you have additional questions about privacy or security, please write to us at the following email address: <a href=\"mailto: americas@alpha.org\">americas@alpha.org<\/a><\/h5>\n\n<hr \/>\n\n<h4><strong>Legal Information<\/strong><\/h4>\n<h5>The content of this website is provided for private and personal non-commercial purposes only. You may not copy, reproduce, distribute, transmit, broadcast, display, sell, license, or exploit this or any other content in any way for other purposes without prior written consent from Alpha International.<\/h5>\n<h5>\u00a9 Alpha International<\/h5>\n<h5>Alpha International is a registered non-profit organization in England and Wales (number 1086179), in Scotland (number SC042906), and a private company limited by guarantee registered in England and Wales (number 4157379).<\/h5>\n<h5>The registered office is located at HTB Brompton Road, London SW7 1JA, United Kingdom.<\/h5>\t\t\t\t\t\t\t\t<\/div>\n\t\t\t\t<\/div>\n\t\t\t\t\t<\/div>\n\t\t<\/div>\n\t\t\t\t\t<\/div>\n\t\t<\/section>\n\t\t\t\t<\/div>","protected":false},"excerpt":{"rendered":"<p>Politica de privacidad Alpha International respeta el derecho individual de privacidad personal. Recopilaremos y utilizaremos informaci\u00f3n en nuestro sitio de Internet solo dentro de los par\u00e1metros divulgados en esta declaraci\u00f3n.&hellip;<\/p>","protected":false},"author":1,"featured_media":0,"parent":0,"menu_order":0,"comment_status":"closed","ping_status":"closed","template":"","meta":{"_monsterinsights_skip_tracking":false,"_monsterinsights_sitenote_active":false,"_monsterinsights_sitenote_note":"","_monsterinsights_sitenote_category":0,"footnotes":""},"class_list":["post-2012","page","type-page","status-publish","hentry"],"yoast_head":"<!-- This site is optimized with the Yoast SEO plugin v27.4 - https:\/\/yoast.com\/product\/yoast-seo-wordpress\/ -->\n<title>Pol\u00edtica de Privacidad - Alpha LAC<\/title>\n<meta name=\"robots\" content=\"index, follow, max-snippet:-1, max-image-preview:large, max-video-preview:-1\" \/>\n<link rel=\"canonical\" href=\"https:\/\/pruebaalpha.org\/en\/politica-de-privacidad\/\" \/>\n<meta name=\"twitter:card\" content=\"summary_large_image\" \/>\n<meta name=\"twitter:title\" content=\"Pol\u00edtica de Privacidad - Alpha LAC\" \/>\n<meta name=\"twitter:description\" content=\"Politica de privacidad Alpha International respeta el derecho individual de privacidad personal. Recopilaremos y utilizaremos informaci\u00f3n en nuestro sitio de Internet solo dentro de los par\u00e1metros divulgados en esta declaraci\u00f3n.&hellip;\" \/>\n<meta name=\"twitter:site\" content=\"@AlphaLatam\" \/>\n<meta name=\"twitter:label1\" content=\"Est. reading time\" \/>\n\t<meta name=\"twitter:data1\" content=\"5 minutes\" \/>\n<script type=\"application\/ld+json\" class=\"yoast-schema-graph\">{\"@context\":\"https:\\\/\\\/schema.org\",\"@graph\":[{\"@type\":\"WebPage\",\"@id\":\"https:\\\/\\\/pruebaalpha.org\\\/politica-de-privacidad\\\/\",\"url\":\"https:\\\/\\\/pruebaalpha.org\\\/politica-de-privacidad\\\/\",\"name\":\"Pol\u00edtica de Privacidad - Alpha LAC\",\"isPartOf\":{\"@id\":\"https:\\\/\\\/pruebaalpha.org\\\/#website\"},\"datePublished\":\"2021-08-02T17:34:44+00:00\",\"dateModified\":\"2023-03-20T12:48:26+00:00\",\"breadcrumb\":{\"@id\":\"https:\\\/\\\/pruebaalpha.org\\\/politica-de-privacidad\\\/#breadcrumb\"},\"inLanguage\":\"en-US\",\"potentialAction\":[{\"@type\":\"ReadAction\",\"target\":[\"https:\\\/\\\/pruebaalpha.org\\\/politica-de-privacidad\\\/\"]}]},{\"@type\":\"BreadcrumbList\",\"@id\":\"https:\\\/\\\/pruebaalpha.org\\\/politica-de-privacidad\\\/#breadcrumb\",\"itemListElement\":[{\"@type\":\"ListItem\",\"position\":1,\"name\":\"Home\",\"item\":\"https:\\\/\\\/pruebaalpha.org\\\/\"},{\"@type\":\"ListItem\",\"position\":2,\"name\":\"Pol\u00edtica de Privacidad\"}]},{\"@type\":\"WebSite\",\"@id\":\"https:\\\/\\\/pruebaalpha.org\\\/#website\",\"url\":\"https:\\\/\\\/pruebaalpha.org\\\/\",\"name\":\"Alpha LATAM\",\"description\":\"Alpha es una serie de sesiones interactivas donde puedes explorar libremente lo b\u00e1sico de la fe cristiana. No hay presi\u00f3n, obligaci\u00f3n ni costo.\",\"publisher\":{\"@id\":\"https:\\\/\\\/pruebaalpha.org\\\/#organization\"},\"potentialAction\":[{\"@type\":\"SearchAction\",\"target\":{\"@type\":\"EntryPoint\",\"urlTemplate\":\"https:\\\/\\\/pruebaalpha.org\\\/?s={search_term_string}\"},\"query-input\":{\"@type\":\"PropertyValueSpecification\",\"valueRequired\":true,\"valueName\":\"search_term_string\"}}],\"inLanguage\":\"en-US\"},{\"@type\":\"Organization\",\"@id\":\"https:\\\/\\\/pruebaalpha.org\\\/#organization\",\"name\":\"Alpha LATAM\",\"url\":\"https:\\\/\\\/pruebaalpha.org\\\/\",\"logo\":{\"@type\":\"ImageObject\",\"inLanguage\":\"en-US\",\"@id\":\"https:\\\/\\\/pruebaalpha.org\\\/#\\\/schema\\\/logo\\\/image\\\/\",\"url\":\"https:\\\/\\\/pruebaalpha.org\\\/wp-content\\\/uploads\\\/2021\\\/08\\\/Alpha-Logo_Red.png\",\"contentUrl\":\"https:\\\/\\\/pruebaalpha.org\\\/wp-content\\\/uploads\\\/2021\\\/08\\\/Alpha-Logo_Red.png\",\"width\":2426,\"height\":2190,\"caption\":\"Alpha LATAM\"},\"image\":{\"@id\":\"https:\\\/\\\/pruebaalpha.org\\\/#\\\/schema\\\/logo\\\/image\\\/\"},\"sameAs\":[\"https:\\\/\\\/www.facebook.com\\\/alphaenespanol\",\"https:\\\/\\\/x.com\\\/AlphaLatam\",\"https:\\\/\\\/www.instagram.com\\\/alphaenespanol\",\"https:\\\/\\\/www.youtube.com\\\/@AlphaenEspanol\"]}]}<\/script>\n<!-- \/ Yoast SEO plugin. -->","yoast_head_json":{"title":"Pol\u00edtica de Privacidad - Alpha LAC","robots":{"index":"index","follow":"follow","max-snippet":"max-snippet:-1","max-image-preview":"max-image-preview:large","max-video-preview":"max-video-preview:-1"},"canonical":"https:\/\/pruebaalpha.org\/en\/politica-de-privacidad\/","twitter_card":"summary_large_image","twitter_title":"Pol\u00edtica de Privacidad - Alpha LAC","twitter_description":"Politica de privacidad Alpha International respeta el derecho individual de privacidad personal. Recopilaremos y utilizaremos informaci\u00f3n en nuestro sitio de Internet solo dentro de los par\u00e1metros divulgados en esta declaraci\u00f3n.&hellip;","twitter_site":"@AlphaLatam","twitter_misc":{"Est. reading time":"5 minutes"},"schema":{"@context":"https:\/\/schema.org","@graph":[{"@type":"WebPage","@id":"https:\/\/pruebaalpha.org\/politica-de-privacidad\/","url":"https:\/\/pruebaalpha.org\/politica-de-privacidad\/","name":"Pol\u00edtica de Privacidad - Alpha LAC","isPartOf":{"@id":"https:\/\/pruebaalpha.org\/#website"},"datePublished":"2021-08-02T17:34:44+00:00","dateModified":"2023-03-20T12:48:26+00:00","breadcrumb":{"@id":"https:\/\/pruebaalpha.org\/politica-de-privacidad\/#breadcrumb"},"inLanguage":"en-US","potentialAction":[{"@type":"ReadAction","target":["https:\/\/pruebaalpha.org\/politica-de-privacidad\/"]}]},{"@type":"BreadcrumbList","@id":"https:\/\/pruebaalpha.org\/politica-de-privacidad\/#breadcrumb","itemListElement":[{"@type":"ListItem","position":1,"name":"Home","item":"https:\/\/pruebaalpha.org\/"},{"@type":"ListItem","position":2,"name":"Pol\u00edtica de Privacidad"}]},{"@type":"WebSite","@id":"https:\/\/pruebaalpha.org\/#website","url":"https:\/\/pruebaalpha.org\/","name":"Alpha LATAM","description":"Alpha es una serie de sesiones interactivas donde puedes explorar libremente lo b\u00e1sico de la fe cristiana. No hay presi\u00f3n, obligaci\u00f3n ni costo.","publisher":{"@id":"https:\/\/pruebaalpha.org\/#organization"},"potentialAction":[{"@type":"SearchAction","target":{"@type":"EntryPoint","urlTemplate":"https:\/\/pruebaalpha.org\/?s={search_term_string}"},"query-input":{"@type":"PropertyValueSpecification","valueRequired":true,"valueName":"search_term_string"}}],"inLanguage":"en-US"},{"@type":"Organization","@id":"https:\/\/pruebaalpha.org\/#organization","name":"Alpha LATAM","url":"https:\/\/pruebaalpha.org\/","logo":{"@type":"ImageObject","inLanguage":"en-US","@id":"https:\/\/pruebaalpha.org\/#\/schema\/logo\/image\/","url":"https:\/\/pruebaalpha.org\/wp-content\/uploads\/2021\/08\/Alpha-Logo_Red.png","contentUrl":"https:\/\/pruebaalpha.org\/wp-content\/uploads\/2021\/08\/Alpha-Logo_Red.png","width":2426,"height":2190,"caption":"Alpha LATAM"},"image":{"@id":"https:\/\/pruebaalpha.org\/#\/schema\/logo\/image\/"},"sameAs":["https:\/\/www.facebook.com\/alphaenespanol","https:\/\/x.com\/AlphaLatam","https:\/\/www.instagram.com\/alphaenespanol","https:\/\/www.youtube.com\/@AlphaenEspanol"]}]}},"_links":{"self":[{"href":"https:\/\/pruebaalpha.org\/en\/wp-json\/wp\/v2\/pages\/2012","targetHints":{"allow":["GET"]}}],"collection":[{"href":"https:\/\/pruebaalpha.org\/en\/wp-json\/wp\/v2\/pages"}],"about":[{"href":"https:\/\/pruebaalpha.org\/en\/wp-json\/wp\/v2\/types\/page"}],"author":[{"embeddable":true,"href":"https:\/\/pruebaalpha.org\/en\/wp-json\/wp\/v2\/users\/1"}],"replies":[{"embeddable":true,"href":"https:\/\/pruebaalpha.org\/en\/wp-json\/wp\/v2\/comments?post=2012"}],"version-history":[{"count":0,"href":"https:\/\/pruebaalpha.org\/en\/wp-json\/wp\/v2\/pages\/2012\/revisions"}],"wp:attachment":[{"href":"https:\/\/pruebaalpha.org\/en\/wp-json\/wp\/v2\/media?parent=2012"}],"curies":[{"name":"wp","href":"https:\/\/api.w.org\/{rel}","templated":true}]}}