{"id":1263,"date":"2021-07-28T19:18:53","date_gmt":"2021-07-28T19:18:53","guid":{"rendered":"https:\/\/pruebaalpha.com\/?page_id=1263"},"modified":"2024-08-08T15:25:10","modified_gmt":"2024-08-08T18:25:10","slug":"seguridad","status":"publish","type":"page","link":"https:\/\/pruebaalpha.org\/en\/seguridad\/","title":{"rendered":"Seguridad"},"content":{"rendered":"<div data-elementor-type=\"wp-page\" data-elementor-id=\"1263\" class=\"elementor elementor-1263\" data-elementor-settings=\"{&quot;element_pack_global_tooltip_width&quot;:{&quot;unit&quot;:&quot;px&quot;,&quot;size&quot;:&quot;&quot;,&quot;sizes&quot;:[]},&quot;element_pack_global_tooltip_width_tablet&quot;:{&quot;unit&quot;:&quot;px&quot;,&quot;size&quot;:&quot;&quot;,&quot;sizes&quot;:[]},&quot;element_pack_global_tooltip_width_mobile&quot;:{&quot;unit&quot;:&quot;px&quot;,&quot;size&quot;:&quot;&quot;,&quot;sizes&quot;:[]},&quot;element_pack_global_tooltip_padding&quot;:{&quot;unit&quot;:&quot;px&quot;,&quot;top&quot;:&quot;&quot;,&quot;right&quot;:&quot;&quot;,&quot;bottom&quot;:&quot;&quot;,&quot;left&quot;:&quot;&quot;,&quot;isLinked&quot;:true},&quot;element_pack_global_tooltip_padding_tablet&quot;:{&quot;unit&quot;:&quot;px&quot;,&quot;top&quot;:&quot;&quot;,&quot;right&quot;:&quot;&quot;,&quot;bottom&quot;:&quot;&quot;,&quot;left&quot;:&quot;&quot;,&quot;isLinked&quot;:true},&quot;element_pack_global_tooltip_padding_mobile&quot;:{&quot;unit&quot;:&quot;px&quot;,&quot;top&quot;:&quot;&quot;,&quot;right&quot;:&quot;&quot;,&quot;bottom&quot;:&quot;&quot;,&quot;left&quot;:&quot;&quot;,&quot;isLinked&quot;:true},&quot;element_pack_global_tooltip_border_radius&quot;:{&quot;unit&quot;:&quot;px&quot;,&quot;top&quot;:&quot;&quot;,&quot;right&quot;:&quot;&quot;,&quot;bottom&quot;:&quot;&quot;,&quot;left&quot;:&quot;&quot;,&quot;isLinked&quot;:true},&quot;element_pack_global_tooltip_border_radius_tablet&quot;:{&quot;unit&quot;:&quot;px&quot;,&quot;top&quot;:&quot;&quot;,&quot;right&quot;:&quot;&quot;,&quot;bottom&quot;:&quot;&quot;,&quot;left&quot;:&quot;&quot;,&quot;isLinked&quot;:true},&quot;element_pack_global_tooltip_border_radius_mobile&quot;:{&quot;unit&quot;:&quot;px&quot;,&quot;top&quot;:&quot;&quot;,&quot;right&quot;:&quot;&quot;,&quot;bottom&quot;:&quot;&quot;,&quot;left&quot;:&quot;&quot;,&quot;isLinked&quot;:true}}\" data-elementor-post-type=\"page\">\n\t\t\t\t\t\t<section class=\"has_eae_slider elementor-section elementor-top-section elementor-element elementor-element-f1a5b12 elementor-section-height-min-height elementor-section-boxed elementor-section-height-default elementor-section-items-middle magic-button-disabled-no\" data-eae-slider=\"82444\" data-id=\"f1a5b12\" data-element_type=\"section\" data-e-type=\"section\" data-settings=\"{&quot;background_background&quot;:&quot;classic&quot;}\">\n\t\t\t\t\t\t<div class=\"elementor-container elementor-column-gap-default\">\n\t\t\t\t\t<div class=\"has_eae_slider elementor-column elementor-col-100 elementor-top-column elementor-element elementor-element-d804b2a\" data-eae-slider=\"34298\" data-id=\"d804b2a\" data-element_type=\"column\" data-e-type=\"column\">\n\t\t\t<div class=\"elementor-widget-wrap\">\n\t\t\t\t\t\t\t<\/div>\n\t\t<\/div>\n\t\t\t\t\t<\/div>\n\t\t<\/section>\n\t\t\t\t<section class=\"has_eae_slider elementor-section elementor-top-section elementor-element elementor-element-4cbe3049 elementor-section-height-min-height elementor-section-content-middle elementor-section-boxed elementor-section-height-default elementor-section-items-middle magic-button-disabled-no\" data-eae-slider=\"67503\" data-id=\"4cbe3049\" data-element_type=\"section\" data-e-type=\"section\" data-settings=\"{&quot;background_background&quot;:&quot;classic&quot;}\">\n\t\t\t\t\t\t\t<div class=\"elementor-background-overlay\"><\/div>\n\t\t\t\t\t\t\t<div class=\"elementor-container elementor-column-gap-wider\">\n\t\t\t\t\t<div class=\"has_eae_slider elementor-column elementor-col-100 elementor-top-column elementor-element elementor-element-ab7fc9e\" data-eae-slider=\"59611\" data-id=\"ab7fc9e\" data-element_type=\"column\" data-e-type=\"column\">\n\t\t\t<div class=\"elementor-widget-wrap elementor-element-populated\">\n\t\t\t\t\t\t<div class=\"elementor-element elementor-element-349d400 elementor-widget elementor-widget-text-editor\" data-id=\"349d400\" data-element_type=\"widget\" data-e-type=\"widget\" data-widget_type=\"text-editor.default\">\n\t\t\t\t<div class=\"elementor-widget-container\">\n\t\t\t\t\t\t\t\t\t<h2 style=\"text-align: center;\"><span style=\"color: #ffffff;\"><strong>eSafety<\/strong><\/span><\/h2>\t\t\t\t\t\t\t\t<\/div>\n\t\t\t\t<\/div>\n\t\t\t\t\t<\/div>\n\t\t<\/div>\n\t\t\t\t\t<\/div>\n\t\t<\/section>\n\t\t\t\t<section class=\"has_eae_slider elementor-section elementor-top-section elementor-element elementor-element-5f25c570 elementor-section-boxed elementor-section-height-default elementor-section-height-default magic-button-disabled-no\" data-eae-slider=\"55749\" data-id=\"5f25c570\" data-element_type=\"section\" data-e-type=\"section\">\n\t\t\t\t\t\t<div class=\"elementor-container elementor-column-gap-default\">\n\t\t\t\t\t<div class=\"has_eae_slider elementor-column elementor-col-100 elementor-top-column elementor-element elementor-element-ae6399e\" data-eae-slider=\"32974\" data-id=\"ae6399e\" data-element_type=\"column\" data-e-type=\"column\">\n\t\t\t<div class=\"elementor-widget-wrap elementor-element-populated\">\n\t\t\t\t\t\t<div class=\"elementor-element elementor-element-b5bc422 elementor-widget elementor-widget-spacer\" data-id=\"b5bc422\" data-element_type=\"widget\" data-e-type=\"widget\" data-widget_type=\"spacer.default\">\n\t\t\t\t<div class=\"elementor-widget-container\">\n\t\t\t\t\t\t\t<div class=\"elementor-spacer\">\n\t\t\t<div class=\"elementor-spacer-inner\"><\/div>\n\t\t<\/div>\n\t\t\t\t\t\t<\/div>\n\t\t\t\t<\/div>\n\t\t\t\t<div class=\"elementor-element elementor-element-703c8cc0 elementor-widget elementor-widget-text-editor\" data-id=\"703c8cc0\" data-element_type=\"widget\" data-e-type=\"widget\" data-widget_type=\"text-editor.default\">\n\t\t\t\t<div class=\"elementor-widget-container\">\n\t\t\t\t\t\t\t\t\t<h5>If you are running Alpha online, please take all necessary precautions and steps to ensure that both you and your church, as well as those involved in running Alpha, are informed about the safety measures for doing so.<\/h5><h5>It is necessary to be vigilant about those who might abuse young people; they often start with virtual communications and then lure individuals into unsafe face-to-face meetings.<\/h5><h5>With a growing number of Alphas being conducted online through various platforms such as Zoom, Facebook, and Instagram, there is a need to utilize the video call features these platforms offer. We know it is difficult to have control or monitoring on these platforms, which is why we encourage hosts and helpers to work as a team to provide support in these matters.<\/h5><h5>If you are using Zoom or another platform, please keep the following in mind and take precautions and security measures such as protecting your meeting with passwords, using a secure internet connection (e.g., a password-protected private Wi-Fi network), being aware of your surroundings and what can be seen in your video transmission, and <strong>please ensure that the sessions are not being recorded.<\/strong><\/h5><h5>The dangers in this area include cyberbullying and grooming. Both issues are extremely serious and must be handled with the utmost caution and care by hosts and helpers.<\/h5><h4><strong>eSafety: What is it?<\/strong><\/h4><h5>eSafety is used to describe the measures aimed at safeguarding (protecting vulnerable individuals) in their use of mobile phones, computers (laptops, netbooks, tablets), and any electronic devices, including gaming consoles, that allow for communication and access to the internet, emails, text messages, instant messaging, social media, and other platforms.<\/h5><div id=\"content\" class=\"layout-default page-page\"><div id=\"yui_3_17_2_1_1627499520625_76\" class=\"content-wrapper\"><section id=\"page\" role=\"main\" data-content-field=\"main-content\"><div id=\"page-5eaad21580320e177b413f19\" class=\"sqs-layout sqs-grid-12 columns-12\" data-type=\"page\" data-updated-on=\"1588341167834\"><div id=\"yui_3_17_2_1_1627499520625_75\" class=\"row sqs-row\"><div id=\"yui_3_17_2_1_1627499520625_74\" class=\"col sqs-col-12 span-12\"><div id=\"block-yui_3_17_2_1_1588253213141_59534\" class=\"sqs-block html-block sqs-block-html\" data-block-type=\"2\"><div class=\"sqs-block-content\">\u00a0<\/div><\/div><\/div><\/div><\/div><\/section><\/div><\/div>\t\t\t\t\t\t\t\t<\/div>\n\t\t\t\t<\/div>\n\t\t\t\t<div class=\"elementor-element elementor-element-23f8071 elementor-widget elementor-widget-text-editor\" data-id=\"23f8071\" data-element_type=\"widget\" data-e-type=\"widget\" data-widget_type=\"text-editor.default\">\n\t\t\t\t<div class=\"elementor-widget-container\">\n\t\t\t\t\t\t\t\t\t<h4><strong>What should you do?<\/strong><\/h4><h5>-'Think before you post': once information is online, it can be very difficult or impossible to remove.<\/h5><h5>\u2013 When closing your messages, use a friendly tone but avoid being too familiar or personal.<\/h5><h5>\u2013 Keep your video calls, chats, and communications at appropriate times of the day.<\/h5><h5>\u2013 For Alpha hosts: Use a leadership style that meets the needs of the entire group and remember to follow good practices and conduct in your online behavior.<\/h5><h5>\u2013 Promote safety and healthy use of social media. Ensure that your security measures and settings are appropriate and up to date.<\/h5><h5>\u2013 Communicate clearly and not ambiguously; use social media primarily for providing information rather than for conversation (e.g., for group reminders).<\/h5><h5>\u2013 Communicate and behave with respect, whether you are interacting digitally or in person.<\/h5><h5>\u2013 Share only when you feel comfortable doing so. Just as you respect others and do not pressure them to share or do things they do not want to, do not pressure yourself to share or do things you are not comfortable with. If you feel uncomfortable about communication or behavior, whether online or offline, contacting your leader or the person in charge to discuss the situation and take appropriate action will be the best course of action.<\/h5><h4><strong>What should you NOT do?<\/strong><\/h4><h5>\u2013 Promise confidentiality that you cannot guarantee.<\/h5><h5>\u2013 Allow your Alpha to be recorded.<\/h5><h5>\u2013 Encourage exclusivity in communications, such as one-on-one interactions, whether intentionally or unintentionally.<\/h5><h5>\u2013 Video calls alone with a young person or a vulnerable individual.<\/h5><h5>\u2013 Share your contacts' details without their authorization.<\/h5><h5>\u2013 Add people who are not part of your Alpha group\u2014keep social media contacts limited to those within your Alpha group.<\/h5><h5>\u2013 Post photos of people without asking for their permission first.<\/h5><h5>\u2013 Posting photos of minors whose parents have stated that they do not want their children\u2019s images to be used (or if the minors do not agree to the use of the photos).<\/h5><h5>\u2013 Tag people only if you have their permission. It\u2019s their choice, not yours.<\/h5><h5>\u2013 Delve deeply into conversations through online chats or text messages\u2014keep chats to a minimum, just for catching up.<\/h5><h5>\u2013 For Alpha hosts: Following minors on Snapchat or private messaging services or sharing your personal story with them.<\/h5>\t\t\t\t\t\t\t\t<\/div>\n\t\t\t\t<\/div>\n\t\t\t\t<div class=\"elementor-element elementor-element-cd05ed6 elementor-widget elementor-widget-text-editor\" data-id=\"cd05ed6\" data-element_type=\"widget\" data-e-type=\"widget\" data-widget_type=\"text-editor.default\">\n\t\t\t\t<div class=\"elementor-widget-container\">\n\t\t\t\t\t\t\t\t\t<h4><strong>Different situations that should raise your attention may include:<\/strong><\/h4><section id=\"page\" role=\"main\" data-content-field=\"main-content\"><div id=\"page-5eaad21580320e177b413f19\" class=\"sqs-layout sqs-grid-12 columns-12\" data-type=\"page\" data-updated-on=\"1588341167834\"><div id=\"yui_3_17_2_1_1627499520625_75\" class=\"row sqs-row\"><div id=\"yui_3_17_2_1_1627499520625_74\" class=\"col sqs-col-12 span-12\"><div id=\"block-yui_3_17_2_1_1588253213141_59534\" class=\"sqs-block html-block sqs-block-html\" data-block-type=\"2\"><div class=\"sqs-block-content\"><h5>\u2013 If someone says something that suggests they are in danger or at risk (You should take immediate action\u2014see below in \"What to do\").<\/h5><h5>\u2013 The content of messages\/emails suggests any form of abuse (You should report it as soon as possible, within the next 24 hours).<\/h5><h5>\u2013 You are concerned about the person\u2019s mental well-being (again, act quickly).<\/h5><h5>\u2013 The content that person shared online or via text is inappropriate.<\/h5><h5>\u2013 Inappropriate images were shared.<\/h5><h5>\u2013 Someone has become overly dependent on you through frequent and extensive calls or chats.<\/h5><h5>\u2013 A minor is hiding their emails or messages (this may be an indicator of grooming)<\/h5><h5>\u2013 A minor is being contacted by unknown adults or receiving gifts from people they do not know (this could be an indicator of grooming)<\/h5><h4><strong>What to do when this happens?<\/strong><\/h4><h5>\u2013 DO NOT CLOSE THE CONVERSATION: It may result in potential loss of evidence\u2014take screenshots if possible, and save any conversation, for example, by copying and pasting with the date and time if necessary.<\/h5><h5>\u2013 Inform your leader, the Alpha leader, or the relevant authority as soon as possible.<\/h5><h5>\u2013 If you believe a person is in danger or at risk, contact the emergency number for your region. Increasingly, countries have tools and services for digital protection and can act quickly and effectively in any of the situations mentioned above.<\/h5><\/div><\/div><\/div><\/div><\/div><\/section>\t\t\t\t\t\t\t\t<\/div>\n\t\t\t\t<\/div>\n\t\t\t\t<div class=\"elementor-element elementor-element-8ae8c71 elementor-widget elementor-widget-spacer\" data-id=\"8ae8c71\" data-element_type=\"widget\" data-e-type=\"widget\" data-widget_type=\"spacer.default\">\n\t\t\t\t<div class=\"elementor-widget-container\">\n\t\t\t\t\t\t\t<div class=\"elementor-spacer\">\n\t\t\t<div class=\"elementor-spacer-inner\"><\/div>\n\t\t<\/div>\n\t\t\t\t\t\t<\/div>\n\t\t\t\t<\/div>\n\t\t\t\t\t<\/div>\n\t\t<\/div>\n\t\t\t\t\t<\/div>\n\t\t<\/section>\n\t\t\t\t<\/div>","protected":false},"excerpt":{"rendered":"<p>Medidas de precauci\u00f3n y seguridad online (eSafety) Si est\u00e1s haciendo Alpha de manera online, por favor toma todas las medidas y pasos necesarios para asegurar que tanto tu, como tu&hellip;<\/p>","protected":false},"author":1,"featured_media":0,"parent":0,"menu_order":0,"comment_status":"closed","ping_status":"closed","template":"","meta":{"_monsterinsights_skip_tracking":false,"_monsterinsights_sitenote_active":false,"_monsterinsights_sitenote_note":"","_monsterinsights_sitenote_category":0,"footnotes":""},"class_list":["post-1263","page","type-page","status-publish","hentry"],"yoast_head":"<!-- This site is optimized with the Yoast SEO plugin v27.3 - https:\/\/yoast.com\/product\/yoast-seo-wordpress\/ -->\n<title>Seguridad - Alpha LATAM<\/title>\n<meta name=\"robots\" content=\"index, follow, max-snippet:-1, max-image-preview:large, max-video-preview:-1\" \/>\n<link rel=\"canonical\" href=\"https:\/\/pruebaalpha.org\/en\/seguridad\/\" \/>\n<meta name=\"twitter:card\" content=\"summary_large_image\" \/>\n<meta name=\"twitter:title\" content=\"Seguridad - Alpha LATAM\" \/>\n<meta name=\"twitter:description\" content=\"Medidas de precauci\u00f3n y seguridad online (eSafety) Si est\u00e1s haciendo Alpha de manera online, por favor toma todas las medidas y pasos necesarios para asegurar que tanto tu, como tu&hellip;\" \/>\n<meta name=\"twitter:site\" content=\"@AlphaLatam\" \/>\n<meta name=\"twitter:label1\" content=\"Est. reading time\" \/>\n\t<meta name=\"twitter:data1\" content=\"5 minutes\" \/>\n<script type=\"application\/ld+json\" class=\"yoast-schema-graph\">{\"@context\":\"https:\\\/\\\/schema.org\",\"@graph\":[{\"@type\":\"WebPage\",\"@id\":\"https:\\\/\\\/pruebaalpha.org\\\/seguridad\\\/\",\"url\":\"https:\\\/\\\/pruebaalpha.org\\\/seguridad\\\/\",\"name\":\"Seguridad - Alpha LATAM\",\"isPartOf\":{\"@id\":\"https:\\\/\\\/pruebaalpha.org\\\/#website\"},\"datePublished\":\"2021-07-28T19:18:53+00:00\",\"dateModified\":\"2024-08-08T18:25:10+00:00\",\"breadcrumb\":{\"@id\":\"https:\\\/\\\/pruebaalpha.org\\\/seguridad\\\/#breadcrumb\"},\"inLanguage\":\"en-US\",\"potentialAction\":[{\"@type\":\"ReadAction\",\"target\":[\"https:\\\/\\\/pruebaalpha.org\\\/seguridad\\\/\"]}]},{\"@type\":\"BreadcrumbList\",\"@id\":\"https:\\\/\\\/pruebaalpha.org\\\/seguridad\\\/#breadcrumb\",\"itemListElement\":[{\"@type\":\"ListItem\",\"position\":1,\"name\":\"Home\",\"item\":\"https:\\\/\\\/pruebaalpha.org\\\/\"},{\"@type\":\"ListItem\",\"position\":2,\"name\":\"Seguridad\"}]},{\"@type\":\"WebSite\",\"@id\":\"https:\\\/\\\/pruebaalpha.org\\\/#website\",\"url\":\"https:\\\/\\\/pruebaalpha.org\\\/\",\"name\":\"Alpha LATAM\",\"description\":\"Alpha es una serie de sesiones interactivas donde puedes explorar libremente lo b\u00e1sico de la fe cristiana. No hay presi\u00f3n, obligaci\u00f3n ni costo.\",\"publisher\":{\"@id\":\"https:\\\/\\\/pruebaalpha.org\\\/#organization\"},\"potentialAction\":[{\"@type\":\"SearchAction\",\"target\":{\"@type\":\"EntryPoint\",\"urlTemplate\":\"https:\\\/\\\/pruebaalpha.org\\\/?s={search_term_string}\"},\"query-input\":{\"@type\":\"PropertyValueSpecification\",\"valueRequired\":true,\"valueName\":\"search_term_string\"}}],\"inLanguage\":\"en-US\"},{\"@type\":\"Organization\",\"@id\":\"https:\\\/\\\/pruebaalpha.org\\\/#organization\",\"name\":\"Alpha LATAM\",\"url\":\"https:\\\/\\\/pruebaalpha.org\\\/\",\"logo\":{\"@type\":\"ImageObject\",\"inLanguage\":\"en-US\",\"@id\":\"https:\\\/\\\/pruebaalpha.org\\\/#\\\/schema\\\/logo\\\/image\\\/\",\"url\":\"https:\\\/\\\/pruebaalpha.org\\\/wp-content\\\/uploads\\\/2021\\\/08\\\/Alpha-Logo_Red.png\",\"contentUrl\":\"https:\\\/\\\/pruebaalpha.org\\\/wp-content\\\/uploads\\\/2021\\\/08\\\/Alpha-Logo_Red.png\",\"width\":2426,\"height\":2190,\"caption\":\"Alpha LATAM\"},\"image\":{\"@id\":\"https:\\\/\\\/pruebaalpha.org\\\/#\\\/schema\\\/logo\\\/image\\\/\"},\"sameAs\":[\"https:\\\/\\\/www.facebook.com\\\/alphaenespanol\",\"https:\\\/\\\/x.com\\\/AlphaLatam\",\"https:\\\/\\\/www.instagram.com\\\/alphaenespanol\",\"https:\\\/\\\/www.youtube.com\\\/@AlphaenEspanol\"]}]}<\/script>\n<!-- \/ Yoast SEO plugin. -->","yoast_head_json":{"title":"Seguridad - Alpha LATAM","robots":{"index":"index","follow":"follow","max-snippet":"max-snippet:-1","max-image-preview":"max-image-preview:large","max-video-preview":"max-video-preview:-1"},"canonical":"https:\/\/pruebaalpha.org\/en\/seguridad\/","twitter_card":"summary_large_image","twitter_title":"Seguridad - Alpha LATAM","twitter_description":"Medidas de precauci\u00f3n y seguridad online (eSafety) Si est\u00e1s haciendo Alpha de manera online, por favor toma todas las medidas y pasos necesarios para asegurar que tanto tu, como tu&hellip;","twitter_site":"@AlphaLatam","twitter_misc":{"Est. reading time":"5 minutes"},"schema":{"@context":"https:\/\/schema.org","@graph":[{"@type":"WebPage","@id":"https:\/\/pruebaalpha.org\/seguridad\/","url":"https:\/\/pruebaalpha.org\/seguridad\/","name":"Seguridad - Alpha LATAM","isPartOf":{"@id":"https:\/\/pruebaalpha.org\/#website"},"datePublished":"2021-07-28T19:18:53+00:00","dateModified":"2024-08-08T18:25:10+00:00","breadcrumb":{"@id":"https:\/\/pruebaalpha.org\/seguridad\/#breadcrumb"},"inLanguage":"en-US","potentialAction":[{"@type":"ReadAction","target":["https:\/\/pruebaalpha.org\/seguridad\/"]}]},{"@type":"BreadcrumbList","@id":"https:\/\/pruebaalpha.org\/seguridad\/#breadcrumb","itemListElement":[{"@type":"ListItem","position":1,"name":"Home","item":"https:\/\/pruebaalpha.org\/"},{"@type":"ListItem","position":2,"name":"Seguridad"}]},{"@type":"WebSite","@id":"https:\/\/pruebaalpha.org\/#website","url":"https:\/\/pruebaalpha.org\/","name":"Alpha LATAM","description":"Alpha es una serie de sesiones interactivas donde puedes explorar libremente lo b\u00e1sico de la fe cristiana. No hay presi\u00f3n, obligaci\u00f3n ni costo.","publisher":{"@id":"https:\/\/pruebaalpha.org\/#organization"},"potentialAction":[{"@type":"SearchAction","target":{"@type":"EntryPoint","urlTemplate":"https:\/\/pruebaalpha.org\/?s={search_term_string}"},"query-input":{"@type":"PropertyValueSpecification","valueRequired":true,"valueName":"search_term_string"}}],"inLanguage":"en-US"},{"@type":"Organization","@id":"https:\/\/pruebaalpha.org\/#organization","name":"Alpha LATAM","url":"https:\/\/pruebaalpha.org\/","logo":{"@type":"ImageObject","inLanguage":"en-US","@id":"https:\/\/pruebaalpha.org\/#\/schema\/logo\/image\/","url":"https:\/\/pruebaalpha.org\/wp-content\/uploads\/2021\/08\/Alpha-Logo_Red.png","contentUrl":"https:\/\/pruebaalpha.org\/wp-content\/uploads\/2021\/08\/Alpha-Logo_Red.png","width":2426,"height":2190,"caption":"Alpha LATAM"},"image":{"@id":"https:\/\/pruebaalpha.org\/#\/schema\/logo\/image\/"},"sameAs":["https:\/\/www.facebook.com\/alphaenespanol","https:\/\/x.com\/AlphaLatam","https:\/\/www.instagram.com\/alphaenespanol","https:\/\/www.youtube.com\/@AlphaenEspanol"]}]}},"_links":{"self":[{"href":"https:\/\/pruebaalpha.org\/en\/wp-json\/wp\/v2\/pages\/1263","targetHints":{"allow":["GET"]}}],"collection":[{"href":"https:\/\/pruebaalpha.org\/en\/wp-json\/wp\/v2\/pages"}],"about":[{"href":"https:\/\/pruebaalpha.org\/en\/wp-json\/wp\/v2\/types\/page"}],"author":[{"embeddable":true,"href":"https:\/\/pruebaalpha.org\/en\/wp-json\/wp\/v2\/users\/1"}],"replies":[{"embeddable":true,"href":"https:\/\/pruebaalpha.org\/en\/wp-json\/wp\/v2\/comments?post=1263"}],"version-history":[{"count":3,"href":"https:\/\/pruebaalpha.org\/en\/wp-json\/wp\/v2\/pages\/1263\/revisions"}],"predecessor-version":[{"id":31786,"href":"https:\/\/pruebaalpha.org\/en\/wp-json\/wp\/v2\/pages\/1263\/revisions\/31786"}],"wp:attachment":[{"href":"https:\/\/pruebaalpha.org\/en\/wp-json\/wp\/v2\/media?parent=1263"}],"curies":[{"name":"wp","href":"https:\/\/api.w.org\/{rel}","templated":true}]}}